{"id":50,"date":"2017-06-22T12:05:41","date_gmt":"2017-06-22T10:05:41","guid":{"rendered":"http:\/\/stockholm22.select-themes.com\/wishlist\/"},"modified":"2020-02-13T16:09:39","modified_gmt":"2020-02-13T15:09:39","slug":"lista-zyczen","status":"publish","type":"page","link":"https:\/\/makazek.com\/en\/lista-zyczen\/","title":{"rendered":"Lista \u017cycze\u0144"},"content":{"rendered":"<div class=\"wpb-content-wrapper\"><div     class=\"vc_row wpb_row section vc_row-fluid\" style=' text-align:left;'><div class=\"full_section_inner clearfix\"><div class=\"wpb_column vc_column_container vc_col-sm-12\"><div class=\"vc_column-inner\"><div class=\"wpb_wrapper\">\n\t<div class=\"wpb_text_column wpb_content_element\">\n\t\t<div class=\"wpb_wrapper\">\n\t\t\t<h1 style=\"text-align: center;\">Lista \u017cycze\u0144<\/h1>\n\n\t\t<\/div>\n\t<\/div>\n\t<div class=\"wpb_text_column wpb_content_element\">\n\t\t<div class=\"wpb_wrapper\">\n\t\t\t\n\n\n\n<form\n\tid=\"yith-wcwl-form\"\n\taction=\"https:\/\/makazek.com\/en\/lista-zyczen\/\"\n\tmethod=\"post\"\n\tclass=\"woocommerce yith-wcwl-form wishlist-fragment\"\n\tdata-fragment-options=\"{&quot;per_page&quot;:5,&quot;current_page&quot;:1,&quot;pagination&quot;:&quot;no&quot;,&quot;wishlist_id&quot;:false,&quot;action_params&quot;:false,&quot;no_interactions&quot;:false,&quot;layout&quot;:&quot;&quot;,&quot;wishlist&quot;:false,&quot;is_default&quot;:true,&quot;is_custom_list&quot;:false,&quot;wishlist_token&quot;:&quot;&quot;,&quot;is_private&quot;:false,&quot;count&quot;:0,&quot;page_title&quot;:&quot;Moja lista \\u017cycze\\u0144: Moja pierwsza strona&quot;,&quot;default_wishlsit_title&quot;:&quot;Moja lista \\u017cycze\\u0144: Moja pierwsza strona&quot;,&quot;page_links&quot;:false,&quot;is_user_logged_in&quot;:false,&quot;is_user_owner&quot;:true,&quot;can_user_edit_title&quot;:false,&quot;show_price&quot;:true,&quot;show_dateadded&quot;:true,&quot;show_stock_status&quot;:true,&quot;show_add_to_cart&quot;:true,&quot;show_remove_product&quot;:true,&quot;add_to_cart_text&quot;:&quot;Do koszyka&quot;,&quot;show_ask_estimate_button&quot;:false,&quot;ask_estimate_url&quot;:&quot;&quot;,&quot;price_excl_tax&quot;:true,&quot;show_cb&quot;:false,&quot;show_quantity&quot;:false,&quot;show_variation&quot;:true,&quot;show_price_variations&quot;:false,&quot;show_update&quot;:false,&quot;enable_drag_n_drop&quot;:false,&quot;enable_add_all_to_cart&quot;:false,&quot;move_to_another_wishlist&quot;:false,&quot;repeat_remove_button&quot;:true,&quot;show_last_column&quot;:true,&quot;heading_icon&quot;:&quot;&lt;i class=\\&quot;fa heart-outline\\&quot;&gt;&lt;\\\/i&gt;&quot;,&quot;share_enabled&quot;:false,&quot;template_part&quot;:&quot;view&quot;,&quot;additional_info&quot;:false,&quot;available_multi_wishlist&quot;:false,&quot;form_action&quot;:&quot;https:\\\/\\\/makazek.com\\\/en\\\/lista-zyczen\\\/&quot;,&quot;item&quot;:&quot;wishlist&quot;}\" data-trp-original-action=\"https:\/\/makazek.com\/en\/lista-zyczen\/\"\n>\n\n\t<!-- TITLE -->\n\t\t\t<div class=\"wishlist-title-container\">\n\t\t\t<div class=\"wishlist-title\">\n\t\t\t\t<h2>Moja lista \u017cycze\u0144: Moja pierwsza strona<\/h2>\t\t\t\t\t\t\t<\/div>\n\t\t\t\t\t<\/div>\n\t\n\n<!-- WISHLIST TABLE -->\n<table\n\tclass=\"shop_table cart wishlist_table wishlist_view traditional responsive\"\n\tdata-pagination=\"no\" data-per-page=\"5\" data-page=\"1\"\n\tdata-id=\"\" data-token=\"\">\n\n\t\n\t<thead>\n\t<tr>\n\t\t\n\t\t\t\t\t\t\t\t<th class=\"product-remove\">\n\t\t\t\t<span class=\"nobr\">\n\t\t\t\t\t\t\t\t\t<\/span>\n\t\t\t<\/th>\n\t\t\n\t\t<th class=\"product-thumbnail\"><\/th>\n\n\t\t<th class=\"product-name\">\n\t\t\t<span class=\"nobr\">\n\t\t\t\tProduct name\t\t\t<\/span>\n\t\t<\/th>\n\n\t\t\t\t\t\t\t\t<th class=\"product-price\">\n\t\t\t\t<span class=\"nobr\">\n\t\t\t\t\tUnit price\t\t\t\t<\/span>\n\t\t\t<\/th>\n\t\t\n\t\t\n\t\t\t\t\t\t\t\t<th class=\"product-stock-status\">\n\t\t\t\t<span class=\"nobr\">\n\t\t\t\t\tStock status\t\t\t\t<\/span>\n\t\t\t<\/th>\n\t\t\n\t\t\t\t\t\t\t\t<th class=\"product-add-to-cart\">\n\t\t\t\t<span class=\"nobr\">\n\t\t\t\t\t\t\t\t\t<\/span>\n\t\t\t<\/th>\n\t\t\n\t\t\t<\/tr>\n\t<\/thead>\n\n\t<tbody class=\"wishlist-items-wrapper\">\n\t\t\t<tr>\n\t\t\t\t\t\t<td colspan=\"6\" class=\"wishlist-empty\">No products added to the wishlist<\/td>\n\t\t<\/tr>\n\t\t\t<\/tbody>\n\n<\/table>\n\n<div class=\"yith_wcwl_wishlist_footer\">\n\t\n\n\t\n\n\t\n\t<\/div>\n\n<input type=\"hidden\" id=\"yith_wcwl_edit_wishlist\" name=\"yith_wcwl_edit_wishlist\" value=\"dfe94bf9a2\" \/><input type=\"hidden\" name=\"_wp_http_referer\" value=\"\/en\/wp-json\/wp\/v2\/pages\/50\" \/><input type=\"hidden\" value=\"\" name=\"wishlist_id\" id=\"wishlist_id\">\n\n\n<input type=\"hidden\" name=\"trp-form-language\" value=\"en\"\/><\/form>\n\n\n\n\n\n\t\t<\/div>\n\t<\/div><\/div><\/div><\/div><\/div><\/div>\n<\/div>","protected":false},"excerpt":{"rendered":"Lista \u017cycze\u0144 Moja lista \u017cycze\u0144: Moja pierwsza strona Product name Unit price Stock status No products added to the wishlist","protected":false},"author":4,"featured_media":0,"parent":0,"menu_order":0,"comment_status":"closed","ping_status":"closed","template":"","meta":{"footnotes":""},"class_list":["post-50","page","type-page","status-publish","hentry"],"yoast_head":"<!-- This site is optimized with the Yoast SEO plugin v27.4 - https:\/\/yoast.com\/product\/yoast-seo-wordpress\/ -->\n<title>Lista \u017cycze\u0144 - Makazek<\/title>\n<meta name=\"robots\" content=\"index, follow, max-snippet:-1, max-image-preview:large, max-video-preview:-1\" \/>\n<link rel=\"canonical\" href=\"https:\/\/makazek.com\/en\/lista-zyczen\/\" \/>\n<meta property=\"og:locale\" content=\"en_GB\" \/>\n<meta property=\"og:type\" content=\"article\" \/>\n<meta property=\"og:title\" content=\"Lista \u017cycze\u0144 - Makazek\" \/>\n<meta property=\"og:url\" content=\"https:\/\/makazek.com\/en\/lista-zyczen\/\" \/>\n<meta property=\"og:site_name\" content=\"Makazek\" \/>\n<meta property=\"article:modified_time\" content=\"2020-02-13T15:09:39+00:00\" \/>\n<meta name=\"twitter:card\" content=\"summary_large_image\" \/>\n<script type=\"application\/ld+json\" class=\"yoast-schema-graph\">{\"@context\":\"https:\\\/\\\/schema.org\",\"@graph\":[{\"@type\":\"WebPage\",\"@id\":\"https:\\\/\\\/makazek.com\\\/lista-zyczen\\\/\",\"url\":\"https:\\\/\\\/makazek.com\\\/lista-zyczen\\\/\",\"name\":\"Lista \u017cycze\u0144 - Makazek\",\"isPartOf\":{\"@id\":\"https:\\\/\\\/makazek.com\\\/#website\"},\"datePublished\":\"2017-06-22T10:05:41+00:00\",\"dateModified\":\"2020-02-13T15:09:39+00:00\",\"breadcrumb\":{\"@id\":\"https:\\\/\\\/makazek.com\\\/lista-zyczen\\\/#breadcrumb\"},\"inLanguage\":\"en-GB\",\"potentialAction\":[{\"@type\":\"ReadAction\",\"target\":[\"https:\\\/\\\/makazek.com\\\/lista-zyczen\\\/\"]}]},{\"@type\":\"BreadcrumbList\",\"@id\":\"https:\\\/\\\/makazek.com\\\/lista-zyczen\\\/#breadcrumb\",\"itemListElement\":[{\"@type\":\"ListItem\",\"position\":1,\"name\":\"Strona g\u0142\u00f3wna\",\"item\":\"https:\\\/\\\/makazek.com\\\/\"},{\"@type\":\"ListItem\",\"position\":2,\"name\":\"Lista \u017cycze\u0144\"}]},{\"@type\":\"WebSite\",\"@id\":\"https:\\\/\\\/makazek.com\\\/#website\",\"url\":\"https:\\\/\\\/makazek.com\\\/\",\"name\":\"Makazek\",\"description\":\"Naturalne \u015awiece Zapachowe\",\"potentialAction\":[{\"@type\":\"SearchAction\",\"target\":{\"@type\":\"EntryPoint\",\"urlTemplate\":\"https:\\\/\\\/makazek.com\\\/?s={search_term_string}\"},\"query-input\":{\"@type\":\"PropertyValueSpecification\",\"valueRequired\":true,\"valueName\":\"search_term_string\"}}],\"inLanguage\":\"en-GB\"}]}<\/script>\n<!-- \/ Yoast SEO plugin. -->","yoast_head_json":{"title":"Lista \u017cycze\u0144 - Makazek","robots":{"index":"index","follow":"follow","max-snippet":"max-snippet:-1","max-image-preview":"max-image-preview:large","max-video-preview":"max-video-preview:-1"},"canonical":"https:\/\/makazek.com\/en\/lista-zyczen\/","og_locale":"en_GB","og_type":"article","og_title":"Lista \u017cycze\u0144 - Makazek","og_url":"https:\/\/makazek.com\/en\/lista-zyczen\/","og_site_name":"Makazek","article_modified_time":"2020-02-13T15:09:39+00:00","twitter_card":"summary_large_image","schema":{"@context":"https:\/\/schema.org","@graph":[{"@type":"WebPage","@id":"https:\/\/makazek.com\/lista-zyczen\/","url":"https:\/\/makazek.com\/lista-zyczen\/","name":"Lista \u017cycze\u0144 - Makazek","isPartOf":{"@id":"https:\/\/makazek.com\/#website"},"datePublished":"2017-06-22T10:05:41+00:00","dateModified":"2020-02-13T15:09:39+00:00","breadcrumb":{"@id":"https:\/\/makazek.com\/lista-zyczen\/#breadcrumb"},"inLanguage":"en-GB","potentialAction":[{"@type":"ReadAction","target":["https:\/\/makazek.com\/lista-zyczen\/"]}]},{"@type":"BreadcrumbList","@id":"https:\/\/makazek.com\/lista-zyczen\/#breadcrumb","itemListElement":[{"@type":"ListItem","position":1,"name":"Strona g\u0142\u00f3wna","item":"https:\/\/makazek.com\/"},{"@type":"ListItem","position":2,"name":"Lista \u017cycze\u0144"}]},{"@type":"WebSite","@id":"https:\/\/makazek.com\/#website","url":"https:\/\/makazek.com\/","name":"Makazek","description":"Naturalne \u015awiece Zapachowe","potentialAction":[{"@type":"SearchAction","target":{"@type":"EntryPoint","urlTemplate":"https:\/\/makazek.com\/?s={search_term_string}"},"query-input":{"@type":"PropertyValueSpecification","valueRequired":true,"valueName":"search_term_string"}}],"inLanguage":"en-GB"}]}},"_links":{"self":[{"href":"https:\/\/makazek.com\/en\/wp-json\/wp\/v2\/pages\/50","targetHints":{"allow":["GET"]}}],"collection":[{"href":"https:\/\/makazek.com\/en\/wp-json\/wp\/v2\/pages"}],"about":[{"href":"https:\/\/makazek.com\/en\/wp-json\/wp\/v2\/types\/page"}],"author":[{"embeddable":true,"href":"https:\/\/makazek.com\/en\/wp-json\/wp\/v2\/users\/4"}],"replies":[{"embeddable":true,"href":"https:\/\/makazek.com\/en\/wp-json\/wp\/v2\/comments?post=50"}],"version-history":[{"count":0,"href":"https:\/\/makazek.com\/en\/wp-json\/wp\/v2\/pages\/50\/revisions"}],"wp:attachment":[{"href":"https:\/\/makazek.com\/en\/wp-json\/wp\/v2\/media?parent=50"}],"curies":[{"name":"wp","href":"https:\/\/api.w.org\/{rel}","templated":true}]}}