{"id":9046,"date":"2024-10-31T14:31:04","date_gmt":"2024-10-31T13:31:04","guid":{"rendered":"https:\/\/makazek.com\/?page_id=9046"},"modified":"2025-02-04T16:14:41","modified_gmt":"2025-02-04T15:14:41","slug":"dostawa-i-platnosci","status":"publish","type":"page","link":"https:\/\/makazek.com\/en\/dostawa-i-platnosci\/","title":{"rendered":"Delivery and Payment"},"content":{"rendered":"<h2 class=\"wp-block-heading\">Delivery cost<\/h2>\n\n\n\n<p>You will know your total delivery cost upon adding the products to the cart and choosing the preferred delivery and payment methods \u2013 the sum will be visible in the order summary. Below, you can find the list of standard delivery costs as well as estimated delivery time.<\/p>\n\n\n\n<figure class=\"wp-block-table aligncenter\"><table><thead><tr><th class=\"has-text-align-center\" data-align=\"center\">Delivery method<\/th><th class=\"has-text-align-center\" data-align=\"center\">Prepayment<br>\n(bank transfer or online payment)<\/th><th class=\"has-text-align-center\" data-align=\"center\">Delivery time<\/th><\/tr><\/thead><tbody><tr><td class=\"has-text-align-center\" data-align=\"center\"><img loading=\"lazy\" decoding=\"async\" width=\"100\" height=\"67\" class=\"wp-image-9049\" style=\"width: 100px;\" src=\"https:\/\/makazek.com\/wp-content\/uploads\/2024\/10\/inpost_logo-e1730206704320.png\" alt=\"\"><br><strong>InPost Kurier (Courier)<br> <\/strong><\/td><td class=\"has-text-align-center\" data-align=\"center\">20 PLN<\/td><td class=\"has-text-align-center\" data-align=\"center\">1\u20132 working days<\/td><\/tr><tr><td class=\"has-text-align-center\" data-align=\"center\"><img loading=\"lazy\" decoding=\"async\" width=\"100\" height=\"67\" class=\"wp-image-9049\" style=\"width: 100px;\" src=\"https:\/\/makazek.com\/wp-content\/uploads\/2024\/10\/inpost_logo-e1730206704320.png\" alt=\"\"><br><strong>InPost Paczkomaty 24\/7 (Delivery box)<br> <\/strong><\/td><td class=\"has-text-align-center\" data-align=\"center\">15 PLN<\/td><td class=\"has-text-align-center\" data-align=\"center\">1\u20132 working days<\/td><\/tr><tr><td class=\"has-text-align-center\" data-align=\"center\"><img loading=\"lazy\" decoding=\"async\" width=\"100\" height=\"67\" class=\"wp-image-9378\" style=\"width: 100px;\" src=\"https:\/\/makazek.com\/wp-content\/uploads\/2025\/02\/DHL.jpg\" alt=\"\" srcset=\"https:\/\/makazek.com\/wp-content\/uploads\/2025\/02\/DHL.jpg 100w, https:\/\/makazek.com\/wp-content\/uploads\/2025\/02\/DHL-18x12.jpg 18w\" sizes=\"auto, (max-width: 100px) 100vw, 100px\" \/><br><strong>DHL Courier EU + UK<\/strong><br><\/td><td class=\"has-text-align-center\" data-align=\"center\">80-120 PLN<\/td><td class=\"has-text-align-center\" data-align=\"center\">Depending on location<\/td><\/tr><\/tbody><\/table><\/figure>\n\n\n\n<p><strong>Uwaga: <\/strong>Please note that the delivery may take longer in case of non-standard product dimensions and\/or larger weight or in case of international shipments.<\/p>\n\n\n\n<h2 class=\"wp-block-heading\">Payment methods<\/h2>\n\n\n\n<p>Depending on the order value, chosen delivery method, and personal preferences, you can choose one of the following payment methods in our shop:<\/p>\n\n\n\n<ul class=\"wp-block-list\">\n<li><strong>Bank transfer<\/strong> \u2013 the payment must be made to the following account number:\nMakazek<br>Makazek<br>97 1160 2202 0000 0004 7806 0745<br>Please use the order number in the transfer name. We will begin preparing the order as soon as we receive the payment.<\/li>\n\n\n\n<li><img loading=\"lazy\" decoding=\"async\" width=\"100\" height=\"35\" class=\"wp-image-9053\" style=\"width: 100px;\" src=\"https:\/\/makazek.com\/wp-content\/uploads\/2024\/10\/Przelewy24.png\" alt=\"\"> <strong>Online Payments Przelewy24<\/strong>\u2013 the easiest and the safest method for online payment. In our shop, we use Przelewy20 payment system where you\u2019ll be directed to make the payment. The process is quick and safe \u2013 you just need to choose your bank and make a payment. The list of currently supported banks will be shown upon choosing this payment method for your order.<\/li>\n\n\n\n<li><img loading=\"lazy\" decoding=\"async\" width=\"100\" height=\"28\" class=\"wp-image-9052\" style=\"width: 100px;\" src=\"https:\/\/makazek.com\/wp-content\/uploads\/2024\/10\/paypal.png\" alt=\"\"> <strong>Online Payments PayPal \u2013 <\/strong>PayPal is a free, easy-to-use, and safe system for international online payments made with your payment card.<\/li>\n<\/ul>","protected":false},"excerpt":{"rendered":"<p>Koszt dostawy Ca\u0142kowity koszt dostawy zam\u00f3wienia poznasz po dodaniu produkt\u00f3w do koszyka i wybraniu interesuj\u0105cej Ciebie formy dostawy i metody p\u0142atno\u015bci &#8211; w podsumowaniu zobaczysz dok\u0142adn\u0105 warto\u015b\u0107 do zap\u0142aty.&nbsp;Poni\u017cej znajdziesz list\u0119 standardowych koszt\u00f3w dostawy, wraz z szacunkowym czasem dostarczenia zam\u00f3wienia: Spos\u00f3b dostawy Przedp\u0142ata (przelew lub&nbsp;p\u0142atno\u015b\u0107&#8230;<\/p>","protected":false},"author":2,"featured_media":0,"parent":0,"menu_order":0,"comment_status":"closed","ping_status":"closed","template":"","meta":{"footnotes":""},"class_list":["post-9046","page","type-page","status-publish","hentry"],"yoast_head":"<!-- This site is optimized with the Yoast SEO plugin v27.4 - https:\/\/yoast.com\/product\/yoast-seo-wordpress\/ -->\n<title>Dostawa i p\u0142atno\u015bci - Makazek<\/title>\n<meta name=\"robots\" content=\"index, follow, max-snippet:-1, max-image-preview:large, max-video-preview:-1\" \/>\n<link rel=\"canonical\" href=\"https:\/\/makazek.com\/en\/dostawa-i-platnosci\/\" \/>\n<meta property=\"og:locale\" content=\"en_GB\" \/>\n<meta property=\"og:type\" content=\"article\" \/>\n<meta property=\"og:title\" content=\"Dostawa i p\u0142atno\u015bci - Makazek\" \/>\n<meta property=\"og:description\" content=\"Koszt dostawy Ca\u0142kowity koszt dostawy zam\u00f3wienia poznasz po dodaniu produkt\u00f3w do koszyka i wybraniu interesuj\u0105cej Ciebie formy dostawy i metody p\u0142atno\u015bci &#8211; w podsumowaniu zobaczysz dok\u0142adn\u0105 warto\u015b\u0107 do zap\u0142aty.&nbsp;Poni\u017cej znajdziesz list\u0119 standardowych koszt\u00f3w dostawy, wraz z szacunkowym czasem dostarczenia zam\u00f3wienia: Spos\u00f3b dostawy Przedp\u0142ata (przelew lub&nbsp;p\u0142atno\u015b\u0107...\" \/>\n<meta property=\"og:url\" content=\"https:\/\/makazek.com\/en\/dostawa-i-platnosci\/\" \/>\n<meta property=\"og:site_name\" content=\"Makazek\" \/>\n<meta property=\"article:modified_time\" content=\"2025-02-04T15:14:41+00:00\" \/>\n<meta property=\"og:image\" content=\"https:\/\/makazek.com\/wp-content\/uploads\/2024\/10\/inpost_logo-e1730206704320.png\" \/>\n\t<meta property=\"og:image:width\" content=\"100\" \/>\n\t<meta property=\"og:image:height\" content=\"67\" \/>\n\t<meta property=\"og:image:type\" content=\"image\/png\" \/>\n<meta name=\"twitter:card\" content=\"summary_large_image\" \/>\n<meta name=\"twitter:label1\" content=\"Estimated reading time\" \/>\n\t<meta name=\"twitter:data1\" content=\"3 minutes\" \/>\n<script type=\"application\/ld+json\" class=\"yoast-schema-graph\">{\"@context\":\"https:\\\/\\\/schema.org\",\"@graph\":[{\"@type\":\"WebPage\",\"@id\":\"https:\\\/\\\/makazek.com\\\/dostawa-i-platnosci\\\/\",\"url\":\"https:\\\/\\\/makazek.com\\\/dostawa-i-platnosci\\\/\",\"name\":\"Dostawa i p\u0142atno\u015bci - Makazek\",\"isPartOf\":{\"@id\":\"https:\\\/\\\/makazek.com\\\/#website\"},\"primaryImageOfPage\":{\"@id\":\"https:\\\/\\\/makazek.com\\\/dostawa-i-platnosci\\\/#primaryimage\"},\"image\":{\"@id\":\"https:\\\/\\\/makazek.com\\\/dostawa-i-platnosci\\\/#primaryimage\"},\"thumbnailUrl\":\"https:\\\/\\\/makazek.com\\\/wp-content\\\/uploads\\\/2024\\\/10\\\/inpost_logo-e1730206704320.png\",\"datePublished\":\"2024-10-31T13:31:04+00:00\",\"dateModified\":\"2025-02-04T15:14:41+00:00\",\"breadcrumb\":{\"@id\":\"https:\\\/\\\/makazek.com\\\/dostawa-i-platnosci\\\/#breadcrumb\"},\"inLanguage\":\"en-GB\",\"potentialAction\":[{\"@type\":\"ReadAction\",\"target\":[\"https:\\\/\\\/makazek.com\\\/dostawa-i-platnosci\\\/\"]}]},{\"@type\":\"ImageObject\",\"inLanguage\":\"en-GB\",\"@id\":\"https:\\\/\\\/makazek.com\\\/dostawa-i-platnosci\\\/#primaryimage\",\"url\":\"https:\\\/\\\/makazek.com\\\/wp-content\\\/uploads\\\/2024\\\/10\\\/inpost_logo-e1730206704320.png\",\"contentUrl\":\"https:\\\/\\\/makazek.com\\\/wp-content\\\/uploads\\\/2024\\\/10\\\/inpost_logo-e1730206704320.png\"},{\"@type\":\"BreadcrumbList\",\"@id\":\"https:\\\/\\\/makazek.com\\\/dostawa-i-platnosci\\\/#breadcrumb\",\"itemListElement\":[{\"@type\":\"ListItem\",\"position\":1,\"name\":\"Strona g\u0142\u00f3wna\",\"item\":\"https:\\\/\\\/makazek.com\\\/\"},{\"@type\":\"ListItem\",\"position\":2,\"name\":\"Dostawa i p\u0142atno\u015bci\"}]},{\"@type\":\"WebSite\",\"@id\":\"https:\\\/\\\/makazek.com\\\/#website\",\"url\":\"https:\\\/\\\/makazek.com\\\/\",\"name\":\"Makazek\",\"description\":\"Naturalne \u015awiece Zapachowe\",\"potentialAction\":[{\"@type\":\"SearchAction\",\"target\":{\"@type\":\"EntryPoint\",\"urlTemplate\":\"https:\\\/\\\/makazek.com\\\/?s={search_term_string}\"},\"query-input\":{\"@type\":\"PropertyValueSpecification\",\"valueRequired\":true,\"valueName\":\"search_term_string\"}}],\"inLanguage\":\"en-GB\"}]}<\/script>\n<!-- \/ Yoast SEO plugin. -->","yoast_head_json":{"title":"Dostawa i p\u0142atno\u015bci - Makazek","robots":{"index":"index","follow":"follow","max-snippet":"max-snippet:-1","max-image-preview":"max-image-preview:large","max-video-preview":"max-video-preview:-1"},"canonical":"https:\/\/makazek.com\/en\/dostawa-i-platnosci\/","og_locale":"en_GB","og_type":"article","og_title":"Dostawa i p\u0142atno\u015bci - Makazek","og_description":"Koszt dostawy Ca\u0142kowity koszt dostawy zam\u00f3wienia poznasz po dodaniu produkt\u00f3w do koszyka i wybraniu interesuj\u0105cej Ciebie formy dostawy i metody p\u0142atno\u015bci &#8211; w podsumowaniu zobaczysz dok\u0142adn\u0105 warto\u015b\u0107 do zap\u0142aty.&nbsp;Poni\u017cej znajdziesz list\u0119 standardowych koszt\u00f3w dostawy, wraz z szacunkowym czasem dostarczenia zam\u00f3wienia: Spos\u00f3b dostawy Przedp\u0142ata (przelew lub&nbsp;p\u0142atno\u015b\u0107...","og_url":"https:\/\/makazek.com\/en\/dostawa-i-platnosci\/","og_site_name":"Makazek","article_modified_time":"2025-02-04T15:14:41+00:00","og_image":[{"width":100,"height":67,"url":"https:\/\/makazek.com\/wp-content\/uploads\/2024\/10\/inpost_logo-e1730206704320.png","type":"image\/png"}],"twitter_card":"summary_large_image","twitter_misc":{"Estimated reading time":"3 minutes"},"schema":{"@context":"https:\/\/schema.org","@graph":[{"@type":"WebPage","@id":"https:\/\/makazek.com\/dostawa-i-platnosci\/","url":"https:\/\/makazek.com\/dostawa-i-platnosci\/","name":"Dostawa i p\u0142atno\u015bci - Makazek","isPartOf":{"@id":"https:\/\/makazek.com\/#website"},"primaryImageOfPage":{"@id":"https:\/\/makazek.com\/dostawa-i-platnosci\/#primaryimage"},"image":{"@id":"https:\/\/makazek.com\/dostawa-i-platnosci\/#primaryimage"},"thumbnailUrl":"https:\/\/makazek.com\/wp-content\/uploads\/2024\/10\/inpost_logo-e1730206704320.png","datePublished":"2024-10-31T13:31:04+00:00","dateModified":"2025-02-04T15:14:41+00:00","breadcrumb":{"@id":"https:\/\/makazek.com\/dostawa-i-platnosci\/#breadcrumb"},"inLanguage":"en-GB","potentialAction":[{"@type":"ReadAction","target":["https:\/\/makazek.com\/dostawa-i-platnosci\/"]}]},{"@type":"ImageObject","inLanguage":"en-GB","@id":"https:\/\/makazek.com\/dostawa-i-platnosci\/#primaryimage","url":"https:\/\/makazek.com\/wp-content\/uploads\/2024\/10\/inpost_logo-e1730206704320.png","contentUrl":"https:\/\/makazek.com\/wp-content\/uploads\/2024\/10\/inpost_logo-e1730206704320.png"},{"@type":"BreadcrumbList","@id":"https:\/\/makazek.com\/dostawa-i-platnosci\/#breadcrumb","itemListElement":[{"@type":"ListItem","position":1,"name":"Strona g\u0142\u00f3wna","item":"https:\/\/makazek.com\/"},{"@type":"ListItem","position":2,"name":"Dostawa i p\u0142atno\u015bci"}]},{"@type":"WebSite","@id":"https:\/\/makazek.com\/#website","url":"https:\/\/makazek.com\/","name":"Makazek","description":"Naturalne \u015awiece Zapachowe","potentialAction":[{"@type":"SearchAction","target":{"@type":"EntryPoint","urlTemplate":"https:\/\/makazek.com\/?s={search_term_string}"},"query-input":{"@type":"PropertyValueSpecification","valueRequired":true,"valueName":"search_term_string"}}],"inLanguage":"en-GB"}]}},"_links":{"self":[{"href":"https:\/\/makazek.com\/en\/wp-json\/wp\/v2\/pages\/9046","targetHints":{"allow":["GET"]}}],"collection":[{"href":"https:\/\/makazek.com\/en\/wp-json\/wp\/v2\/pages"}],"about":[{"href":"https:\/\/makazek.com\/en\/wp-json\/wp\/v2\/types\/page"}],"author":[{"embeddable":true,"href":"https:\/\/makazek.com\/en\/wp-json\/wp\/v2\/users\/2"}],"replies":[{"embeddable":true,"href":"https:\/\/makazek.com\/en\/wp-json\/wp\/v2\/comments?post=9046"}],"version-history":[{"count":5,"href":"https:\/\/makazek.com\/en\/wp-json\/wp\/v2\/pages\/9046\/revisions"}],"predecessor-version":[{"id":9380,"href":"https:\/\/makazek.com\/en\/wp-json\/wp\/v2\/pages\/9046\/revisions\/9380"}],"wp:attachment":[{"href":"https:\/\/makazek.com\/en\/wp-json\/wp\/v2\/media?parent=9046"}],"curies":[{"name":"wp","href":"https:\/\/api.w.org\/{rel}","templated":true}]}}