{"id":10161,"date":"2025-09-21T14:44:31","date_gmt":"2025-09-21T12:44:31","guid":{"rendered":"https:\/\/makazek.com\/?post_type=product&#038;p=10161"},"modified":"2026-02-01T08:32:48","modified_gmt":"2026-02-01T07:32:48","slug":"sandalwood-fig-raspberry","status":"publish","type":"product","link":"https:\/\/makazek.com\/en\/sklep\/sandalwood-fig-raspberry\/","title":{"rendered":"Sandalwood Fig Raspberry"},"content":{"rendered":"<p><strong>Ingredients:<\/strong>\u00a0perfume&#8217;s alcohol, premium phthalate-free fragrance oils<br \/>\n<b>How to use:\u00a0<\/b>spray directly onto materials, space or clothing<br \/>\n<strong>50 ml \/ white glass bottle<\/strong><br \/>\n<strong>Hand crafted at our studio based in Warsaw<\/strong><\/p>\n<p><em>Would you like to create your own scent? <\/em><br \/>\n<em>Join our scented workshops at Smolna 14<\/em><\/p>","protected":false},"excerpt":{"rendered":"<p>Pioneer, front man, and the hallmark of the brand.<\/p>\n<p>&nbsp;<\/p>\n<p>Wooden and earthy fragrance, seamlessly interwoven with a touch of sweet fruits.<\/p>\n<p>&nbsp;<\/p>\n<p>He is a real rock star<\/p>\n<p>\u2013 he loves being in the spotlight and knows how to use it.<\/p>\n<p>&nbsp;<\/p>\n<p><strong>TOP: Fresh Raspberry<\/strong><br \/>\n<strong>MID: Fig, Milky Notes<\/strong><br \/>\n<strong>BASE: Sandalwood<\/strong><\/p>","protected":false},"featured_media":10162,"comment_status":"open","ping_status":"closed","template":"","meta":[],"product_brand":[],"product_cat":[82],"product_tag":[],"class_list":{"0":"post-10161","1":"product","2":"type-product","3":"status-publish","4":"has-post-thumbnail","6":"product_cat-mgielki","8":"first","9":"instock","10":"shipping-taxable","11":"purchasable","12":"product-type-simple","13":"add-to-wishlist-after_add_to_cart"},"yoast_head":"<!-- This site is optimized with the Yoast SEO plugin v27.4 - https:\/\/yoast.com\/product\/yoast-seo-wordpress\/ -->\n<title>Sandalwood Fig Raspberry - Makazek<\/title>\n<meta name=\"robots\" content=\"index, follow, max-snippet:-1, max-image-preview:large, max-video-preview:-1\" \/>\n<link rel=\"canonical\" href=\"https:\/\/makazek.com\/en\/sklep\/sandalwood-fig-raspberry\/\" \/>\n<meta property=\"og:locale\" content=\"en_GB\" \/>\n<meta property=\"og:type\" content=\"article\" \/>\n<meta property=\"og:title\" content=\"Sandalwood Fig Raspberry - Makazek\" \/>\n<meta property=\"og:description\" content=\"Pionier, frontman i wizyt\u00f3wka marki.  &nbsp;  Drzewny i ziemisty aromat idealnie spleciony z nieoczywist\u0105 s\u0142odycz\u0105 owoc\u00f3w.  &nbsp;  To prawdziwa gwiazda rocka  \u2013 uwielbia by\u0107 w centrum uwagi i wie, jak z tego\u00a0 korzysta\u0107.  &nbsp;  TOP: Fresh Raspberry MID: Fig, Milky Notes BASE: Sandalwood\" \/>\n<meta property=\"og:url\" content=\"https:\/\/makazek.com\/en\/sklep\/sandalwood-fig-raspberry\/\" \/>\n<meta property=\"og:site_name\" content=\"Makazek\" \/>\n<meta property=\"article:modified_time\" content=\"2026-02-01T07:32:48+00:00\" \/>\n<meta property=\"og:image\" content=\"https:\/\/makazek.com\/wp-content\/uploads\/2025\/09\/mgielka--scaled.jpg\" \/>\n\t<meta property=\"og:image:width\" content=\"1707\" \/>\n\t<meta property=\"og:image:height\" content=\"2560\" \/>\n\t<meta property=\"og:image:type\" content=\"image\/jpeg\" \/>\n<meta name=\"twitter:card\" content=\"summary_large_image\" \/>\n<meta name=\"twitter:label1\" content=\"Estimated reading time\" \/>\n\t<meta name=\"twitter:data1\" content=\"1 minute\" \/>\n<script type=\"application\/ld+json\" class=\"yoast-schema-graph\">{\"@context\":\"https:\\\/\\\/schema.org\",\"@graph\":[{\"@type\":\"WebPage\",\"@id\":\"https:\\\/\\\/makazek.com\\\/sklep\\\/sandalwood-fig-raspberry\\\/\",\"url\":\"https:\\\/\\\/makazek.com\\\/sklep\\\/sandalwood-fig-raspberry\\\/\",\"name\":\"Sandalwood Fig Raspberry - Makazek\",\"isPartOf\":{\"@id\":\"https:\\\/\\\/makazek.com\\\/#website\"},\"primaryImageOfPage\":{\"@id\":\"https:\\\/\\\/makazek.com\\\/sklep\\\/sandalwood-fig-raspberry\\\/#primaryimage\"},\"image\":{\"@id\":\"https:\\\/\\\/makazek.com\\\/sklep\\\/sandalwood-fig-raspberry\\\/#primaryimage\"},\"thumbnailUrl\":\"https:\\\/\\\/makazek.com\\\/wp-content\\\/uploads\\\/2025\\\/09\\\/mgielka--scaled.jpg\",\"datePublished\":\"2025-09-21T12:44:31+00:00\",\"dateModified\":\"2026-02-01T07:32:48+00:00\",\"breadcrumb\":{\"@id\":\"https:\\\/\\\/makazek.com\\\/sklep\\\/sandalwood-fig-raspberry\\\/#breadcrumb\"},\"inLanguage\":\"en-GB\",\"potentialAction\":[{\"@type\":\"ReadAction\",\"target\":[\"https:\\\/\\\/makazek.com\\\/sklep\\\/sandalwood-fig-raspberry\\\/\"]}]},{\"@type\":\"ImageObject\",\"inLanguage\":\"en-GB\",\"@id\":\"https:\\\/\\\/makazek.com\\\/sklep\\\/sandalwood-fig-raspberry\\\/#primaryimage\",\"url\":\"https:\\\/\\\/makazek.com\\\/wp-content\\\/uploads\\\/2025\\\/09\\\/mgielka--scaled.jpg\",\"contentUrl\":\"https:\\\/\\\/makazek.com\\\/wp-content\\\/uploads\\\/2025\\\/09\\\/mgielka--scaled.jpg\",\"width\":1707,\"height\":2560},{\"@type\":\"BreadcrumbList\",\"@id\":\"https:\\\/\\\/makazek.com\\\/sklep\\\/sandalwood-fig-raspberry\\\/#breadcrumb\",\"itemListElement\":[{\"@type\":\"ListItem\",\"position\":1,\"name\":\"Strona g\u0142\u00f3wna\",\"item\":\"https:\\\/\\\/makazek.com\\\/\"},{\"@type\":\"ListItem\",\"position\":2,\"name\":\"Produkty\",\"item\":\"https:\\\/\\\/makazek.com\\\/shop\\\/\"},{\"@type\":\"ListItem\",\"position\":3,\"name\":\"Sandalwood Fig Raspberry\"}]},{\"@type\":\"WebSite\",\"@id\":\"https:\\\/\\\/makazek.com\\\/#website\",\"url\":\"https:\\\/\\\/makazek.com\\\/\",\"name\":\"Makazek\",\"description\":\"Naturalne \u015awiece Zapachowe\",\"potentialAction\":[{\"@type\":\"SearchAction\",\"target\":{\"@type\":\"EntryPoint\",\"urlTemplate\":\"https:\\\/\\\/makazek.com\\\/?s={search_term_string}\"},\"query-input\":{\"@type\":\"PropertyValueSpecification\",\"valueRequired\":true,\"valueName\":\"search_term_string\"}}],\"inLanguage\":\"en-GB\"}]}<\/script>\n<!-- \/ Yoast SEO plugin. -->","yoast_head_json":{"title":"Sandalwood Fig Raspberry - Makazek","robots":{"index":"index","follow":"follow","max-snippet":"max-snippet:-1","max-image-preview":"max-image-preview:large","max-video-preview":"max-video-preview:-1"},"canonical":"https:\/\/makazek.com\/en\/sklep\/sandalwood-fig-raspberry\/","og_locale":"en_GB","og_type":"article","og_title":"Sandalwood Fig Raspberry - Makazek","og_description":"Pionier, frontman i wizyt\u00f3wka marki.  &nbsp;  Drzewny i ziemisty aromat idealnie spleciony z nieoczywist\u0105 s\u0142odycz\u0105 owoc\u00f3w.  &nbsp;  To prawdziwa gwiazda rocka  \u2013 uwielbia by\u0107 w centrum uwagi i wie, jak z tego\u00a0 korzysta\u0107.  &nbsp;  TOP: Fresh Raspberry MID: Fig, Milky Notes BASE: Sandalwood","og_url":"https:\/\/makazek.com\/en\/sklep\/sandalwood-fig-raspberry\/","og_site_name":"Makazek","article_modified_time":"2026-02-01T07:32:48+00:00","og_image":[{"width":1707,"height":2560,"url":"https:\/\/makazek.com\/wp-content\/uploads\/2025\/09\/mgielka--scaled.jpg","type":"image\/jpeg"}],"twitter_card":"summary_large_image","twitter_misc":{"Estimated reading time":"1 minute"},"schema":{"@context":"https:\/\/schema.org","@graph":[{"@type":"WebPage","@id":"https:\/\/makazek.com\/sklep\/sandalwood-fig-raspberry\/","url":"https:\/\/makazek.com\/sklep\/sandalwood-fig-raspberry\/","name":"Sandalwood Fig Raspberry - Makazek","isPartOf":{"@id":"https:\/\/makazek.com\/#website"},"primaryImageOfPage":{"@id":"https:\/\/makazek.com\/sklep\/sandalwood-fig-raspberry\/#primaryimage"},"image":{"@id":"https:\/\/makazek.com\/sklep\/sandalwood-fig-raspberry\/#primaryimage"},"thumbnailUrl":"https:\/\/makazek.com\/wp-content\/uploads\/2025\/09\/mgielka--scaled.jpg","datePublished":"2025-09-21T12:44:31+00:00","dateModified":"2026-02-01T07:32:48+00:00","breadcrumb":{"@id":"https:\/\/makazek.com\/sklep\/sandalwood-fig-raspberry\/#breadcrumb"},"inLanguage":"en-GB","potentialAction":[{"@type":"ReadAction","target":["https:\/\/makazek.com\/sklep\/sandalwood-fig-raspberry\/"]}]},{"@type":"ImageObject","inLanguage":"en-GB","@id":"https:\/\/makazek.com\/sklep\/sandalwood-fig-raspberry\/#primaryimage","url":"https:\/\/makazek.com\/wp-content\/uploads\/2025\/09\/mgielka--scaled.jpg","contentUrl":"https:\/\/makazek.com\/wp-content\/uploads\/2025\/09\/mgielka--scaled.jpg","width":1707,"height":2560},{"@type":"BreadcrumbList","@id":"https:\/\/makazek.com\/sklep\/sandalwood-fig-raspberry\/#breadcrumb","itemListElement":[{"@type":"ListItem","position":1,"name":"Strona g\u0142\u00f3wna","item":"https:\/\/makazek.com\/"},{"@type":"ListItem","position":2,"name":"Produkty","item":"https:\/\/makazek.com\/shop\/"},{"@type":"ListItem","position":3,"name":"Sandalwood Fig Raspberry"}]},{"@type":"WebSite","@id":"https:\/\/makazek.com\/#website","url":"https:\/\/makazek.com\/","name":"Makazek","description":"Naturalne \u015awiece Zapachowe","potentialAction":[{"@type":"SearchAction","target":{"@type":"EntryPoint","urlTemplate":"https:\/\/makazek.com\/?s={search_term_string}"},"query-input":{"@type":"PropertyValueSpecification","valueRequired":true,"valueName":"search_term_string"}}],"inLanguage":"en-GB"}]}},"_links":{"self":[{"href":"https:\/\/makazek.com\/en\/wp-json\/wp\/v2\/product\/10161","targetHints":{"allow":["GET"]}}],"collection":[{"href":"https:\/\/makazek.com\/en\/wp-json\/wp\/v2\/product"}],"about":[{"href":"https:\/\/makazek.com\/en\/wp-json\/wp\/v2\/types\/product"}],"replies":[{"embeddable":true,"href":"https:\/\/makazek.com\/en\/wp-json\/wp\/v2\/comments?post=10161"}],"wp:featuredmedia":[{"embeddable":true,"href":"https:\/\/makazek.com\/en\/wp-json\/wp\/v2\/media\/10162"}],"wp:attachment":[{"href":"https:\/\/makazek.com\/en\/wp-json\/wp\/v2\/media?parent=10161"}],"wp:term":[{"taxonomy":"product_brand","embeddable":true,"href":"https:\/\/makazek.com\/en\/wp-json\/wp\/v2\/product_brand?post=10161"},{"taxonomy":"product_cat","embeddable":true,"href":"https:\/\/makazek.com\/en\/wp-json\/wp\/v2\/product_cat?post=10161"},{"taxonomy":"product_tag","embeddable":true,"href":"https:\/\/makazek.com\/en\/wp-json\/wp\/v2\/product_tag?post=10161"}],"curies":[{"name":"wp","href":"https:\/\/api.w.org\/{rel}","templated":true}]}}