{"id":10167,"date":"2025-09-23T23:27:28","date_gmt":"2025-09-23T21:27:28","guid":{"rendered":"https:\/\/makazek.com\/?post_type=product&#038;p=10167"},"modified":"2026-02-01T08:31:48","modified_gmt":"2026-02-01T07:31:48","slug":"milk-honey-black-pepper-and-lemon","status":"publish","type":"product","link":"https:\/\/makazek.com\/en\/sklep\/milk-honey-black-pepper-and-lemon\/","title":{"rendered":"Milk Honey Black Pepper and Lemon"},"content":{"rendered":"<p><strong>Ingredients:<\/strong>\u00a0perfume&#8217;s alcohol, premium phthalate-free fragrance oils<br \/>\n<b>How to use:\u00a0<\/b>spray directly onto materials, space or clothing<br \/>\n<strong>50 ml \/ white glass bottle<\/strong><br \/>\n<strong>Hand crafted at our studio based in Warsaw<\/strong><\/p>\n<p><em>Would you like to create your own scent? <\/em><br \/>\n<em>Join our scented workshops at Smolna 14<\/em><\/p>","protected":false},"excerpt":{"rendered":"<p>Firmowy celebryta.<\/p>\n<p>&nbsp;<\/p>\n<p>Popularny i lubiany.<\/p>\n<p>Kojarzony z domowym ciep\u0142em, \u015bwi\u0105tecznym zgie\u0142kiem, rodzinnym spotkaniem.<\/p>\n<p>&nbsp;<\/p>\n<p>Koi nerwy i podsyca nadziej\u0119.<\/p>\n<p>&nbsp;<\/p>\n<p><strong>UWAGA! Po rozpyleniu mo\u017ce pojawi\u0107 si\u0119 przemo\u017cna ch\u0119\u0107 do pozostania w domu.<\/strong><\/p>\n<p>&nbsp;<\/p>\n<p>&nbsp;<\/p>\n<p>TOP: Citrus<br \/>\nMID: Pepper, Milky Notes<br \/>\nBASE: Honey, Tea Leaf<\/p>","protected":false},"featured_media":10169,"comment_status":"open","ping_status":"closed","template":"","meta":[],"product_brand":[],"product_cat":[82],"product_tag":[],"class_list":{"0":"post-10167","1":"product","2":"type-product","3":"status-publish","4":"has-post-thumbnail","6":"product_cat-mgielki","8":"first","9":"instock","10":"shipping-taxable","11":"purchasable","12":"product-type-simple","13":"add-to-wishlist-after_add_to_cart"},"yoast_head":"<!-- This site is optimized with the Yoast SEO plugin v27.4 - https:\/\/yoast.com\/product\/yoast-seo-wordpress\/ -->\n<title>Milk Honey Black Pepper and Lemon - Makazek<\/title>\n<meta name=\"robots\" content=\"index, follow, max-snippet:-1, max-image-preview:large, max-video-preview:-1\" \/>\n<link rel=\"canonical\" href=\"https:\/\/makazek.com\/en\/sklep\/milk-honey-black-pepper-and-lemon\/\" \/>\n<meta property=\"og:locale\" content=\"en_GB\" \/>\n<meta property=\"og:type\" content=\"article\" \/>\n<meta property=\"og:title\" content=\"Milk Honey Black Pepper and Lemon - Makazek\" \/>\n<meta property=\"og:description\" content=\"Firmowy celebryta.  &nbsp;  Popularny i lubiany.  Kojarzony z domowym ciep\u0142em, \u015bwi\u0105tecznym zgie\u0142kiem, rodzinnym spotkaniem.  &nbsp;  Koi nerwy i podsyca nadziej\u0119.  &nbsp;  UWAGA! Po rozpyleniu mo\u017ce pojawi\u0107 si\u0119 przemo\u017cna ch\u0119\u0107 do pozostania w domu.  &nbsp;  &nbsp;  TOP: Citrus MID: Pepper, Milky Notes BASE: Honey, Tea Leaf\" \/>\n<meta property=\"og:url\" content=\"https:\/\/makazek.com\/en\/sklep\/milk-honey-black-pepper-and-lemon\/\" \/>\n<meta property=\"og:site_name\" content=\"Makazek\" \/>\n<meta property=\"article:modified_time\" content=\"2026-02-01T07:31:48+00:00\" \/>\n<meta property=\"og:image\" content=\"https:\/\/makazek.com\/wp-content\/uploads\/2025\/09\/mhlbp-kopia-scaled.jpg\" \/>\n\t<meta property=\"og:image:width\" content=\"1810\" \/>\n\t<meta property=\"og:image:height\" content=\"2560\" \/>\n\t<meta property=\"og:image:type\" content=\"image\/jpeg\" \/>\n<meta name=\"twitter:card\" content=\"summary_large_image\" \/>\n<meta name=\"twitter:label1\" content=\"Estimated reading time\" \/>\n\t<meta name=\"twitter:data1\" content=\"1 minute\" \/>\n<script type=\"application\/ld+json\" class=\"yoast-schema-graph\">{\"@context\":\"https:\\\/\\\/schema.org\",\"@graph\":[{\"@type\":\"WebPage\",\"@id\":\"https:\\\/\\\/makazek.com\\\/sklep\\\/milk-honey-black-pepper-and-lemon\\\/\",\"url\":\"https:\\\/\\\/makazek.com\\\/sklep\\\/milk-honey-black-pepper-and-lemon\\\/\",\"name\":\"Milk Honey Black Pepper and Lemon - Makazek\",\"isPartOf\":{\"@id\":\"https:\\\/\\\/makazek.com\\\/#website\"},\"primaryImageOfPage\":{\"@id\":\"https:\\\/\\\/makazek.com\\\/sklep\\\/milk-honey-black-pepper-and-lemon\\\/#primaryimage\"},\"image\":{\"@id\":\"https:\\\/\\\/makazek.com\\\/sklep\\\/milk-honey-black-pepper-and-lemon\\\/#primaryimage\"},\"thumbnailUrl\":\"https:\\\/\\\/makazek.com\\\/wp-content\\\/uploads\\\/2025\\\/09\\\/mhlbp-kopia-scaled.jpg\",\"datePublished\":\"2025-09-23T21:27:28+00:00\",\"dateModified\":\"2026-02-01T07:31:48+00:00\",\"breadcrumb\":{\"@id\":\"https:\\\/\\\/makazek.com\\\/sklep\\\/milk-honey-black-pepper-and-lemon\\\/#breadcrumb\"},\"inLanguage\":\"en-GB\",\"potentialAction\":[{\"@type\":\"ReadAction\",\"target\":[\"https:\\\/\\\/makazek.com\\\/sklep\\\/milk-honey-black-pepper-and-lemon\\\/\"]}]},{\"@type\":\"ImageObject\",\"inLanguage\":\"en-GB\",\"@id\":\"https:\\\/\\\/makazek.com\\\/sklep\\\/milk-honey-black-pepper-and-lemon\\\/#primaryimage\",\"url\":\"https:\\\/\\\/makazek.com\\\/wp-content\\\/uploads\\\/2025\\\/09\\\/mhlbp-kopia-scaled.jpg\",\"contentUrl\":\"https:\\\/\\\/makazek.com\\\/wp-content\\\/uploads\\\/2025\\\/09\\\/mhlbp-kopia-scaled.jpg\",\"width\":1810,\"height\":2560},{\"@type\":\"BreadcrumbList\",\"@id\":\"https:\\\/\\\/makazek.com\\\/sklep\\\/milk-honey-black-pepper-and-lemon\\\/#breadcrumb\",\"itemListElement\":[{\"@type\":\"ListItem\",\"position\":1,\"name\":\"Strona g\u0142\u00f3wna\",\"item\":\"https:\\\/\\\/makazek.com\\\/\"},{\"@type\":\"ListItem\",\"position\":2,\"name\":\"Produkty\",\"item\":\"https:\\\/\\\/makazek.com\\\/shop\\\/\"},{\"@type\":\"ListItem\",\"position\":3,\"name\":\"Milk Honey Black Pepper and Lemon\"}]},{\"@type\":\"WebSite\",\"@id\":\"https:\\\/\\\/makazek.com\\\/#website\",\"url\":\"https:\\\/\\\/makazek.com\\\/\",\"name\":\"Makazek\",\"description\":\"Naturalne \u015awiece Zapachowe\",\"potentialAction\":[{\"@type\":\"SearchAction\",\"target\":{\"@type\":\"EntryPoint\",\"urlTemplate\":\"https:\\\/\\\/makazek.com\\\/?s={search_term_string}\"},\"query-input\":{\"@type\":\"PropertyValueSpecification\",\"valueRequired\":true,\"valueName\":\"search_term_string\"}}],\"inLanguage\":\"en-GB\"}]}<\/script>\n<!-- \/ Yoast SEO plugin. -->","yoast_head_json":{"title":"Milk Honey Black Pepper and Lemon - Makazek","robots":{"index":"index","follow":"follow","max-snippet":"max-snippet:-1","max-image-preview":"max-image-preview:large","max-video-preview":"max-video-preview:-1"},"canonical":"https:\/\/makazek.com\/en\/sklep\/milk-honey-black-pepper-and-lemon\/","og_locale":"en_GB","og_type":"article","og_title":"Milk Honey Black Pepper and Lemon - Makazek","og_description":"Firmowy celebryta.  &nbsp;  Popularny i lubiany.  Kojarzony z domowym ciep\u0142em, \u015bwi\u0105tecznym zgie\u0142kiem, rodzinnym spotkaniem.  &nbsp;  Koi nerwy i podsyca nadziej\u0119.  &nbsp;  UWAGA! Po rozpyleniu mo\u017ce pojawi\u0107 si\u0119 przemo\u017cna ch\u0119\u0107 do pozostania w domu.  &nbsp;  &nbsp;  TOP: Citrus MID: Pepper, Milky Notes BASE: Honey, Tea Leaf","og_url":"https:\/\/makazek.com\/en\/sklep\/milk-honey-black-pepper-and-lemon\/","og_site_name":"Makazek","article_modified_time":"2026-02-01T07:31:48+00:00","og_image":[{"width":1810,"height":2560,"url":"https:\/\/makazek.com\/wp-content\/uploads\/2025\/09\/mhlbp-kopia-scaled.jpg","type":"image\/jpeg"}],"twitter_card":"summary_large_image","twitter_misc":{"Estimated reading time":"1 minute"},"schema":{"@context":"https:\/\/schema.org","@graph":[{"@type":"WebPage","@id":"https:\/\/makazek.com\/sklep\/milk-honey-black-pepper-and-lemon\/","url":"https:\/\/makazek.com\/sklep\/milk-honey-black-pepper-and-lemon\/","name":"Milk Honey Black Pepper and Lemon - Makazek","isPartOf":{"@id":"https:\/\/makazek.com\/#website"},"primaryImageOfPage":{"@id":"https:\/\/makazek.com\/sklep\/milk-honey-black-pepper-and-lemon\/#primaryimage"},"image":{"@id":"https:\/\/makazek.com\/sklep\/milk-honey-black-pepper-and-lemon\/#primaryimage"},"thumbnailUrl":"https:\/\/makazek.com\/wp-content\/uploads\/2025\/09\/mhlbp-kopia-scaled.jpg","datePublished":"2025-09-23T21:27:28+00:00","dateModified":"2026-02-01T07:31:48+00:00","breadcrumb":{"@id":"https:\/\/makazek.com\/sklep\/milk-honey-black-pepper-and-lemon\/#breadcrumb"},"inLanguage":"en-GB","potentialAction":[{"@type":"ReadAction","target":["https:\/\/makazek.com\/sklep\/milk-honey-black-pepper-and-lemon\/"]}]},{"@type":"ImageObject","inLanguage":"en-GB","@id":"https:\/\/makazek.com\/sklep\/milk-honey-black-pepper-and-lemon\/#primaryimage","url":"https:\/\/makazek.com\/wp-content\/uploads\/2025\/09\/mhlbp-kopia-scaled.jpg","contentUrl":"https:\/\/makazek.com\/wp-content\/uploads\/2025\/09\/mhlbp-kopia-scaled.jpg","width":1810,"height":2560},{"@type":"BreadcrumbList","@id":"https:\/\/makazek.com\/sklep\/milk-honey-black-pepper-and-lemon\/#breadcrumb","itemListElement":[{"@type":"ListItem","position":1,"name":"Strona g\u0142\u00f3wna","item":"https:\/\/makazek.com\/"},{"@type":"ListItem","position":2,"name":"Produkty","item":"https:\/\/makazek.com\/shop\/"},{"@type":"ListItem","position":3,"name":"Milk Honey Black Pepper and Lemon"}]},{"@type":"WebSite","@id":"https:\/\/makazek.com\/#website","url":"https:\/\/makazek.com\/","name":"Makazek","description":"Naturalne \u015awiece Zapachowe","potentialAction":[{"@type":"SearchAction","target":{"@type":"EntryPoint","urlTemplate":"https:\/\/makazek.com\/?s={search_term_string}"},"query-input":{"@type":"PropertyValueSpecification","valueRequired":true,"valueName":"search_term_string"}}],"inLanguage":"en-GB"}]}},"_links":{"self":[{"href":"https:\/\/makazek.com\/en\/wp-json\/wp\/v2\/product\/10167","targetHints":{"allow":["GET"]}}],"collection":[{"href":"https:\/\/makazek.com\/en\/wp-json\/wp\/v2\/product"}],"about":[{"href":"https:\/\/makazek.com\/en\/wp-json\/wp\/v2\/types\/product"}],"replies":[{"embeddable":true,"href":"https:\/\/makazek.com\/en\/wp-json\/wp\/v2\/comments?post=10167"}],"wp:featuredmedia":[{"embeddable":true,"href":"https:\/\/makazek.com\/en\/wp-json\/wp\/v2\/media\/10169"}],"wp:attachment":[{"href":"https:\/\/makazek.com\/en\/wp-json\/wp\/v2\/media?parent=10167"}],"wp:term":[{"taxonomy":"product_brand","embeddable":true,"href":"https:\/\/makazek.com\/en\/wp-json\/wp\/v2\/product_brand?post=10167"},{"taxonomy":"product_cat","embeddable":true,"href":"https:\/\/makazek.com\/en\/wp-json\/wp\/v2\/product_cat?post=10167"},{"taxonomy":"product_tag","embeddable":true,"href":"https:\/\/makazek.com\/en\/wp-json\/wp\/v2\/product_tag?post=10167"}],"curies":[{"name":"wp","href":"https:\/\/api.w.org\/{rel}","templated":true}]}}