{"id":10351,"date":"2025-11-14T08:45:58","date_gmt":"2025-11-14T07:45:58","guid":{"rendered":"https:\/\/makazek.com\/?post_type=product&#038;p=10351"},"modified":"2025-11-17T14:25:49","modified_gmt":"2025-11-17T13:25:49","slug":"makazek-x-rost-kawa-2-czarki","status":"publish","type":"product","link":"https:\/\/makazek.com\/en\/sklep\/makazek-x-rost-kawa-2-czarki\/","title":{"rendered":"Makazek x Rost (kawa + 2 czarki)"},"content":{"rendered":"","protected":false},"excerpt":{"rendered":"<p>Razem z Rost Warsaw po\u0142\u0105czyli\u015bmy si\u0142y i stworzyli\u015bmy duet idealny dla ka\u017cdego mi\u0142o\u015bnika i mi\u0142o\u015bniczki kawy!<br \/>\nGiftbox, w kt\u00f3rym znajdziecie uwielbian\u0105 przez Was kaw\u0119 Kolumbi\u0119 Papayan 250 g oraz dwie r\u0119cznie malowane czarki o pojemno\u015bci 150 ml. W sam raz na kawk\u0119!<\/p>\n<p>&nbsp;<\/p>\n<p>Dost\u0119pne w ROST na Kobielskiej 55 oraz w naszej pracowni na Smolnej 14 (Warszawa)<\/p>\n<p>Przy zam\u00f3wieniu online czarki wybieramy losowo. W razie potrzeby prosimy o wiadomo\u015b\u0107 prywatn\u0105.<\/p>","protected":false},"featured_media":10360,"comment_status":"open","ping_status":"closed","template":"","meta":[],"product_brand":[],"product_cat":[75],"product_tag":[],"class_list":{"0":"post-10351","1":"product","2":"type-product","3":"status-publish","4":"has-post-thumbnail","6":"product_cat-giftideas","8":"first","9":"instock","10":"shipping-taxable","11":"purchasable","12":"product-type-simple","13":"add-to-wishlist-after_add_to_cart"},"yoast_head":"<!-- This site is optimized with the Yoast SEO plugin v27.4 - https:\/\/yoast.com\/product\/yoast-seo-wordpress\/ -->\n<title>Makazek x Rost (kawa + 2 czarki) - Makazek<\/title>\n<meta name=\"robots\" content=\"index, follow, max-snippet:-1, max-image-preview:large, max-video-preview:-1\" \/>\n<link rel=\"canonical\" href=\"https:\/\/makazek.com\/en\/sklep\/makazek-x-rost-kawa-2-czarki\/\" \/>\n<meta property=\"og:locale\" content=\"en_GB\" \/>\n<meta property=\"og:type\" content=\"article\" \/>\n<meta property=\"og:title\" content=\"Makazek x Rost (kawa + 2 czarki) - Makazek\" \/>\n<meta property=\"og:description\" content=\"Razem z Rost Warsaw po\u0142\u0105czyli\u015bmy si\u0142y i stworzyli\u015bmy duet idealny dla ka\u017cdego mi\u0142o\u015bnika i mi\u0142o\u015bniczki kawy! Giftbox, w kt\u00f3rym znajdziecie uwielbian\u0105 przez Was kaw\u0119 Kolumbi\u0119 Papayan 250 g oraz dwie r\u0119cznie malowane czarki o pojemno\u015bci 150 ml. W sam raz na kawk\u0119!  &nbsp;  Dost\u0119pne w ROST na Kobielskiej 55 oraz w naszej pracowni na Smolnej 14 (Warszawa)  Przy zam\u00f3wieniu online czarki wybieramy losowo. W razie potrzeby prosimy o wiadomo\u015b\u0107 prywatn\u0105.\" \/>\n<meta property=\"og:url\" content=\"https:\/\/makazek.com\/en\/sklep\/makazek-x-rost-kawa-2-czarki\/\" \/>\n<meta property=\"og:site_name\" content=\"Makazek\" \/>\n<meta property=\"article:modified_time\" content=\"2025-11-17T13:25:49+00:00\" \/>\n<meta property=\"og:image\" content=\"https:\/\/makazek.com\/wp-content\/uploads\/2025\/11\/makazek3-scaled.jpg\" \/>\n\t<meta property=\"og:image:width\" content=\"1707\" \/>\n\t<meta property=\"og:image:height\" content=\"2560\" \/>\n\t<meta property=\"og:image:type\" content=\"image\/jpeg\" \/>\n<meta name=\"twitter:card\" content=\"summary_large_image\" \/>\n<meta name=\"twitter:label1\" content=\"Estimated reading time\" \/>\n\t<meta name=\"twitter:data1\" content=\"1 minute\" \/>\n<script type=\"application\/ld+json\" class=\"yoast-schema-graph\">{\"@context\":\"https:\\\/\\\/schema.org\",\"@graph\":[{\"@type\":\"WebPage\",\"@id\":\"https:\\\/\\\/makazek.com\\\/sklep\\\/makazek-x-rost-kawa-2-czarki\\\/\",\"url\":\"https:\\\/\\\/makazek.com\\\/sklep\\\/makazek-x-rost-kawa-2-czarki\\\/\",\"name\":\"Makazek x Rost (kawa + 2 czarki) - Makazek\",\"isPartOf\":{\"@id\":\"https:\\\/\\\/makazek.com\\\/#website\"},\"primaryImageOfPage\":{\"@id\":\"https:\\\/\\\/makazek.com\\\/sklep\\\/makazek-x-rost-kawa-2-czarki\\\/#primaryimage\"},\"image\":{\"@id\":\"https:\\\/\\\/makazek.com\\\/sklep\\\/makazek-x-rost-kawa-2-czarki\\\/#primaryimage\"},\"thumbnailUrl\":\"https:\\\/\\\/makazek.com\\\/wp-content\\\/uploads\\\/2025\\\/11\\\/makazek3-scaled.jpg\",\"datePublished\":\"2025-11-14T07:45:58+00:00\",\"dateModified\":\"2025-11-17T13:25:49+00:00\",\"breadcrumb\":{\"@id\":\"https:\\\/\\\/makazek.com\\\/sklep\\\/makazek-x-rost-kawa-2-czarki\\\/#breadcrumb\"},\"inLanguage\":\"en-GB\",\"potentialAction\":[{\"@type\":\"ReadAction\",\"target\":[\"https:\\\/\\\/makazek.com\\\/sklep\\\/makazek-x-rost-kawa-2-czarki\\\/\"]}]},{\"@type\":\"ImageObject\",\"inLanguage\":\"en-GB\",\"@id\":\"https:\\\/\\\/makazek.com\\\/sklep\\\/makazek-x-rost-kawa-2-czarki\\\/#primaryimage\",\"url\":\"https:\\\/\\\/makazek.com\\\/wp-content\\\/uploads\\\/2025\\\/11\\\/makazek3-scaled.jpg\",\"contentUrl\":\"https:\\\/\\\/makazek.com\\\/wp-content\\\/uploads\\\/2025\\\/11\\\/makazek3-scaled.jpg\",\"width\":1707,\"height\":2560},{\"@type\":\"BreadcrumbList\",\"@id\":\"https:\\\/\\\/makazek.com\\\/sklep\\\/makazek-x-rost-kawa-2-czarki\\\/#breadcrumb\",\"itemListElement\":[{\"@type\":\"ListItem\",\"position\":1,\"name\":\"Strona g\u0142\u00f3wna\",\"item\":\"https:\\\/\\\/makazek.com\\\/\"},{\"@type\":\"ListItem\",\"position\":2,\"name\":\"Produkty\",\"item\":\"https:\\\/\\\/makazek.com\\\/shop\\\/\"},{\"@type\":\"ListItem\",\"position\":3,\"name\":\"Makazek x Rost (kawa + 2 czarki)\"}]},{\"@type\":\"WebSite\",\"@id\":\"https:\\\/\\\/makazek.com\\\/#website\",\"url\":\"https:\\\/\\\/makazek.com\\\/\",\"name\":\"Makazek\",\"description\":\"Naturalne \u015awiece Zapachowe\",\"potentialAction\":[{\"@type\":\"SearchAction\",\"target\":{\"@type\":\"EntryPoint\",\"urlTemplate\":\"https:\\\/\\\/makazek.com\\\/?s={search_term_string}\"},\"query-input\":{\"@type\":\"PropertyValueSpecification\",\"valueRequired\":true,\"valueName\":\"search_term_string\"}}],\"inLanguage\":\"en-GB\"}]}<\/script>\n<!-- \/ Yoast SEO plugin. -->","yoast_head_json":{"title":"Makazek x Rost (kawa + 2 czarki) - Makazek","robots":{"index":"index","follow":"follow","max-snippet":"max-snippet:-1","max-image-preview":"max-image-preview:large","max-video-preview":"max-video-preview:-1"},"canonical":"https:\/\/makazek.com\/en\/sklep\/makazek-x-rost-kawa-2-czarki\/","og_locale":"en_GB","og_type":"article","og_title":"Makazek x Rost (kawa + 2 czarki) - Makazek","og_description":"Razem z Rost Warsaw po\u0142\u0105czyli\u015bmy si\u0142y i stworzyli\u015bmy duet idealny dla ka\u017cdego mi\u0142o\u015bnika i mi\u0142o\u015bniczki kawy! Giftbox, w kt\u00f3rym znajdziecie uwielbian\u0105 przez Was kaw\u0119 Kolumbi\u0119 Papayan 250 g oraz dwie r\u0119cznie malowane czarki o pojemno\u015bci 150 ml. W sam raz na kawk\u0119!  &nbsp;  Dost\u0119pne w ROST na Kobielskiej 55 oraz w naszej pracowni na Smolnej 14 (Warszawa)  Przy zam\u00f3wieniu online czarki wybieramy losowo. W razie potrzeby prosimy o wiadomo\u015b\u0107 prywatn\u0105.","og_url":"https:\/\/makazek.com\/en\/sklep\/makazek-x-rost-kawa-2-czarki\/","og_site_name":"Makazek","article_modified_time":"2025-11-17T13:25:49+00:00","og_image":[{"width":1707,"height":2560,"url":"https:\/\/makazek.com\/wp-content\/uploads\/2025\/11\/makazek3-scaled.jpg","type":"image\/jpeg"}],"twitter_card":"summary_large_image","twitter_misc":{"Estimated reading time":"1 minute"},"schema":{"@context":"https:\/\/schema.org","@graph":[{"@type":"WebPage","@id":"https:\/\/makazek.com\/sklep\/makazek-x-rost-kawa-2-czarki\/","url":"https:\/\/makazek.com\/sklep\/makazek-x-rost-kawa-2-czarki\/","name":"Makazek x Rost (kawa + 2 czarki) - Makazek","isPartOf":{"@id":"https:\/\/makazek.com\/#website"},"primaryImageOfPage":{"@id":"https:\/\/makazek.com\/sklep\/makazek-x-rost-kawa-2-czarki\/#primaryimage"},"image":{"@id":"https:\/\/makazek.com\/sklep\/makazek-x-rost-kawa-2-czarki\/#primaryimage"},"thumbnailUrl":"https:\/\/makazek.com\/wp-content\/uploads\/2025\/11\/makazek3-scaled.jpg","datePublished":"2025-11-14T07:45:58+00:00","dateModified":"2025-11-17T13:25:49+00:00","breadcrumb":{"@id":"https:\/\/makazek.com\/sklep\/makazek-x-rost-kawa-2-czarki\/#breadcrumb"},"inLanguage":"en-GB","potentialAction":[{"@type":"ReadAction","target":["https:\/\/makazek.com\/sklep\/makazek-x-rost-kawa-2-czarki\/"]}]},{"@type":"ImageObject","inLanguage":"en-GB","@id":"https:\/\/makazek.com\/sklep\/makazek-x-rost-kawa-2-czarki\/#primaryimage","url":"https:\/\/makazek.com\/wp-content\/uploads\/2025\/11\/makazek3-scaled.jpg","contentUrl":"https:\/\/makazek.com\/wp-content\/uploads\/2025\/11\/makazek3-scaled.jpg","width":1707,"height":2560},{"@type":"BreadcrumbList","@id":"https:\/\/makazek.com\/sklep\/makazek-x-rost-kawa-2-czarki\/#breadcrumb","itemListElement":[{"@type":"ListItem","position":1,"name":"Strona g\u0142\u00f3wna","item":"https:\/\/makazek.com\/"},{"@type":"ListItem","position":2,"name":"Produkty","item":"https:\/\/makazek.com\/shop\/"},{"@type":"ListItem","position":3,"name":"Makazek x Rost (kawa + 2 czarki)"}]},{"@type":"WebSite","@id":"https:\/\/makazek.com\/#website","url":"https:\/\/makazek.com\/","name":"Makazek","description":"Naturalne \u015awiece Zapachowe","potentialAction":[{"@type":"SearchAction","target":{"@type":"EntryPoint","urlTemplate":"https:\/\/makazek.com\/?s={search_term_string}"},"query-input":{"@type":"PropertyValueSpecification","valueRequired":true,"valueName":"search_term_string"}}],"inLanguage":"en-GB"}]}},"_links":{"self":[{"href":"https:\/\/makazek.com\/en\/wp-json\/wp\/v2\/product\/10351","targetHints":{"allow":["GET"]}}],"collection":[{"href":"https:\/\/makazek.com\/en\/wp-json\/wp\/v2\/product"}],"about":[{"href":"https:\/\/makazek.com\/en\/wp-json\/wp\/v2\/types\/product"}],"replies":[{"embeddable":true,"href":"https:\/\/makazek.com\/en\/wp-json\/wp\/v2\/comments?post=10351"}],"wp:featuredmedia":[{"embeddable":true,"href":"https:\/\/makazek.com\/en\/wp-json\/wp\/v2\/media\/10360"}],"wp:attachment":[{"href":"https:\/\/makazek.com\/en\/wp-json\/wp\/v2\/media?parent=10351"}],"wp:term":[{"taxonomy":"product_brand","embeddable":true,"href":"https:\/\/makazek.com\/en\/wp-json\/wp\/v2\/product_brand?post=10351"},{"taxonomy":"product_cat","embeddable":true,"href":"https:\/\/makazek.com\/en\/wp-json\/wp\/v2\/product_cat?post=10351"},{"taxonomy":"product_tag","embeddable":true,"href":"https:\/\/makazek.com\/en\/wp-json\/wp\/v2\/product_tag?post=10351"}],"curies":[{"name":"wp","href":"https:\/\/api.w.org\/{rel}","templated":true}]}}