{"id":10884,"date":"2026-03-23T19:43:23","date_gmt":"2026-03-23T18:43:23","guid":{"rendered":"https:\/\/makazek.com\/?post_type=product&#038;p=10884"},"modified":"2026-04-04T10:29:30","modified_gmt":"2026-04-04T08:29:30","slug":"nag-champa","status":"publish","type":"product","link":"https:\/\/makazek.com\/en\/sklep\/nag-champa\/","title":{"rendered":"Nag Champa"},"content":{"rendered":"<p><strong>Ingredients:<\/strong>\u00a0perfume\u2019s alcohol, premium phthalate-free fragrance oils<br \/>\n<b>How to use:\u00a0<\/b>spray directly onto materials, space or clothing<br \/>\n<strong>50 ml \/ white glass bottle<\/strong><br \/>\n<strong>Hand crafted at our studio based in Warsaw<\/strong><\/p>\n<p><em>Would you like to create your own scent? <\/em><br \/>\n<em>Join our scented workshops at Smolna 14<\/em><\/p>","protected":false},"excerpt":{"rendered":"<p>Intensywne po\u0142\u0105czenie kadzid\u0142owego ci\u0119\u017caru ze zmys\u0142owym orientem. Nag Champa, co\u015b jak Sharon Stone w Bombaju.<\/p>\n<p><strong>TOP: Heavy Powder\u00a0<\/strong><br \/>\n<strong>MID:\u00a0Rose, Amber, Violet\u00a0<\/strong><br \/>\n<strong>BASE: Dark Musk\u00a0<\/strong><\/p>","protected":false},"featured_media":10885,"comment_status":"open","ping_status":"closed","template":"","meta":[],"product_brand":[],"product_cat":[82],"product_tag":[],"class_list":{"0":"post-10884","1":"product","2":"type-product","3":"status-publish","4":"has-post-thumbnail","6":"product_cat-mgielki","8":"first","9":"instock","10":"shipping-taxable","11":"purchasable","12":"product-type-simple","13":"add-to-wishlist-after_add_to_cart"},"yoast_head":"<!-- This site is optimized with the Yoast SEO plugin v27.4 - https:\/\/yoast.com\/product\/yoast-seo-wordpress\/ -->\n<title>Nag Champa - Makazek<\/title>\n<meta name=\"robots\" content=\"index, follow, max-snippet:-1, max-image-preview:large, max-video-preview:-1\" \/>\n<link rel=\"canonical\" href=\"https:\/\/makazek.com\/en\/sklep\/nag-champa\/\" \/>\n<meta property=\"og:locale\" content=\"en_GB\" \/>\n<meta property=\"og:type\" content=\"article\" \/>\n<meta property=\"og:title\" content=\"Nag Champa - Makazek\" \/>\n<meta property=\"og:description\" content=\"Intensywne po\u0142\u0105czenie kadzid\u0142owego ci\u0119\u017caru ze zmys\u0142owym orientem. Nag Champa, co\u015b jak Sharon Stone w Bombaju.   TOP: Heavy Powder\u00a0 MID:\u00a0Rose, Amber, Violet\u00a0 BASE: Dark Musk\u00a0\" \/>\n<meta property=\"og:url\" content=\"https:\/\/makazek.com\/en\/sklep\/nag-champa\/\" \/>\n<meta property=\"og:site_name\" content=\"Makazek\" \/>\n<meta property=\"article:modified_time\" content=\"2026-04-04T08:29:30+00:00\" \/>\n<meta property=\"og:image\" content=\"https:\/\/makazek.com\/wp-content\/uploads\/2026\/03\/Whitagram-Image-4-scaled.jpg\" \/>\n\t<meta property=\"og:image:width\" content=\"2560\" \/>\n\t<meta property=\"og:image:height\" content=\"2560\" \/>\n\t<meta property=\"og:image:type\" content=\"image\/jpeg\" \/>\n<meta name=\"twitter:card\" content=\"summary_large_image\" \/>\n<meta name=\"twitter:label1\" content=\"Estimated reading time\" \/>\n\t<meta name=\"twitter:data1\" content=\"1 minute\" \/>\n<script type=\"application\/ld+json\" class=\"yoast-schema-graph\">{\"@context\":\"https:\\\/\\\/schema.org\",\"@graph\":[{\"@type\":\"WebPage\",\"@id\":\"https:\\\/\\\/makazek.com\\\/sklep\\\/nag-champa\\\/\",\"url\":\"https:\\\/\\\/makazek.com\\\/sklep\\\/nag-champa\\\/\",\"name\":\"Nag Champa - Makazek\",\"isPartOf\":{\"@id\":\"https:\\\/\\\/makazek.com\\\/#website\"},\"primaryImageOfPage\":{\"@id\":\"https:\\\/\\\/makazek.com\\\/sklep\\\/nag-champa\\\/#primaryimage\"},\"image\":{\"@id\":\"https:\\\/\\\/makazek.com\\\/sklep\\\/nag-champa\\\/#primaryimage\"},\"thumbnailUrl\":\"https:\\\/\\\/makazek.com\\\/wp-content\\\/uploads\\\/2026\\\/03\\\/Whitagram-Image-4-scaled.jpg\",\"datePublished\":\"2026-03-23T18:43:23+00:00\",\"dateModified\":\"2026-04-04T08:29:30+00:00\",\"breadcrumb\":{\"@id\":\"https:\\\/\\\/makazek.com\\\/sklep\\\/nag-champa\\\/#breadcrumb\"},\"inLanguage\":\"en-GB\",\"potentialAction\":[{\"@type\":\"ReadAction\",\"target\":[\"https:\\\/\\\/makazek.com\\\/sklep\\\/nag-champa\\\/\"]}]},{\"@type\":\"ImageObject\",\"inLanguage\":\"en-GB\",\"@id\":\"https:\\\/\\\/makazek.com\\\/sklep\\\/nag-champa\\\/#primaryimage\",\"url\":\"https:\\\/\\\/makazek.com\\\/wp-content\\\/uploads\\\/2026\\\/03\\\/Whitagram-Image-4-scaled.jpg\",\"contentUrl\":\"https:\\\/\\\/makazek.com\\\/wp-content\\\/uploads\\\/2026\\\/03\\\/Whitagram-Image-4-scaled.jpg\",\"width\":2560,\"height\":2560},{\"@type\":\"BreadcrumbList\",\"@id\":\"https:\\\/\\\/makazek.com\\\/sklep\\\/nag-champa\\\/#breadcrumb\",\"itemListElement\":[{\"@type\":\"ListItem\",\"position\":1,\"name\":\"Strona g\u0142\u00f3wna\",\"item\":\"https:\\\/\\\/makazek.com\\\/\"},{\"@type\":\"ListItem\",\"position\":2,\"name\":\"Produkty\",\"item\":\"https:\\\/\\\/makazek.com\\\/shop\\\/\"},{\"@type\":\"ListItem\",\"position\":3,\"name\":\"Nag Champa\"}]},{\"@type\":\"WebSite\",\"@id\":\"https:\\\/\\\/makazek.com\\\/#website\",\"url\":\"https:\\\/\\\/makazek.com\\\/\",\"name\":\"Makazek\",\"description\":\"Naturalne \u015awiece Zapachowe\",\"potentialAction\":[{\"@type\":\"SearchAction\",\"target\":{\"@type\":\"EntryPoint\",\"urlTemplate\":\"https:\\\/\\\/makazek.com\\\/?s={search_term_string}\"},\"query-input\":{\"@type\":\"PropertyValueSpecification\",\"valueRequired\":true,\"valueName\":\"search_term_string\"}}],\"inLanguage\":\"en-GB\"}]}<\/script>\n<!-- \/ Yoast SEO plugin. -->","yoast_head_json":{"title":"Nag Champa - Makazek","robots":{"index":"index","follow":"follow","max-snippet":"max-snippet:-1","max-image-preview":"max-image-preview:large","max-video-preview":"max-video-preview:-1"},"canonical":"https:\/\/makazek.com\/en\/sklep\/nag-champa\/","og_locale":"en_GB","og_type":"article","og_title":"Nag Champa - Makazek","og_description":"Intensywne po\u0142\u0105czenie kadzid\u0142owego ci\u0119\u017caru ze zmys\u0142owym orientem. Nag Champa, co\u015b jak Sharon Stone w Bombaju.   TOP: Heavy Powder\u00a0 MID:\u00a0Rose, Amber, Violet\u00a0 BASE: Dark Musk\u00a0","og_url":"https:\/\/makazek.com\/en\/sklep\/nag-champa\/","og_site_name":"Makazek","article_modified_time":"2026-04-04T08:29:30+00:00","og_image":[{"width":2560,"height":2560,"url":"https:\/\/makazek.com\/wp-content\/uploads\/2026\/03\/Whitagram-Image-4-scaled.jpg","type":"image\/jpeg"}],"twitter_card":"summary_large_image","twitter_misc":{"Estimated reading time":"1 minute"},"schema":{"@context":"https:\/\/schema.org","@graph":[{"@type":"WebPage","@id":"https:\/\/makazek.com\/sklep\/nag-champa\/","url":"https:\/\/makazek.com\/sklep\/nag-champa\/","name":"Nag Champa - Makazek","isPartOf":{"@id":"https:\/\/makazek.com\/#website"},"primaryImageOfPage":{"@id":"https:\/\/makazek.com\/sklep\/nag-champa\/#primaryimage"},"image":{"@id":"https:\/\/makazek.com\/sklep\/nag-champa\/#primaryimage"},"thumbnailUrl":"https:\/\/makazek.com\/wp-content\/uploads\/2026\/03\/Whitagram-Image-4-scaled.jpg","datePublished":"2026-03-23T18:43:23+00:00","dateModified":"2026-04-04T08:29:30+00:00","breadcrumb":{"@id":"https:\/\/makazek.com\/sklep\/nag-champa\/#breadcrumb"},"inLanguage":"en-GB","potentialAction":[{"@type":"ReadAction","target":["https:\/\/makazek.com\/sklep\/nag-champa\/"]}]},{"@type":"ImageObject","inLanguage":"en-GB","@id":"https:\/\/makazek.com\/sklep\/nag-champa\/#primaryimage","url":"https:\/\/makazek.com\/wp-content\/uploads\/2026\/03\/Whitagram-Image-4-scaled.jpg","contentUrl":"https:\/\/makazek.com\/wp-content\/uploads\/2026\/03\/Whitagram-Image-4-scaled.jpg","width":2560,"height":2560},{"@type":"BreadcrumbList","@id":"https:\/\/makazek.com\/sklep\/nag-champa\/#breadcrumb","itemListElement":[{"@type":"ListItem","position":1,"name":"Strona g\u0142\u00f3wna","item":"https:\/\/makazek.com\/"},{"@type":"ListItem","position":2,"name":"Produkty","item":"https:\/\/makazek.com\/shop\/"},{"@type":"ListItem","position":3,"name":"Nag Champa"}]},{"@type":"WebSite","@id":"https:\/\/makazek.com\/#website","url":"https:\/\/makazek.com\/","name":"Makazek","description":"Naturalne \u015awiece Zapachowe","potentialAction":[{"@type":"SearchAction","target":{"@type":"EntryPoint","urlTemplate":"https:\/\/makazek.com\/?s={search_term_string}"},"query-input":{"@type":"PropertyValueSpecification","valueRequired":true,"valueName":"search_term_string"}}],"inLanguage":"en-GB"}]}},"_links":{"self":[{"href":"https:\/\/makazek.com\/en\/wp-json\/wp\/v2\/product\/10884","targetHints":{"allow":["GET"]}}],"collection":[{"href":"https:\/\/makazek.com\/en\/wp-json\/wp\/v2\/product"}],"about":[{"href":"https:\/\/makazek.com\/en\/wp-json\/wp\/v2\/types\/product"}],"replies":[{"embeddable":true,"href":"https:\/\/makazek.com\/en\/wp-json\/wp\/v2\/comments?post=10884"}],"wp:featuredmedia":[{"embeddable":true,"href":"https:\/\/makazek.com\/en\/wp-json\/wp\/v2\/media\/10885"}],"wp:attachment":[{"href":"https:\/\/makazek.com\/en\/wp-json\/wp\/v2\/media?parent=10884"}],"wp:term":[{"taxonomy":"product_brand","embeddable":true,"href":"https:\/\/makazek.com\/en\/wp-json\/wp\/v2\/product_brand?post=10884"},{"taxonomy":"product_cat","embeddable":true,"href":"https:\/\/makazek.com\/en\/wp-json\/wp\/v2\/product_cat?post=10884"},{"taxonomy":"product_tag","embeddable":true,"href":"https:\/\/makazek.com\/en\/wp-json\/wp\/v2\/product_tag?post=10884"}],"curies":[{"name":"wp","href":"https:\/\/api.w.org\/{rel}","templated":true}]}}