{"id":10967,"date":"2026-04-16T19:42:04","date_gmt":"2026-04-16T17:42:04","guid":{"rendered":"https:\/\/makazek.com\/?post_type=product&#038;p=10967"},"modified":"2026-04-17T08:13:03","modified_gmt":"2026-04-17T06:13:03","slug":"warsztaty-czekoladowe-makazek-x-choco-tales","status":"publish","type":"product","link":"https:\/\/makazek.com\/en\/sklep\/warsztaty-czekoladowe-makazek-x-choco-tales\/","title":{"rendered":"Warsztaty Czekoladowe Makazek x Choco Tales"},"content":{"rendered":"","protected":false},"excerpt":{"rendered":"<p><strong>23 maja (sobota) start: 17:00<\/strong><\/p>\n<p>Zabierz Mam\u0119 na wyj\u0105tkowe warsztaty i sp\u0119d\u017acie s\u0142odko czas!<\/p>\n<p>Specjali\u015bci z Choco Tales zaczn\u0105 od podstaw czyli od procesu produkcji,<\/p>\n<p>b\u0119dziemy wsp\u00f3lnie pra\u017cy\u0107 ziarna, odwiewa\u0107 \u0142uski i poznawa\u0107 tajniki czekoladowego \u015bwiata.<br \/>\nWarsztaty maj\u0105 charakter praktyczny, ale nie ob\u0119dzie si\u0119 bez degustacji \ud83d\ude09<br \/>\nNa koniec ka\u017cda uczestniczka\/uczestnik otrzymuje w\u0142asne KAKAO w woreczku.<\/p>\n<p>Do zobaczenia w pracowni Makazek!<br \/>\nSmolna 14, Warszawa<\/p>\n<p><strong>\u00a0<\/strong><\/p>","protected":false},"featured_media":10965,"comment_status":"open","ping_status":"closed","template":"","meta":[],"product_brand":[],"product_cat":[114,79,115],"product_tag":[],"class_list":{"0":"post-10967","1":"product","2":"type-product","3":"status-publish","4":"has-post-thumbnail","6":"product_cat-ceramika","7":"product_cat-warsztaty","8":"product_cat-warsztaty-zapachowe","10":"first","11":"instock","12":"virtual","13":"purchasable","14":"product-type-simple","15":"add-to-wishlist-after_add_to_cart"},"yoast_head":"<!-- This site is optimized with the Yoast SEO plugin v27.4 - https:\/\/yoast.com\/product\/yoast-seo-wordpress\/ -->\n<title>Warsztaty Czekoladowe Makazek x Choco Tales - Makazek<\/title>\n<meta name=\"robots\" content=\"index, follow, max-snippet:-1, max-image-preview:large, max-video-preview:-1\" \/>\n<link rel=\"canonical\" href=\"https:\/\/makazek.com\/en\/sklep\/warsztaty-czekoladowe-makazek-x-choco-tales\/\" \/>\n<meta property=\"og:locale\" content=\"en_GB\" \/>\n<meta property=\"og:type\" content=\"article\" \/>\n<meta property=\"og:title\" content=\"Warsztaty Czekoladowe Makazek x Choco Tales - Makazek\" \/>\n<meta property=\"og:description\" content=\"23 maja (sobota) start: 17:00  Zabierz Mam\u0119 na wyj\u0105tkowe warsztaty i sp\u0119d\u017acie s\u0142odko czas!  Specjali\u015bci z Choco Tales zaczn\u0105 od podstaw czyli od procesu produkcji,  b\u0119dziemy wsp\u00f3lnie pra\u017cy\u0107 ziarna, odwiewa\u0107 \u0142uski i poznawa\u0107 tajniki czekoladowego \u015bwiata. Warsztaty maj\u0105 charakter praktyczny, ale nie ob\u0119dzie si\u0119 bez degustacji ;) Na koniec ka\u017cda uczestniczka\/uczestnik otrzymuje w\u0142asne KAKAO w woreczku.  Do zobaczenia w pracowni Makazek! Smolna 14, Warszawa  \u00a0\" \/>\n<meta property=\"og:url\" content=\"https:\/\/makazek.com\/en\/sklep\/warsztaty-czekoladowe-makazek-x-choco-tales\/\" \/>\n<meta property=\"og:site_name\" content=\"Makazek\" \/>\n<meta property=\"article:modified_time\" content=\"2026-04-17T06:13:03+00:00\" \/>\n<meta property=\"og:image\" content=\"https:\/\/makazek.com\/wp-content\/uploads\/2026\/04\/warsztaty-czekolada-768x1024.png\" \/>\n\t<meta property=\"og:image:width\" content=\"768\" \/>\n\t<meta property=\"og:image:height\" content=\"1024\" \/>\n\t<meta property=\"og:image:type\" content=\"image\/png\" \/>\n<meta name=\"twitter:card\" content=\"summary_large_image\" \/>\n<meta name=\"twitter:label1\" content=\"Estimated reading time\" \/>\n\t<meta name=\"twitter:data1\" content=\"1 minute\" \/>\n<script type=\"application\/ld+json\" class=\"yoast-schema-graph\">{\"@context\":\"https:\\\/\\\/schema.org\",\"@graph\":[{\"@type\":\"WebPage\",\"@id\":\"https:\\\/\\\/makazek.com\\\/sklep\\\/warsztaty-czekoladowe-makazek-x-choco-tales\\\/\",\"url\":\"https:\\\/\\\/makazek.com\\\/sklep\\\/warsztaty-czekoladowe-makazek-x-choco-tales\\\/\",\"name\":\"Warsztaty Czekoladowe Makazek x Choco Tales - Makazek\",\"isPartOf\":{\"@id\":\"https:\\\/\\\/makazek.com\\\/#website\"},\"primaryImageOfPage\":{\"@id\":\"https:\\\/\\\/makazek.com\\\/sklep\\\/warsztaty-czekoladowe-makazek-x-choco-tales\\\/#primaryimage\"},\"image\":{\"@id\":\"https:\\\/\\\/makazek.com\\\/sklep\\\/warsztaty-czekoladowe-makazek-x-choco-tales\\\/#primaryimage\"},\"thumbnailUrl\":\"https:\\\/\\\/makazek.com\\\/wp-content\\\/uploads\\\/2026\\\/04\\\/warsztaty-czekolada-scaled.png\",\"datePublished\":\"2026-04-16T17:42:04+00:00\",\"dateModified\":\"2026-04-17T06:13:03+00:00\",\"breadcrumb\":{\"@id\":\"https:\\\/\\\/makazek.com\\\/sklep\\\/warsztaty-czekoladowe-makazek-x-choco-tales\\\/#breadcrumb\"},\"inLanguage\":\"en-GB\",\"potentialAction\":[{\"@type\":\"ReadAction\",\"target\":[\"https:\\\/\\\/makazek.com\\\/sklep\\\/warsztaty-czekoladowe-makazek-x-choco-tales\\\/\"]}]},{\"@type\":\"ImageObject\",\"inLanguage\":\"en-GB\",\"@id\":\"https:\\\/\\\/makazek.com\\\/sklep\\\/warsztaty-czekoladowe-makazek-x-choco-tales\\\/#primaryimage\",\"url\":\"https:\\\/\\\/makazek.com\\\/wp-content\\\/uploads\\\/2026\\\/04\\\/warsztaty-czekolada-scaled.png\",\"contentUrl\":\"https:\\\/\\\/makazek.com\\\/wp-content\\\/uploads\\\/2026\\\/04\\\/warsztaty-czekolada-scaled.png\",\"width\":1920,\"height\":2560},{\"@type\":\"BreadcrumbList\",\"@id\":\"https:\\\/\\\/makazek.com\\\/sklep\\\/warsztaty-czekoladowe-makazek-x-choco-tales\\\/#breadcrumb\",\"itemListElement\":[{\"@type\":\"ListItem\",\"position\":1,\"name\":\"Strona g\u0142\u00f3wna\",\"item\":\"https:\\\/\\\/makazek.com\\\/\"},{\"@type\":\"ListItem\",\"position\":2,\"name\":\"Produkty\",\"item\":\"https:\\\/\\\/makazek.com\\\/shop\\\/\"},{\"@type\":\"ListItem\",\"position\":3,\"name\":\"Warsztaty Czekoladowe Makazek x Choco Tales\"}]},{\"@type\":\"WebSite\",\"@id\":\"https:\\\/\\\/makazek.com\\\/#website\",\"url\":\"https:\\\/\\\/makazek.com\\\/\",\"name\":\"Makazek\",\"description\":\"Naturalne \u015awiece Zapachowe\",\"potentialAction\":[{\"@type\":\"SearchAction\",\"target\":{\"@type\":\"EntryPoint\",\"urlTemplate\":\"https:\\\/\\\/makazek.com\\\/?s={search_term_string}\"},\"query-input\":{\"@type\":\"PropertyValueSpecification\",\"valueRequired\":true,\"valueName\":\"search_term_string\"}}],\"inLanguage\":\"en-GB\"}]}<\/script>\n<!-- \/ Yoast SEO plugin. -->","yoast_head_json":{"title":"Warsztaty Czekoladowe Makazek x Choco Tales - Makazek","robots":{"index":"index","follow":"follow","max-snippet":"max-snippet:-1","max-image-preview":"max-image-preview:large","max-video-preview":"max-video-preview:-1"},"canonical":"https:\/\/makazek.com\/en\/sklep\/warsztaty-czekoladowe-makazek-x-choco-tales\/","og_locale":"en_GB","og_type":"article","og_title":"Warsztaty Czekoladowe Makazek x Choco Tales - Makazek","og_description":"23 maja (sobota) start: 17:00  Zabierz Mam\u0119 na wyj\u0105tkowe warsztaty i sp\u0119d\u017acie s\u0142odko czas!  Specjali\u015bci z Choco Tales zaczn\u0105 od podstaw czyli od procesu produkcji,  b\u0119dziemy wsp\u00f3lnie pra\u017cy\u0107 ziarna, odwiewa\u0107 \u0142uski i poznawa\u0107 tajniki czekoladowego \u015bwiata. Warsztaty maj\u0105 charakter praktyczny, ale nie ob\u0119dzie si\u0119 bez degustacji ;) Na koniec ka\u017cda uczestniczka\/uczestnik otrzymuje w\u0142asne KAKAO w woreczku.  Do zobaczenia w pracowni Makazek! Smolna 14, Warszawa  \u00a0","og_url":"https:\/\/makazek.com\/en\/sklep\/warsztaty-czekoladowe-makazek-x-choco-tales\/","og_site_name":"Makazek","article_modified_time":"2026-04-17T06:13:03+00:00","og_image":[{"width":768,"height":1024,"url":"https:\/\/makazek.com\/wp-content\/uploads\/2026\/04\/warsztaty-czekolada-768x1024.png","type":"image\/png"}],"twitter_card":"summary_large_image","twitter_misc":{"Estimated reading time":"1 minute"},"schema":{"@context":"https:\/\/schema.org","@graph":[{"@type":"WebPage","@id":"https:\/\/makazek.com\/sklep\/warsztaty-czekoladowe-makazek-x-choco-tales\/","url":"https:\/\/makazek.com\/sklep\/warsztaty-czekoladowe-makazek-x-choco-tales\/","name":"Warsztaty Czekoladowe Makazek x Choco Tales - Makazek","isPartOf":{"@id":"https:\/\/makazek.com\/#website"},"primaryImageOfPage":{"@id":"https:\/\/makazek.com\/sklep\/warsztaty-czekoladowe-makazek-x-choco-tales\/#primaryimage"},"image":{"@id":"https:\/\/makazek.com\/sklep\/warsztaty-czekoladowe-makazek-x-choco-tales\/#primaryimage"},"thumbnailUrl":"https:\/\/makazek.com\/wp-content\/uploads\/2026\/04\/warsztaty-czekolada-scaled.png","datePublished":"2026-04-16T17:42:04+00:00","dateModified":"2026-04-17T06:13:03+00:00","breadcrumb":{"@id":"https:\/\/makazek.com\/sklep\/warsztaty-czekoladowe-makazek-x-choco-tales\/#breadcrumb"},"inLanguage":"en-GB","potentialAction":[{"@type":"ReadAction","target":["https:\/\/makazek.com\/sklep\/warsztaty-czekoladowe-makazek-x-choco-tales\/"]}]},{"@type":"ImageObject","inLanguage":"en-GB","@id":"https:\/\/makazek.com\/sklep\/warsztaty-czekoladowe-makazek-x-choco-tales\/#primaryimage","url":"https:\/\/makazek.com\/wp-content\/uploads\/2026\/04\/warsztaty-czekolada-scaled.png","contentUrl":"https:\/\/makazek.com\/wp-content\/uploads\/2026\/04\/warsztaty-czekolada-scaled.png","width":1920,"height":2560},{"@type":"BreadcrumbList","@id":"https:\/\/makazek.com\/sklep\/warsztaty-czekoladowe-makazek-x-choco-tales\/#breadcrumb","itemListElement":[{"@type":"ListItem","position":1,"name":"Strona g\u0142\u00f3wna","item":"https:\/\/makazek.com\/"},{"@type":"ListItem","position":2,"name":"Produkty","item":"https:\/\/makazek.com\/shop\/"},{"@type":"ListItem","position":3,"name":"Warsztaty Czekoladowe Makazek x Choco Tales"}]},{"@type":"WebSite","@id":"https:\/\/makazek.com\/#website","url":"https:\/\/makazek.com\/","name":"Makazek","description":"Naturalne \u015awiece Zapachowe","potentialAction":[{"@type":"SearchAction","target":{"@type":"EntryPoint","urlTemplate":"https:\/\/makazek.com\/?s={search_term_string}"},"query-input":{"@type":"PropertyValueSpecification","valueRequired":true,"valueName":"search_term_string"}}],"inLanguage":"en-GB"}]}},"_links":{"self":[{"href":"https:\/\/makazek.com\/en\/wp-json\/wp\/v2\/product\/10967","targetHints":{"allow":["GET"]}}],"collection":[{"href":"https:\/\/makazek.com\/en\/wp-json\/wp\/v2\/product"}],"about":[{"href":"https:\/\/makazek.com\/en\/wp-json\/wp\/v2\/types\/product"}],"replies":[{"embeddable":true,"href":"https:\/\/makazek.com\/en\/wp-json\/wp\/v2\/comments?post=10967"}],"wp:featuredmedia":[{"embeddable":true,"href":"https:\/\/makazek.com\/en\/wp-json\/wp\/v2\/media\/10965"}],"wp:attachment":[{"href":"https:\/\/makazek.com\/en\/wp-json\/wp\/v2\/media?parent=10967"}],"wp:term":[{"taxonomy":"product_brand","embeddable":true,"href":"https:\/\/makazek.com\/en\/wp-json\/wp\/v2\/product_brand?post=10967"},{"taxonomy":"product_cat","embeddable":true,"href":"https:\/\/makazek.com\/en\/wp-json\/wp\/v2\/product_cat?post=10967"},{"taxonomy":"product_tag","embeddable":true,"href":"https:\/\/makazek.com\/en\/wp-json\/wp\/v2\/product_tag?post=10967"}],"curies":[{"name":"wp","href":"https:\/\/api.w.org\/{rel}","templated":true}]}}