{"id":116,"date":"2017-06-23T07:06:33","date_gmt":"2017-06-23T07:06:33","guid":{"rendered":"http:\/\/stockholm22.select-themes.com\/?post_type=product&#038;p=116"},"modified":"2026-02-01T10:46:08","modified_gmt":"2026-02-01T09:46:08","slug":"drzewosandalowe-figa-malina","status":"publish","type":"product","link":"https:\/\/makazek.com\/en\/sklep\/drzewosandalowe-figa-malina\/","title":{"rendered":"Sandalwood Fig Raspberry"},"content":{"rendered":"<p><strong>Ingredients:<\/strong>\u00a0<em>100% soy wax, polish beech wood, premium phthalate-free fragrance oils<\/em><br \/>\n<b>How to use:<br \/>\n<\/b><em>trim wick after every burning (we recommend using a piece of paper instead of scissors)<br \/>\nburn 3-4 hours per 1 session and n<\/em><em>ever leave a candle burning in reach of children or animals.<br \/>\n<\/em><br \/>\n<strong>120 ml or 250 ml \/ white glass jars without risk of breaking during burning!<\/strong><br \/>\n<strong>Hand crafted at our studio based in Warsaw<\/strong><\/p>\n<p><em>Would you like to create your own scent? <\/em><br \/>\n<em>Join our scented workshops at Smolna 14<\/p>\n<p><\/em><\/p>\n<p>all prices listed on the website include VAT tax<\/p>","protected":false},"excerpt":{"rendered":"<p><span style=\"font-weight: 400;\">Pioneer, front man, and the hallmark of the brand.<\/span><\/p>\n<p>&nbsp;<\/p>\n<p><span style=\"font-weight: 400;\">Wooden and earthy fragrance, seamlessly interwoven with a touch of sweet fruits. <\/span><\/p>\n<p>&nbsp;<\/p>\n<p><span style=\"font-weight: 400;\">He is a real rock star <\/span><\/p>\n<p><span style=\"font-weight: 400;\">\u2013 he loves being in the spotlight and knows how to use it.<\/span><\/p>\n<p>Scent Family:<br \/>\nFruity, Woody, Feminine<\/p>\n<p>&nbsp;<\/p>","protected":false},"featured_media":10152,"comment_status":"open","ping_status":"closed","template":"","meta":[],"product_brand":[],"product_cat":[73],"product_tag":[],"class_list":{"0":"post-116","1":"product","2":"type-product","3":"status-publish","4":"has-post-thumbnail","6":"product_cat-klasyki","8":"first","9":"instock","10":"shipping-taxable","11":"purchasable","12":"product-type-variable","13":"add-to-wishlist-after_add_to_cart"},"yoast_head":"<!-- This site is optimized with the Yoast SEO plugin v27.4 - https:\/\/yoast.com\/product\/yoast-seo-wordpress\/ -->\n<title>Drzewo Sanda\u0142owe Figa Malina - Makazek<\/title>\n<meta name=\"description\" content=\"Pionier, frontman i wizyt\u00f3wka marki. Drzewny i ziemisty aromat idealnie spleciony z nieoczywist\u0105 s\u0142odycz\u0105 owoc\u00f3w.\" \/>\n<meta name=\"robots\" content=\"index, follow, max-snippet:-1, max-image-preview:large, max-video-preview:-1\" \/>\n<link rel=\"canonical\" href=\"https:\/\/makazek.com\/en\/sklep\/drzewosandalowe-figa-malina\/\" \/>\n<meta property=\"og:locale\" content=\"en_GB\" \/>\n<meta property=\"og:type\" content=\"article\" \/>\n<meta property=\"og:title\" content=\"Drzewo Sanda\u0142owe Figa Malina - Makazek\" \/>\n<meta property=\"og:description\" content=\"Pionier, frontman i wizyt\u00f3wka marki. Drzewny i ziemisty aromat idealnie spleciony z nieoczywist\u0105 s\u0142odycz\u0105 owoc\u00f3w.\" \/>\n<meta property=\"og:url\" content=\"https:\/\/makazek.com\/en\/sklep\/drzewosandalowe-figa-malina\/\" \/>\n<meta property=\"og:site_name\" content=\"Makazek\" \/>\n<meta property=\"article:modified_time\" content=\"2026-02-01T09:46:08+00:00\" \/>\n<meta property=\"og:image\" content=\"https:\/\/makazek.com\/wp-content\/uploads\/2017\/06\/DSC09988-scaled.jpg\" \/>\n\t<meta property=\"og:image:width\" content=\"1707\" \/>\n\t<meta property=\"og:image:height\" content=\"2560\" \/>\n\t<meta property=\"og:image:type\" content=\"image\/jpeg\" \/>\n<meta name=\"twitter:card\" content=\"summary_large_image\" \/>\n<meta name=\"twitter:label1\" content=\"Estimated reading time\" \/>\n\t<meta name=\"twitter:data1\" content=\"1 minute\" \/>\n<script type=\"application\/ld+json\" class=\"yoast-schema-graph\">{\"@context\":\"https:\\\/\\\/schema.org\",\"@graph\":[{\"@type\":\"WebPage\",\"@id\":\"https:\\\/\\\/makazek.com\\\/sklep\\\/drzewosandalowe-figa-malina\\\/\",\"url\":\"https:\\\/\\\/makazek.com\\\/sklep\\\/drzewosandalowe-figa-malina\\\/\",\"name\":\"Drzewo Sanda\u0142owe Figa Malina - Makazek\",\"isPartOf\":{\"@id\":\"https:\\\/\\\/makazek.com\\\/#website\"},\"primaryImageOfPage\":{\"@id\":\"https:\\\/\\\/makazek.com\\\/sklep\\\/drzewosandalowe-figa-malina\\\/#primaryimage\"},\"image\":{\"@id\":\"https:\\\/\\\/makazek.com\\\/sklep\\\/drzewosandalowe-figa-malina\\\/#primaryimage\"},\"thumbnailUrl\":\"https:\\\/\\\/makazek.com\\\/wp-content\\\/uploads\\\/2017\\\/06\\\/DSC09988-scaled.jpg\",\"datePublished\":\"2017-06-23T07:06:33+00:00\",\"dateModified\":\"2026-02-01T09:46:08+00:00\",\"description\":\"Pionier, frontman i wizyt\u00f3wka marki. Drzewny i ziemisty aromat idealnie spleciony z nieoczywist\u0105 s\u0142odycz\u0105 owoc\u00f3w.\",\"breadcrumb\":{\"@id\":\"https:\\\/\\\/makazek.com\\\/sklep\\\/drzewosandalowe-figa-malina\\\/#breadcrumb\"},\"inLanguage\":\"en-GB\",\"potentialAction\":[{\"@type\":\"ReadAction\",\"target\":[\"https:\\\/\\\/makazek.com\\\/sklep\\\/drzewosandalowe-figa-malina\\\/\"]}]},{\"@type\":\"ImageObject\",\"inLanguage\":\"en-GB\",\"@id\":\"https:\\\/\\\/makazek.com\\\/sklep\\\/drzewosandalowe-figa-malina\\\/#primaryimage\",\"url\":\"https:\\\/\\\/makazek.com\\\/wp-content\\\/uploads\\\/2017\\\/06\\\/DSC09988-scaled.jpg\",\"contentUrl\":\"https:\\\/\\\/makazek.com\\\/wp-content\\\/uploads\\\/2017\\\/06\\\/DSC09988-scaled.jpg\",\"width\":1707,\"height\":2560},{\"@type\":\"BreadcrumbList\",\"@id\":\"https:\\\/\\\/makazek.com\\\/sklep\\\/drzewosandalowe-figa-malina\\\/#breadcrumb\",\"itemListElement\":[{\"@type\":\"ListItem\",\"position\":1,\"name\":\"Strona g\u0142\u00f3wna\",\"item\":\"https:\\\/\\\/makazek.com\\\/\"},{\"@type\":\"ListItem\",\"position\":2,\"name\":\"Produkty\",\"item\":\"https:\\\/\\\/makazek.com\\\/shop\\\/\"},{\"@type\":\"ListItem\",\"position\":3,\"name\":\"Drzewo Sanda\u0142owe Figa Malina\"}]},{\"@type\":\"WebSite\",\"@id\":\"https:\\\/\\\/makazek.com\\\/#website\",\"url\":\"https:\\\/\\\/makazek.com\\\/\",\"name\":\"Makazek\",\"description\":\"Naturalne \u015awiece Zapachowe\",\"potentialAction\":[{\"@type\":\"SearchAction\",\"target\":{\"@type\":\"EntryPoint\",\"urlTemplate\":\"https:\\\/\\\/makazek.com\\\/?s={search_term_string}\"},\"query-input\":{\"@type\":\"PropertyValueSpecification\",\"valueRequired\":true,\"valueName\":\"search_term_string\"}}],\"inLanguage\":\"en-GB\"}]}<\/script>\n<!-- \/ Yoast SEO plugin. -->","yoast_head_json":{"title":"Drzewo Sanda\u0142owe Figa Malina - Makazek","description":"Pionier, frontman i wizyt\u00f3wka marki. Drzewny i ziemisty aromat idealnie spleciony z nieoczywist\u0105 s\u0142odycz\u0105 owoc\u00f3w.","robots":{"index":"index","follow":"follow","max-snippet":"max-snippet:-1","max-image-preview":"max-image-preview:large","max-video-preview":"max-video-preview:-1"},"canonical":"https:\/\/makazek.com\/en\/sklep\/drzewosandalowe-figa-malina\/","og_locale":"en_GB","og_type":"article","og_title":"Drzewo Sanda\u0142owe Figa Malina - Makazek","og_description":"Pionier, frontman i wizyt\u00f3wka marki. Drzewny i ziemisty aromat idealnie spleciony z nieoczywist\u0105 s\u0142odycz\u0105 owoc\u00f3w.","og_url":"https:\/\/makazek.com\/en\/sklep\/drzewosandalowe-figa-malina\/","og_site_name":"Makazek","article_modified_time":"2026-02-01T09:46:08+00:00","og_image":[{"width":1707,"height":2560,"url":"https:\/\/makazek.com\/wp-content\/uploads\/2017\/06\/DSC09988-scaled.jpg","type":"image\/jpeg"}],"twitter_card":"summary_large_image","twitter_misc":{"Estimated reading time":"1 minute"},"schema":{"@context":"https:\/\/schema.org","@graph":[{"@type":"WebPage","@id":"https:\/\/makazek.com\/sklep\/drzewosandalowe-figa-malina\/","url":"https:\/\/makazek.com\/sklep\/drzewosandalowe-figa-malina\/","name":"Drzewo Sanda\u0142owe Figa Malina - Makazek","isPartOf":{"@id":"https:\/\/makazek.com\/#website"},"primaryImageOfPage":{"@id":"https:\/\/makazek.com\/sklep\/drzewosandalowe-figa-malina\/#primaryimage"},"image":{"@id":"https:\/\/makazek.com\/sklep\/drzewosandalowe-figa-malina\/#primaryimage"},"thumbnailUrl":"https:\/\/makazek.com\/wp-content\/uploads\/2017\/06\/DSC09988-scaled.jpg","datePublished":"2017-06-23T07:06:33+00:00","dateModified":"2026-02-01T09:46:08+00:00","description":"Pionier, frontman i wizyt\u00f3wka marki. Drzewny i ziemisty aromat idealnie spleciony z nieoczywist\u0105 s\u0142odycz\u0105 owoc\u00f3w.","breadcrumb":{"@id":"https:\/\/makazek.com\/sklep\/drzewosandalowe-figa-malina\/#breadcrumb"},"inLanguage":"en-GB","potentialAction":[{"@type":"ReadAction","target":["https:\/\/makazek.com\/sklep\/drzewosandalowe-figa-malina\/"]}]},{"@type":"ImageObject","inLanguage":"en-GB","@id":"https:\/\/makazek.com\/sklep\/drzewosandalowe-figa-malina\/#primaryimage","url":"https:\/\/makazek.com\/wp-content\/uploads\/2017\/06\/DSC09988-scaled.jpg","contentUrl":"https:\/\/makazek.com\/wp-content\/uploads\/2017\/06\/DSC09988-scaled.jpg","width":1707,"height":2560},{"@type":"BreadcrumbList","@id":"https:\/\/makazek.com\/sklep\/drzewosandalowe-figa-malina\/#breadcrumb","itemListElement":[{"@type":"ListItem","position":1,"name":"Strona g\u0142\u00f3wna","item":"https:\/\/makazek.com\/"},{"@type":"ListItem","position":2,"name":"Produkty","item":"https:\/\/makazek.com\/shop\/"},{"@type":"ListItem","position":3,"name":"Drzewo Sanda\u0142owe Figa Malina"}]},{"@type":"WebSite","@id":"https:\/\/makazek.com\/#website","url":"https:\/\/makazek.com\/","name":"Makazek","description":"Naturalne \u015awiece Zapachowe","potentialAction":[{"@type":"SearchAction","target":{"@type":"EntryPoint","urlTemplate":"https:\/\/makazek.com\/?s={search_term_string}"},"query-input":{"@type":"PropertyValueSpecification","valueRequired":true,"valueName":"search_term_string"}}],"inLanguage":"en-GB"}]}},"_links":{"self":[{"href":"https:\/\/makazek.com\/en\/wp-json\/wp\/v2\/product\/116","targetHints":{"allow":["GET"]}}],"collection":[{"href":"https:\/\/makazek.com\/en\/wp-json\/wp\/v2\/product"}],"about":[{"href":"https:\/\/makazek.com\/en\/wp-json\/wp\/v2\/types\/product"}],"replies":[{"embeddable":true,"href":"https:\/\/makazek.com\/en\/wp-json\/wp\/v2\/comments?post=116"}],"wp:featuredmedia":[{"embeddable":true,"href":"https:\/\/makazek.com\/en\/wp-json\/wp\/v2\/media\/10152"}],"wp:attachment":[{"href":"https:\/\/makazek.com\/en\/wp-json\/wp\/v2\/media?parent=116"}],"wp:term":[{"taxonomy":"product_brand","embeddable":true,"href":"https:\/\/makazek.com\/en\/wp-json\/wp\/v2\/product_brand?post=116"},{"taxonomy":"product_cat","embeddable":true,"href":"https:\/\/makazek.com\/en\/wp-json\/wp\/v2\/product_cat?post=116"},{"taxonomy":"product_tag","embeddable":true,"href":"https:\/\/makazek.com\/en\/wp-json\/wp\/v2\/product_tag?post=116"}],"curies":[{"name":"wp","href":"https:\/\/api.w.org\/{rel}","templated":true}]}}