{"id":1495,"date":"2020-11-01T19:28:01","date_gmt":"2020-11-01T18:28:01","guid":{"rendered":"https:\/\/makazek.com\/?post_type=product&#038;p=1495"},"modified":"2026-02-01T09:31:41","modified_gmt":"2026-02-01T08:31:41","slug":"zestaw","status":"publish","type":"product","link":"https:\/\/makazek.com\/en\/sklep\/zestaw\/","title":{"rendered":"SET"},"content":{"rendered":"<p><img loading=\"lazy\" decoding=\"async\" class=\"alignnone wp-image-7737\" src=\"https:\/\/makazek.com\/wp-content\/uploads\/2020\/11\/nomadpictures-makazek-19-300x300.jpg\" alt=\"\" width=\"438\" height=\"438\" srcset=\"https:\/\/makazek.com\/wp-content\/uploads\/2020\/11\/nomadpictures-makazek-19-300x300.jpg 300w, https:\/\/makazek.com\/wp-content\/uploads\/2020\/11\/nomadpictures-makazek-19-1024x1024.jpg 1024w, https:\/\/makazek.com\/wp-content\/uploads\/2020\/11\/nomadpictures-makazek-19-150x150.jpg 150w, https:\/\/makazek.com\/wp-content\/uploads\/2020\/11\/nomadpictures-makazek-19-768x768.jpg 768w, https:\/\/makazek.com\/wp-content\/uploads\/2020\/11\/nomadpictures-makazek-19-1536x1536.jpg 1536w, https:\/\/makazek.com\/wp-content\/uploads\/2020\/11\/nomadpictures-makazek-19-2048x2048.jpg 2048w, https:\/\/makazek.com\/wp-content\/uploads\/2020\/11\/nomadpictures-makazek-19-550x550.jpg 550w, https:\/\/makazek.com\/wp-content\/uploads\/2020\/11\/nomadpictures-makazek-19-500x500.jpg 500w, https:\/\/makazek.com\/wp-content\/uploads\/2020\/11\/nomadpictures-makazek-19-1000x1000.jpg 1000w, https:\/\/makazek.com\/wp-content\/uploads\/2020\/11\/nomadpictures-makazek-19-700x700.jpg 700w, https:\/\/makazek.com\/wp-content\/uploads\/2020\/11\/nomadpictures-makazek-19-1100x1100.jpg 1100w, https:\/\/makazek.com\/wp-content\/uploads\/2020\/11\/nomadpictures-makazek-19-600x600.jpg 600w, https:\/\/makazek.com\/wp-content\/uploads\/2020\/11\/nomadpictures-makazek-19-100x100.jpg 100w, https:\/\/makazek.com\/wp-content\/uploads\/2020\/11\/nomadpictures-makazek-19-scaled.jpg 1080w\" sizes=\"auto, (max-width: 438px) 100vw, 438px\" \/><img loading=\"lazy\" decoding=\"async\" class=\"alignnone wp-image-6796\" src=\"https:\/\/makazek.com\/wp-content\/uploads\/2020\/11\/f-scaled.jpg\" alt=\"\" width=\"439\" height=\"442\" srcset=\"https:\/\/makazek.com\/wp-content\/uploads\/2020\/11\/f-scaled.jpg 1072w, https:\/\/makazek.com\/wp-content\/uploads\/2020\/11\/f-298x300.jpg 298w, https:\/\/makazek.com\/wp-content\/uploads\/2020\/11\/f-1016x1024.jpg 1016w, https:\/\/makazek.com\/wp-content\/uploads\/2020\/11\/f-150x150.jpg 150w, https:\/\/makazek.com\/wp-content\/uploads\/2020\/11\/f-768x774.jpg 768w, https:\/\/makazek.com\/wp-content\/uploads\/2020\/11\/f-1524x1536.jpg 1524w, https:\/\/makazek.com\/wp-content\/uploads\/2020\/11\/f-2032x2048.jpg 2032w, https:\/\/makazek.com\/wp-content\/uploads\/2020\/11\/f-700x705.jpg 700w, https:\/\/makazek.com\/wp-content\/uploads\/2020\/11\/f-1100x1108.jpg 1100w, https:\/\/makazek.com\/wp-content\/uploads\/2020\/11\/f-600x605.jpg 600w, https:\/\/makazek.com\/wp-content\/uploads\/2020\/11\/f-100x100.jpg 100w\" sizes=\"auto, (max-width: 439px) 100vw, 439px\" \/><\/p>","protected":false},"excerpt":{"rendered":"<p><span style=\"font-weight: 400;\">Nasza pierwsza propozycja w formie zestawu.<\/span><\/p>\n<p>&nbsp;<\/p>\n<p><span style=\"font-weight: 400;\"> To bardzo proste.<\/span><\/p>\n<p>&nbsp;<\/p>\n<p><span style=\"font-weight: 400;\">Wybierz 3 dowolne \u015bwiece o pojemno\u015bci 120 ml, <\/span><\/p>\n<p><span style=\"font-weight: 400;\">a my spakujemy je w pude\u0142ko, kt\u00f3re samo w sobie jest ma\u0142ym arcydzie\u0142em.<\/span><\/p>\n<p>&nbsp;<\/p>\n<p><span style=\"font-weight: 400;\">Powa\u017cnie!<\/span><\/p>\n<p>&nbsp;<\/p>\n<p><span style=\"font-weight: 400;\"> Nada si\u0119 do przechowania drobnych rzeczy, sprawdzi si\u0119 jako torebka podczas wieczornego wyj\u015bcia, <\/span><\/p>\n<p><span style=\"font-weight: 400;\">u nas z powodzeniem robi te\u017c za ozdob\u0119 na \u015bwie\u017co odrestaurowanym regale. <\/span><\/p>\n<p>&nbsp;<\/p>\n<p><span style=\"font-weight: 400;\">You name it!<\/span><\/p>","protected":false},"featured_media":6389,"comment_status":"open","ping_status":"closed","template":"","meta":[],"product_brand":[],"product_cat":[75],"product_tag":[],"class_list":{"0":"post-1495","1":"product","2":"type-product","3":"status-publish","4":"has-post-thumbnail","6":"product_cat-giftideas","8":"first","9":"instock","10":"shipping-taxable","11":"purchasable","12":"product-type-variable","13":"add-to-wishlist-after_add_to_cart"},"yoast_head":"<!-- This site is optimized with the Yoast SEO plugin v27.4 - https:\/\/yoast.com\/product\/yoast-seo-wordpress\/ -->\n<title>ZESTAW - Makazek<\/title>\n<meta name=\"description\" content=\"Wybierz 3 dowolne \u015bwiece o pojemno\u015bci 120 ml,a my spakujemy je w pude\u0142ko, kt\u00f3re samo w sobie jest ma\u0142ym arcydzie\u0142em.\" \/>\n<meta name=\"robots\" content=\"index, follow, max-snippet:-1, max-image-preview:large, max-video-preview:-1\" \/>\n<link rel=\"canonical\" href=\"https:\/\/makazek.com\/en\/sklep\/zestaw\/\" \/>\n<meta property=\"og:locale\" content=\"en_GB\" \/>\n<meta property=\"og:type\" content=\"article\" \/>\n<meta property=\"og:title\" content=\"ZESTAW - Makazek\" \/>\n<meta property=\"og:description\" content=\"Wybierz 3 dowolne \u015bwiece o pojemno\u015bci 120 ml,a my spakujemy je w pude\u0142ko, kt\u00f3re samo w sobie jest ma\u0142ym arcydzie\u0142em.\" \/>\n<meta property=\"og:url\" content=\"https:\/\/makazek.com\/en\/sklep\/zestaw\/\" \/>\n<meta property=\"og:site_name\" content=\"Makazek\" \/>\n<meta property=\"article:modified_time\" content=\"2026-02-01T08:31:41+00:00\" \/>\n<meta property=\"og:image\" content=\"https:\/\/makazek.com\/wp-content\/uploads\/2021\/04\/zestaw--scaled.jpg\" \/>\n\t<meta property=\"og:image:width\" content=\"1047\" \/>\n\t<meta property=\"og:image:height\" content=\"1080\" \/>\n\t<meta property=\"og:image:type\" content=\"image\/jpeg\" \/>\n<meta name=\"twitter:card\" content=\"summary_large_image\" \/>\n<meta name=\"twitter:label1\" content=\"Estimated reading time\" \/>\n\t<meta name=\"twitter:data1\" content=\"1 minute\" \/>\n<script type=\"application\/ld+json\" class=\"yoast-schema-graph\">{\"@context\":\"https:\\\/\\\/schema.org\",\"@graph\":[{\"@type\":\"WebPage\",\"@id\":\"https:\\\/\\\/makazek.com\\\/sklep\\\/zestaw\\\/\",\"url\":\"https:\\\/\\\/makazek.com\\\/sklep\\\/zestaw\\\/\",\"name\":\"ZESTAW - Makazek\",\"isPartOf\":{\"@id\":\"https:\\\/\\\/makazek.com\\\/#website\"},\"primaryImageOfPage\":{\"@id\":\"https:\\\/\\\/makazek.com\\\/sklep\\\/zestaw\\\/#primaryimage\"},\"image\":{\"@id\":\"https:\\\/\\\/makazek.com\\\/sklep\\\/zestaw\\\/#primaryimage\"},\"thumbnailUrl\":\"https:\\\/\\\/makazek.com\\\/wp-content\\\/uploads\\\/2021\\\/04\\\/zestaw--scaled.jpg\",\"datePublished\":\"2020-11-01T18:28:01+00:00\",\"dateModified\":\"2026-02-01T08:31:41+00:00\",\"description\":\"Wybierz 3 dowolne \u015bwiece o pojemno\u015bci 120 ml,a my spakujemy je w pude\u0142ko, kt\u00f3re samo w sobie jest ma\u0142ym arcydzie\u0142em.\",\"breadcrumb\":{\"@id\":\"https:\\\/\\\/makazek.com\\\/sklep\\\/zestaw\\\/#breadcrumb\"},\"inLanguage\":\"en-GB\",\"potentialAction\":[{\"@type\":\"ReadAction\",\"target\":[\"https:\\\/\\\/makazek.com\\\/sklep\\\/zestaw\\\/\"]}]},{\"@type\":\"ImageObject\",\"inLanguage\":\"en-GB\",\"@id\":\"https:\\\/\\\/makazek.com\\\/sklep\\\/zestaw\\\/#primaryimage\",\"url\":\"https:\\\/\\\/makazek.com\\\/wp-content\\\/uploads\\\/2021\\\/04\\\/zestaw--scaled.jpg\",\"contentUrl\":\"https:\\\/\\\/makazek.com\\\/wp-content\\\/uploads\\\/2021\\\/04\\\/zestaw--scaled.jpg\",\"width\":1047,\"height\":1080},{\"@type\":\"BreadcrumbList\",\"@id\":\"https:\\\/\\\/makazek.com\\\/sklep\\\/zestaw\\\/#breadcrumb\",\"itemListElement\":[{\"@type\":\"ListItem\",\"position\":1,\"name\":\"Strona g\u0142\u00f3wna\",\"item\":\"https:\\\/\\\/makazek.com\\\/\"},{\"@type\":\"ListItem\",\"position\":2,\"name\":\"Produkty\",\"item\":\"https:\\\/\\\/makazek.com\\\/shop\\\/\"},{\"@type\":\"ListItem\",\"position\":3,\"name\":\"ZESTAW\"}]},{\"@type\":\"WebSite\",\"@id\":\"https:\\\/\\\/makazek.com\\\/#website\",\"url\":\"https:\\\/\\\/makazek.com\\\/\",\"name\":\"Makazek\",\"description\":\"Naturalne \u015awiece Zapachowe\",\"potentialAction\":[{\"@type\":\"SearchAction\",\"target\":{\"@type\":\"EntryPoint\",\"urlTemplate\":\"https:\\\/\\\/makazek.com\\\/?s={search_term_string}\"},\"query-input\":{\"@type\":\"PropertyValueSpecification\",\"valueRequired\":true,\"valueName\":\"search_term_string\"}}],\"inLanguage\":\"en-GB\"}]}<\/script>\n<!-- \/ Yoast SEO plugin. -->","yoast_head_json":{"title":"ZESTAW - Makazek","description":"Wybierz 3 dowolne \u015bwiece o pojemno\u015bci 120 ml,a my spakujemy je w pude\u0142ko, kt\u00f3re samo w sobie jest ma\u0142ym arcydzie\u0142em.","robots":{"index":"index","follow":"follow","max-snippet":"max-snippet:-1","max-image-preview":"max-image-preview:large","max-video-preview":"max-video-preview:-1"},"canonical":"https:\/\/makazek.com\/en\/sklep\/zestaw\/","og_locale":"en_GB","og_type":"article","og_title":"ZESTAW - Makazek","og_description":"Wybierz 3 dowolne \u015bwiece o pojemno\u015bci 120 ml,a my spakujemy je w pude\u0142ko, kt\u00f3re samo w sobie jest ma\u0142ym arcydzie\u0142em.","og_url":"https:\/\/makazek.com\/en\/sklep\/zestaw\/","og_site_name":"Makazek","article_modified_time":"2026-02-01T08:31:41+00:00","og_image":[{"width":1047,"height":1080,"url":"https:\/\/makazek.com\/wp-content\/uploads\/2021\/04\/zestaw--scaled.jpg","type":"image\/jpeg"}],"twitter_card":"summary_large_image","twitter_misc":{"Estimated reading time":"1 minute"},"schema":{"@context":"https:\/\/schema.org","@graph":[{"@type":"WebPage","@id":"https:\/\/makazek.com\/sklep\/zestaw\/","url":"https:\/\/makazek.com\/sklep\/zestaw\/","name":"ZESTAW - Makazek","isPartOf":{"@id":"https:\/\/makazek.com\/#website"},"primaryImageOfPage":{"@id":"https:\/\/makazek.com\/sklep\/zestaw\/#primaryimage"},"image":{"@id":"https:\/\/makazek.com\/sklep\/zestaw\/#primaryimage"},"thumbnailUrl":"https:\/\/makazek.com\/wp-content\/uploads\/2021\/04\/zestaw--scaled.jpg","datePublished":"2020-11-01T18:28:01+00:00","dateModified":"2026-02-01T08:31:41+00:00","description":"Wybierz 3 dowolne \u015bwiece o pojemno\u015bci 120 ml,a my spakujemy je w pude\u0142ko, kt\u00f3re samo w sobie jest ma\u0142ym arcydzie\u0142em.","breadcrumb":{"@id":"https:\/\/makazek.com\/sklep\/zestaw\/#breadcrumb"},"inLanguage":"en-GB","potentialAction":[{"@type":"ReadAction","target":["https:\/\/makazek.com\/sklep\/zestaw\/"]}]},{"@type":"ImageObject","inLanguage":"en-GB","@id":"https:\/\/makazek.com\/sklep\/zestaw\/#primaryimage","url":"https:\/\/makazek.com\/wp-content\/uploads\/2021\/04\/zestaw--scaled.jpg","contentUrl":"https:\/\/makazek.com\/wp-content\/uploads\/2021\/04\/zestaw--scaled.jpg","width":1047,"height":1080},{"@type":"BreadcrumbList","@id":"https:\/\/makazek.com\/sklep\/zestaw\/#breadcrumb","itemListElement":[{"@type":"ListItem","position":1,"name":"Strona g\u0142\u00f3wna","item":"https:\/\/makazek.com\/"},{"@type":"ListItem","position":2,"name":"Produkty","item":"https:\/\/makazek.com\/shop\/"},{"@type":"ListItem","position":3,"name":"ZESTAW"}]},{"@type":"WebSite","@id":"https:\/\/makazek.com\/#website","url":"https:\/\/makazek.com\/","name":"Makazek","description":"Naturalne \u015awiece Zapachowe","potentialAction":[{"@type":"SearchAction","target":{"@type":"EntryPoint","urlTemplate":"https:\/\/makazek.com\/?s={search_term_string}"},"query-input":{"@type":"PropertyValueSpecification","valueRequired":true,"valueName":"search_term_string"}}],"inLanguage":"en-GB"}]}},"_links":{"self":[{"href":"https:\/\/makazek.com\/en\/wp-json\/wp\/v2\/product\/1495","targetHints":{"allow":["GET"]}}],"collection":[{"href":"https:\/\/makazek.com\/en\/wp-json\/wp\/v2\/product"}],"about":[{"href":"https:\/\/makazek.com\/en\/wp-json\/wp\/v2\/types\/product"}],"replies":[{"embeddable":true,"href":"https:\/\/makazek.com\/en\/wp-json\/wp\/v2\/comments?post=1495"}],"wp:featuredmedia":[{"embeddable":true,"href":"https:\/\/makazek.com\/en\/wp-json\/wp\/v2\/media\/6389"}],"wp:attachment":[{"href":"https:\/\/makazek.com\/en\/wp-json\/wp\/v2\/media?parent=1495"}],"wp:term":[{"taxonomy":"product_brand","embeddable":true,"href":"https:\/\/makazek.com\/en\/wp-json\/wp\/v2\/product_brand?post=1495"},{"taxonomy":"product_cat","embeddable":true,"href":"https:\/\/makazek.com\/en\/wp-json\/wp\/v2\/product_cat?post=1495"},{"taxonomy":"product_tag","embeddable":true,"href":"https:\/\/makazek.com\/en\/wp-json\/wp\/v2\/product_tag?post=1495"}],"curies":[{"name":"wp","href":"https:\/\/api.w.org\/{rel}","templated":true}]}}