{"id":9096,"date":"2024-11-12T14:46:11","date_gmt":"2024-11-12T13:46:11","guid":{"rendered":"https:\/\/makazek.com\/?post_type=product&#038;p=9096"},"modified":"2026-02-01T08:37:56","modified_gmt":"2026-02-01T07:37:56","slug":"kosmos-2","status":"publish","type":"product","link":"https:\/\/makazek.com\/en\/sklep\/kosmos-2\/","title":{"rendered":"Cosmos"},"content":{"rendered":"<p><strong>Ingredients:<\/strong>\u00a0perfume&#8217;s alcohol, premium phthalate-free fragrance oils<br \/>\n<b>How to use:\u00a0<\/b>spray directly onto materials, space or clothing<br \/>\n<strong>50 ml \/ white glass bottle<\/strong><br \/>\n<strong>Hand crafted at our studio based in Warsaw<\/strong><\/p>\n<p><em>Would you like to create your own scent? <\/em><br \/>\n<em>Join our scented workshops at Smolna 14<\/em><\/p>","protected":false},"excerpt":{"rendered":"<p>Mgie\u0142kowa adaptacja naszego absolutnego przeboju, czyli \u015bwiecy Kosmos, kt\u00f3r\u0105 darzycie nies\u0142abn\u0105cym uczuciem since 2020.<\/p>\n<p>Galaktyczny bezkres uchwycony w nowym wydaniu!<\/p>\n<p>&nbsp;<\/p>\n<p><strong>TOP: sugar<\/strong><br \/>\n<strong>MID: tonka, grapefruit<\/strong><br \/>\n<strong>BASE: musk, burned sugar\u00a0<\/strong><\/p>","protected":false},"featured_media":10177,"comment_status":"open","ping_status":"closed","template":"","meta":[],"product_brand":[],"product_cat":[82],"product_tag":[],"class_list":{"0":"post-9096","1":"product","2":"type-product","3":"status-publish","4":"has-post-thumbnail","6":"product_cat-mgielki","8":"first","9":"instock","10":"shipping-taxable","11":"purchasable","12":"product-type-simple","13":"add-to-wishlist-after_add_to_cart"},"yoast_head":"<!-- This site is optimized with the Yoast SEO plugin v27.4 - https:\/\/yoast.com\/product\/yoast-seo-wordpress\/ -->\n<title>Cosmos - Makazek<\/title>\n<meta name=\"description\" content=\"Tajemniczy jak Nostromo, kusz\u0105cy jak portal do innego wymiaru, mroczny jak bezkres galaktyki. Prawdziwy orygina\u0142.Silnie balsamiczny, s\u0142odki i pudrowy.\" \/>\n<meta name=\"robots\" content=\"index, follow, max-snippet:-1, max-image-preview:large, max-video-preview:-1\" \/>\n<link rel=\"canonical\" href=\"https:\/\/makazek.com\/en\/sklep\/kosmos-2\/\" \/>\n<meta property=\"og:locale\" content=\"en_GB\" \/>\n<meta property=\"og:type\" content=\"article\" \/>\n<meta property=\"og:title\" content=\"Cosmos - Makazek\" \/>\n<meta property=\"og:description\" content=\"Tajemniczy jak Nostromo, kusz\u0105cy jak portal do innego wymiaru, mroczny jak bezkres galaktyki. Prawdziwy orygina\u0142.Silnie balsamiczny, s\u0142odki i pudrowy.\" \/>\n<meta property=\"og:url\" content=\"https:\/\/makazek.com\/en\/sklep\/kosmos-2\/\" \/>\n<meta property=\"og:site_name\" content=\"Makazek\" \/>\n<meta property=\"article:modified_time\" content=\"2026-02-01T07:37:56+00:00\" \/>\n<meta property=\"og:image\" content=\"https:\/\/makazek.com\/wp-content\/uploads\/2024\/11\/mgielka-kosmos-scaled.jpg\" \/>\n\t<meta property=\"og:image:width\" content=\"1692\" \/>\n\t<meta property=\"og:image:height\" content=\"2560\" \/>\n\t<meta property=\"og:image:type\" content=\"image\/jpeg\" \/>\n<meta name=\"twitter:card\" content=\"summary_large_image\" \/>\n<meta name=\"twitter:label1\" content=\"Estimated reading time\" \/>\n\t<meta name=\"twitter:data1\" content=\"1 minute\" \/>\n<script type=\"application\/ld+json\" class=\"yoast-schema-graph\">{\"@context\":\"https:\\\/\\\/schema.org\",\"@graph\":[{\"@type\":\"WebPage\",\"@id\":\"https:\\\/\\\/makazek.com\\\/sklep\\\/kosmos-2\\\/\",\"url\":\"https:\\\/\\\/makazek.com\\\/sklep\\\/kosmos-2\\\/\",\"name\":\"Cosmos - Makazek\",\"isPartOf\":{\"@id\":\"https:\\\/\\\/makazek.com\\\/#website\"},\"primaryImageOfPage\":{\"@id\":\"https:\\\/\\\/makazek.com\\\/sklep\\\/kosmos-2\\\/#primaryimage\"},\"image\":{\"@id\":\"https:\\\/\\\/makazek.com\\\/sklep\\\/kosmos-2\\\/#primaryimage\"},\"thumbnailUrl\":\"https:\\\/\\\/makazek.com\\\/wp-content\\\/uploads\\\/2024\\\/11\\\/mgielka-kosmos-scaled.jpg\",\"datePublished\":\"2024-11-12T13:46:11+00:00\",\"dateModified\":\"2026-02-01T07:37:56+00:00\",\"description\":\"Tajemniczy jak Nostromo, kusz\u0105cy jak portal do innego wymiaru, mroczny jak bezkres galaktyki. Prawdziwy orygina\u0142.Silnie balsamiczny, s\u0142odki i pudrowy.\",\"breadcrumb\":{\"@id\":\"https:\\\/\\\/makazek.com\\\/sklep\\\/kosmos-2\\\/#breadcrumb\"},\"inLanguage\":\"en-GB\",\"potentialAction\":[{\"@type\":\"ReadAction\",\"target\":[\"https:\\\/\\\/makazek.com\\\/sklep\\\/kosmos-2\\\/\"]}]},{\"@type\":\"ImageObject\",\"inLanguage\":\"en-GB\",\"@id\":\"https:\\\/\\\/makazek.com\\\/sklep\\\/kosmos-2\\\/#primaryimage\",\"url\":\"https:\\\/\\\/makazek.com\\\/wp-content\\\/uploads\\\/2024\\\/11\\\/mgielka-kosmos-scaled.jpg\",\"contentUrl\":\"https:\\\/\\\/makazek.com\\\/wp-content\\\/uploads\\\/2024\\\/11\\\/mgielka-kosmos-scaled.jpg\",\"width\":1692,\"height\":2560},{\"@type\":\"BreadcrumbList\",\"@id\":\"https:\\\/\\\/makazek.com\\\/sklep\\\/kosmos-2\\\/#breadcrumb\",\"itemListElement\":[{\"@type\":\"ListItem\",\"position\":1,\"name\":\"Strona g\u0142\u00f3wna\",\"item\":\"https:\\\/\\\/makazek.com\\\/\"},{\"@type\":\"ListItem\",\"position\":2,\"name\":\"Produkty\",\"item\":\"https:\\\/\\\/makazek.com\\\/shop\\\/\"},{\"@type\":\"ListItem\",\"position\":3,\"name\":\"Cosmos\"}]},{\"@type\":\"WebSite\",\"@id\":\"https:\\\/\\\/makazek.com\\\/#website\",\"url\":\"https:\\\/\\\/makazek.com\\\/\",\"name\":\"Makazek\",\"description\":\"Naturalne \u015awiece Zapachowe\",\"potentialAction\":[{\"@type\":\"SearchAction\",\"target\":{\"@type\":\"EntryPoint\",\"urlTemplate\":\"https:\\\/\\\/makazek.com\\\/?s={search_term_string}\"},\"query-input\":{\"@type\":\"PropertyValueSpecification\",\"valueRequired\":true,\"valueName\":\"search_term_string\"}}],\"inLanguage\":\"en-GB\"}]}<\/script>\n<!-- \/ Yoast SEO plugin. -->","yoast_head_json":{"title":"Cosmos - Makazek","description":"Tajemniczy jak Nostromo, kusz\u0105cy jak portal do innego wymiaru, mroczny jak bezkres galaktyki. Prawdziwy orygina\u0142.Silnie balsamiczny, s\u0142odki i pudrowy.","robots":{"index":"index","follow":"follow","max-snippet":"max-snippet:-1","max-image-preview":"max-image-preview:large","max-video-preview":"max-video-preview:-1"},"canonical":"https:\/\/makazek.com\/en\/sklep\/kosmos-2\/","og_locale":"en_GB","og_type":"article","og_title":"Cosmos - Makazek","og_description":"Tajemniczy jak Nostromo, kusz\u0105cy jak portal do innego wymiaru, mroczny jak bezkres galaktyki. Prawdziwy orygina\u0142.Silnie balsamiczny, s\u0142odki i pudrowy.","og_url":"https:\/\/makazek.com\/en\/sklep\/kosmos-2\/","og_site_name":"Makazek","article_modified_time":"2026-02-01T07:37:56+00:00","og_image":[{"width":1692,"height":2560,"url":"https:\/\/makazek.com\/wp-content\/uploads\/2024\/11\/mgielka-kosmos-scaled.jpg","type":"image\/jpeg"}],"twitter_card":"summary_large_image","twitter_misc":{"Estimated reading time":"1 minute"},"schema":{"@context":"https:\/\/schema.org","@graph":[{"@type":"WebPage","@id":"https:\/\/makazek.com\/sklep\/kosmos-2\/","url":"https:\/\/makazek.com\/sklep\/kosmos-2\/","name":"Cosmos - Makazek","isPartOf":{"@id":"https:\/\/makazek.com\/#website"},"primaryImageOfPage":{"@id":"https:\/\/makazek.com\/sklep\/kosmos-2\/#primaryimage"},"image":{"@id":"https:\/\/makazek.com\/sklep\/kosmos-2\/#primaryimage"},"thumbnailUrl":"https:\/\/makazek.com\/wp-content\/uploads\/2024\/11\/mgielka-kosmos-scaled.jpg","datePublished":"2024-11-12T13:46:11+00:00","dateModified":"2026-02-01T07:37:56+00:00","description":"Tajemniczy jak Nostromo, kusz\u0105cy jak portal do innego wymiaru, mroczny jak bezkres galaktyki. Prawdziwy orygina\u0142.Silnie balsamiczny, s\u0142odki i pudrowy.","breadcrumb":{"@id":"https:\/\/makazek.com\/sklep\/kosmos-2\/#breadcrumb"},"inLanguage":"en-GB","potentialAction":[{"@type":"ReadAction","target":["https:\/\/makazek.com\/sklep\/kosmos-2\/"]}]},{"@type":"ImageObject","inLanguage":"en-GB","@id":"https:\/\/makazek.com\/sklep\/kosmos-2\/#primaryimage","url":"https:\/\/makazek.com\/wp-content\/uploads\/2024\/11\/mgielka-kosmos-scaled.jpg","contentUrl":"https:\/\/makazek.com\/wp-content\/uploads\/2024\/11\/mgielka-kosmos-scaled.jpg","width":1692,"height":2560},{"@type":"BreadcrumbList","@id":"https:\/\/makazek.com\/sklep\/kosmos-2\/#breadcrumb","itemListElement":[{"@type":"ListItem","position":1,"name":"Strona g\u0142\u00f3wna","item":"https:\/\/makazek.com\/"},{"@type":"ListItem","position":2,"name":"Produkty","item":"https:\/\/makazek.com\/shop\/"},{"@type":"ListItem","position":3,"name":"Cosmos"}]},{"@type":"WebSite","@id":"https:\/\/makazek.com\/#website","url":"https:\/\/makazek.com\/","name":"Makazek","description":"Naturalne \u015awiece Zapachowe","potentialAction":[{"@type":"SearchAction","target":{"@type":"EntryPoint","urlTemplate":"https:\/\/makazek.com\/?s={search_term_string}"},"query-input":{"@type":"PropertyValueSpecification","valueRequired":true,"valueName":"search_term_string"}}],"inLanguage":"en-GB"}]}},"_links":{"self":[{"href":"https:\/\/makazek.com\/en\/wp-json\/wp\/v2\/product\/9096","targetHints":{"allow":["GET"]}}],"collection":[{"href":"https:\/\/makazek.com\/en\/wp-json\/wp\/v2\/product"}],"about":[{"href":"https:\/\/makazek.com\/en\/wp-json\/wp\/v2\/types\/product"}],"replies":[{"embeddable":true,"href":"https:\/\/makazek.com\/en\/wp-json\/wp\/v2\/comments?post=9096"}],"wp:featuredmedia":[{"embeddable":true,"href":"https:\/\/makazek.com\/en\/wp-json\/wp\/v2\/media\/10177"}],"wp:attachment":[{"href":"https:\/\/makazek.com\/en\/wp-json\/wp\/v2\/media?parent=9096"}],"wp:term":[{"taxonomy":"product_brand","embeddable":true,"href":"https:\/\/makazek.com\/en\/wp-json\/wp\/v2\/product_brand?post=9096"},{"taxonomy":"product_cat","embeddable":true,"href":"https:\/\/makazek.com\/en\/wp-json\/wp\/v2\/product_cat?post=9096"},{"taxonomy":"product_tag","embeddable":true,"href":"https:\/\/makazek.com\/en\/wp-json\/wp\/v2\/product_tag?post=9096"}],"curies":[{"name":"wp","href":"https:\/\/api.w.org\/{rel}","templated":true}]}}