{"id":9117,"date":"2024-11-12T14:58:56","date_gmt":"2024-11-12T13:58:56","guid":{"rendered":"https:\/\/makazek.com\/?post_type=product&#038;p=9117"},"modified":"2026-03-22T09:18:59","modified_gmt":"2026-03-22T08:18:59","slug":"drzewo-sandalowe-figa-malina","status":"publish","type":"product","link":"https:\/\/makazek.com\/en\/sklep\/drzewo-sandalowe-figa-malina\/","title":{"rendered":"Gun Powder"},"content":{"rendered":"<p><strong>Ingredients:<\/strong>\u00a0perfume&#8217;s alcohol, premium phthalate-free fragrance oils<br \/>\n<b>How to use:\u00a0<\/b>spray directly onto materials, space or clothing<br \/>\n<strong>50 ml \/ white glass bottle<\/strong><br \/>\n<strong>Hand crafted at our studio based in Warsaw<\/strong><\/p>\n<p><em>Would you like to create your own scent? <\/em><br \/>\n<em>Join our scented workshops at Smolna 14<\/em><\/p>","protected":false},"excerpt":{"rendered":"<p>Mgie\u0142ka Gun Powder gwarantuje niezapomnian\u0105 przygod\u0119, bo na pytanie: \u201eCzym pachniesz?\u201d<\/p>\n<p>mo\u017cna wypali\u0107 \u201eProchem strzelniczym\u2026&#8221; Trafiony, zatopiony.<\/p>\n<p>&nbsp;<\/p>\n<p>&nbsp;<\/p>\n<p><strong>TOP: Grainy Accord<\/strong><br \/>\n<strong>MID: Black Pepper, Patchouli\u00a0<\/strong><br \/>\n<strong>BASE: Oakmoss Absolute, Black Musk<\/strong><\/p>","protected":false},"featured_media":10176,"comment_status":"open","ping_status":"closed","template":"","meta":[],"product_brand":[],"product_cat":[82],"product_tag":[],"class_list":{"0":"post-9117","1":"product","2":"type-product","3":"status-publish","4":"has-post-thumbnail","6":"product_cat-mgielki","8":"first","9":"outofstock","10":"shipping-taxable","11":"purchasable","12":"product-type-simple","13":"add-to-wishlist-after_add_to_cart"},"yoast_head":"<!-- This site is optimized with the Yoast SEO plugin v27.4 - https:\/\/yoast.com\/product\/yoast-seo-wordpress\/ -->\n<title>Gun Powder - Makazek<\/title>\n<meta name=\"description\" content=\"Mgie\u0142ka Gun Powder gwarantuje niezapomnian\u0105 przygod\u0119, bo na pytanie: \u201eCzym pachniesz?\u201d mo\u017cna wypali\u0107 \u201eProchem strzelniczym\u2026&quot; Trafiony, zatopiony.\" \/>\n<meta name=\"robots\" content=\"index, follow, max-snippet:-1, max-image-preview:large, max-video-preview:-1\" \/>\n<link rel=\"canonical\" href=\"https:\/\/makazek.com\/en\/sklep\/drzewo-sandalowe-figa-malina\/\" \/>\n<meta property=\"og:locale\" content=\"en_GB\" \/>\n<meta property=\"og:type\" content=\"article\" \/>\n<meta property=\"og:title\" content=\"Gun Powder - Makazek\" \/>\n<meta property=\"og:description\" content=\"Mgie\u0142ka Gun Powder gwarantuje niezapomnian\u0105 przygod\u0119, bo na pytanie: \u201eCzym pachniesz?\u201d mo\u017cna wypali\u0107 \u201eProchem strzelniczym\u2026&quot; Trafiony, zatopiony.\" \/>\n<meta property=\"og:url\" content=\"https:\/\/makazek.com\/en\/sklep\/drzewo-sandalowe-figa-malina\/\" \/>\n<meta property=\"og:site_name\" content=\"Makazek\" \/>\n<meta property=\"article:modified_time\" content=\"2026-03-22T08:18:59+00:00\" \/>\n<meta property=\"og:image\" content=\"https:\/\/makazek.com\/wp-content\/uploads\/2024\/11\/gunpowder-1-scaled.jpg\" \/>\n\t<meta property=\"og:image:width\" content=\"1707\" \/>\n\t<meta property=\"og:image:height\" content=\"2560\" \/>\n\t<meta property=\"og:image:type\" content=\"image\/jpeg\" \/>\n<meta name=\"twitter:card\" content=\"summary_large_image\" \/>\n<meta name=\"twitter:label1\" content=\"Estimated reading time\" \/>\n\t<meta name=\"twitter:data1\" content=\"1 minute\" \/>\n<script type=\"application\/ld+json\" class=\"yoast-schema-graph\">{\"@context\":\"https:\\\/\\\/schema.org\",\"@graph\":[{\"@type\":\"WebPage\",\"@id\":\"https:\\\/\\\/makazek.com\\\/sklep\\\/drzewo-sandalowe-figa-malina\\\/\",\"url\":\"https:\\\/\\\/makazek.com\\\/sklep\\\/drzewo-sandalowe-figa-malina\\\/\",\"name\":\"Gun Powder - Makazek\",\"isPartOf\":{\"@id\":\"https:\\\/\\\/makazek.com\\\/#website\"},\"primaryImageOfPage\":{\"@id\":\"https:\\\/\\\/makazek.com\\\/sklep\\\/drzewo-sandalowe-figa-malina\\\/#primaryimage\"},\"image\":{\"@id\":\"https:\\\/\\\/makazek.com\\\/sklep\\\/drzewo-sandalowe-figa-malina\\\/#primaryimage\"},\"thumbnailUrl\":\"https:\\\/\\\/makazek.com\\\/wp-content\\\/uploads\\\/2024\\\/11\\\/gunpowder-1-scaled.jpg\",\"datePublished\":\"2024-11-12T13:58:56+00:00\",\"dateModified\":\"2026-03-22T08:18:59+00:00\",\"description\":\"Mgie\u0142ka Gun Powder gwarantuje niezapomnian\u0105 przygod\u0119, bo na pytanie: \u201eCzym pachniesz?\u201d mo\u017cna wypali\u0107 \u201eProchem strzelniczym\u2026\\\" Trafiony, zatopiony.\",\"breadcrumb\":{\"@id\":\"https:\\\/\\\/makazek.com\\\/sklep\\\/drzewo-sandalowe-figa-malina\\\/#breadcrumb\"},\"inLanguage\":\"en-GB\",\"potentialAction\":[{\"@type\":\"ReadAction\",\"target\":[\"https:\\\/\\\/makazek.com\\\/sklep\\\/drzewo-sandalowe-figa-malina\\\/\"]}]},{\"@type\":\"ImageObject\",\"inLanguage\":\"en-GB\",\"@id\":\"https:\\\/\\\/makazek.com\\\/sklep\\\/drzewo-sandalowe-figa-malina\\\/#primaryimage\",\"url\":\"https:\\\/\\\/makazek.com\\\/wp-content\\\/uploads\\\/2024\\\/11\\\/gunpowder-1-scaled.jpg\",\"contentUrl\":\"https:\\\/\\\/makazek.com\\\/wp-content\\\/uploads\\\/2024\\\/11\\\/gunpowder-1-scaled.jpg\",\"width\":1707,\"height\":2560},{\"@type\":\"BreadcrumbList\",\"@id\":\"https:\\\/\\\/makazek.com\\\/sklep\\\/drzewo-sandalowe-figa-malina\\\/#breadcrumb\",\"itemListElement\":[{\"@type\":\"ListItem\",\"position\":1,\"name\":\"Strona g\u0142\u00f3wna\",\"item\":\"https:\\\/\\\/makazek.com\\\/\"},{\"@type\":\"ListItem\",\"position\":2,\"name\":\"Produkty\",\"item\":\"https:\\\/\\\/makazek.com\\\/shop\\\/\"},{\"@type\":\"ListItem\",\"position\":3,\"name\":\"Gun Powder\"}]},{\"@type\":\"WebSite\",\"@id\":\"https:\\\/\\\/makazek.com\\\/#website\",\"url\":\"https:\\\/\\\/makazek.com\\\/\",\"name\":\"Makazek\",\"description\":\"Naturalne \u015awiece Zapachowe\",\"potentialAction\":[{\"@type\":\"SearchAction\",\"target\":{\"@type\":\"EntryPoint\",\"urlTemplate\":\"https:\\\/\\\/makazek.com\\\/?s={search_term_string}\"},\"query-input\":{\"@type\":\"PropertyValueSpecification\",\"valueRequired\":true,\"valueName\":\"search_term_string\"}}],\"inLanguage\":\"en-GB\"}]}<\/script>\n<!-- \/ Yoast SEO plugin. -->","yoast_head_json":{"title":"Gun Powder - Makazek","description":"Mgie\u0142ka Gun Powder gwarantuje niezapomnian\u0105 przygod\u0119, bo na pytanie: \u201eCzym pachniesz?\u201d mo\u017cna wypali\u0107 \u201eProchem strzelniczym\u2026\" Trafiony, zatopiony.","robots":{"index":"index","follow":"follow","max-snippet":"max-snippet:-1","max-image-preview":"max-image-preview:large","max-video-preview":"max-video-preview:-1"},"canonical":"https:\/\/makazek.com\/en\/sklep\/drzewo-sandalowe-figa-malina\/","og_locale":"en_GB","og_type":"article","og_title":"Gun Powder - Makazek","og_description":"Mgie\u0142ka Gun Powder gwarantuje niezapomnian\u0105 przygod\u0119, bo na pytanie: \u201eCzym pachniesz?\u201d mo\u017cna wypali\u0107 \u201eProchem strzelniczym\u2026\" Trafiony, zatopiony.","og_url":"https:\/\/makazek.com\/en\/sklep\/drzewo-sandalowe-figa-malina\/","og_site_name":"Makazek","article_modified_time":"2026-03-22T08:18:59+00:00","og_image":[{"width":1707,"height":2560,"url":"https:\/\/makazek.com\/wp-content\/uploads\/2024\/11\/gunpowder-1-scaled.jpg","type":"image\/jpeg"}],"twitter_card":"summary_large_image","twitter_misc":{"Estimated reading time":"1 minute"},"schema":{"@context":"https:\/\/schema.org","@graph":[{"@type":"WebPage","@id":"https:\/\/makazek.com\/sklep\/drzewo-sandalowe-figa-malina\/","url":"https:\/\/makazek.com\/sklep\/drzewo-sandalowe-figa-malina\/","name":"Gun Powder - Makazek","isPartOf":{"@id":"https:\/\/makazek.com\/#website"},"primaryImageOfPage":{"@id":"https:\/\/makazek.com\/sklep\/drzewo-sandalowe-figa-malina\/#primaryimage"},"image":{"@id":"https:\/\/makazek.com\/sklep\/drzewo-sandalowe-figa-malina\/#primaryimage"},"thumbnailUrl":"https:\/\/makazek.com\/wp-content\/uploads\/2024\/11\/gunpowder-1-scaled.jpg","datePublished":"2024-11-12T13:58:56+00:00","dateModified":"2026-03-22T08:18:59+00:00","description":"Mgie\u0142ka Gun Powder gwarantuje niezapomnian\u0105 przygod\u0119, bo na pytanie: \u201eCzym pachniesz?\u201d mo\u017cna wypali\u0107 \u201eProchem strzelniczym\u2026\" Trafiony, zatopiony.","breadcrumb":{"@id":"https:\/\/makazek.com\/sklep\/drzewo-sandalowe-figa-malina\/#breadcrumb"},"inLanguage":"en-GB","potentialAction":[{"@type":"ReadAction","target":["https:\/\/makazek.com\/sklep\/drzewo-sandalowe-figa-malina\/"]}]},{"@type":"ImageObject","inLanguage":"en-GB","@id":"https:\/\/makazek.com\/sklep\/drzewo-sandalowe-figa-malina\/#primaryimage","url":"https:\/\/makazek.com\/wp-content\/uploads\/2024\/11\/gunpowder-1-scaled.jpg","contentUrl":"https:\/\/makazek.com\/wp-content\/uploads\/2024\/11\/gunpowder-1-scaled.jpg","width":1707,"height":2560},{"@type":"BreadcrumbList","@id":"https:\/\/makazek.com\/sklep\/drzewo-sandalowe-figa-malina\/#breadcrumb","itemListElement":[{"@type":"ListItem","position":1,"name":"Strona g\u0142\u00f3wna","item":"https:\/\/makazek.com\/"},{"@type":"ListItem","position":2,"name":"Produkty","item":"https:\/\/makazek.com\/shop\/"},{"@type":"ListItem","position":3,"name":"Gun Powder"}]},{"@type":"WebSite","@id":"https:\/\/makazek.com\/#website","url":"https:\/\/makazek.com\/","name":"Makazek","description":"Naturalne \u015awiece Zapachowe","potentialAction":[{"@type":"SearchAction","target":{"@type":"EntryPoint","urlTemplate":"https:\/\/makazek.com\/?s={search_term_string}"},"query-input":{"@type":"PropertyValueSpecification","valueRequired":true,"valueName":"search_term_string"}}],"inLanguage":"en-GB"}]}},"_links":{"self":[{"href":"https:\/\/makazek.com\/en\/wp-json\/wp\/v2\/product\/9117","targetHints":{"allow":["GET"]}}],"collection":[{"href":"https:\/\/makazek.com\/en\/wp-json\/wp\/v2\/product"}],"about":[{"href":"https:\/\/makazek.com\/en\/wp-json\/wp\/v2\/types\/product"}],"replies":[{"embeddable":true,"href":"https:\/\/makazek.com\/en\/wp-json\/wp\/v2\/comments?post=9117"}],"wp:featuredmedia":[{"embeddable":true,"href":"https:\/\/makazek.com\/en\/wp-json\/wp\/v2\/media\/10176"}],"wp:attachment":[{"href":"https:\/\/makazek.com\/en\/wp-json\/wp\/v2\/media?parent=9117"}],"wp:term":[{"taxonomy":"product_brand","embeddable":true,"href":"https:\/\/makazek.com\/en\/wp-json\/wp\/v2\/product_brand?post=9117"},{"taxonomy":"product_cat","embeddable":true,"href":"https:\/\/makazek.com\/en\/wp-json\/wp\/v2\/product_cat?post=9117"},{"taxonomy":"product_tag","embeddable":true,"href":"https:\/\/makazek.com\/en\/wp-json\/wp\/v2\/product_tag?post=9117"}],"curies":[{"name":"wp","href":"https:\/\/api.w.org\/{rel}","templated":true}]}}