{"id":9137,"date":"2024-11-18T17:53:27","date_gmt":"2024-11-18T16:53:27","guid":{"rendered":"https:\/\/makazek.com\/?post_type=product&#038;p=9137"},"modified":"2024-12-09T22:18:23","modified_gmt":"2024-12-09T21:18:23","slug":"voucher","status":"publish","type":"product","link":"https:\/\/makazek.com\/en\/sklep\/voucher\/","title":{"rendered":"VOUCHER"},"content":{"rendered":"","protected":false},"excerpt":{"rendered":"<p>Tego jeszcze nie grali\u015bmy!<br \/>\nMakazkowe vouchery na zakupy w naszym sklepie wjecha\u0142y na stan.<br \/>\nCz\u0119stujcie si\u0119, obdarowujcie i niech Odyn nad Wami czuwa \ud83d\ude42<\/p>\n<p>&nbsp;<\/p>\n<p><em>* voucher online *\u00a0<\/em><br \/>\n<i>prosimy o wpisanie adresu mailowego w uwagach do zam\u00f3wienia<\/i><\/p>\n<p><i>(mo\u017cliwy zakup wersji papierowej w naszym sklepie stacjonarnym.<br \/>\nSmolna 14, Warszawa)<\/i><\/p>\n<p>&nbsp;<\/p>\n<p>Projekt :\u00a0<strong><span class=\"qu\" tabindex=\"-1\" role=\"gridcell\" translate=\"no\"><span class=\"gD\" data-hovercard-id=\"viktoriagorko@gmail.com\" data-hovercard-owner-id=\"50\">Viktoria G\u00f3rko<\/span><\/span><\/strong><\/p>","protected":false},"featured_media":9144,"comment_status":"open","ping_status":"closed","template":"","meta":[],"product_brand":[],"product_cat":[75],"product_tag":[],"class_list":{"0":"post-9137","1":"product","2":"type-product","3":"status-publish","4":"has-post-thumbnail","6":"product_cat-giftideas","8":"first","9":"instock","10":"shipping-taxable","11":"purchasable","12":"product-type-variable","13":"add-to-wishlist-after_add_to_cart"},"yoast_head":"<!-- This site is optimized with the Yoast SEO plugin v27.4 - https:\/\/yoast.com\/product\/yoast-seo-wordpress\/ -->\n<title>VOUCHER - Makazek<\/title>\n<meta name=\"description\" content=\"Voucher na \u015bwiece! Makazkowe vouchery na zakupy w naszym sklepie wjecha\u0142y na stan.Cz\u0119stujcie si\u0119, obdarowujcie i niech Odyn nad Wami czuwa :)\" \/>\n<meta name=\"robots\" content=\"index, follow, max-snippet:-1, max-image-preview:large, max-video-preview:-1\" \/>\n<link rel=\"canonical\" href=\"https:\/\/makazek.com\/en\/sklep\/voucher\/\" \/>\n<meta property=\"og:locale\" content=\"en_GB\" \/>\n<meta property=\"og:type\" content=\"article\" \/>\n<meta property=\"og:title\" content=\"VOUCHER - Makazek\" \/>\n<meta property=\"og:description\" content=\"Voucher na \u015bwiece! Makazkowe vouchery na zakupy w naszym sklepie wjecha\u0142y na stan.Cz\u0119stujcie si\u0119, obdarowujcie i niech Odyn nad Wami czuwa :)\" \/>\n<meta property=\"og:url\" content=\"https:\/\/makazek.com\/en\/sklep\/voucher\/\" \/>\n<meta property=\"og:site_name\" content=\"Makazek\" \/>\n<meta property=\"article:modified_time\" content=\"2024-12-09T21:18:23+00:00\" \/>\n<meta property=\"og:image\" content=\"https:\/\/makazek.com\/wp-content\/uploads\/2024\/11\/mockup-1-1024x1024.png\" \/>\n\t<meta property=\"og:image:width\" content=\"1024\" \/>\n\t<meta property=\"og:image:height\" content=\"1024\" \/>\n\t<meta property=\"og:image:type\" content=\"image\/png\" \/>\n<meta name=\"twitter:card\" content=\"summary_large_image\" \/>\n<meta name=\"twitter:label1\" content=\"Estimated reading time\" \/>\n\t<meta name=\"twitter:data1\" content=\"1 minute\" \/>\n<script type=\"application\/ld+json\" class=\"yoast-schema-graph\">{\"@context\":\"https:\\\/\\\/schema.org\",\"@graph\":[{\"@type\":\"WebPage\",\"@id\":\"https:\\\/\\\/makazek.com\\\/sklep\\\/voucher\\\/\",\"url\":\"https:\\\/\\\/makazek.com\\\/sklep\\\/voucher\\\/\",\"name\":\"VOUCHER - Makazek\",\"isPartOf\":{\"@id\":\"https:\\\/\\\/makazek.com\\\/#website\"},\"primaryImageOfPage\":{\"@id\":\"https:\\\/\\\/makazek.com\\\/sklep\\\/voucher\\\/#primaryimage\"},\"image\":{\"@id\":\"https:\\\/\\\/makazek.com\\\/sklep\\\/voucher\\\/#primaryimage\"},\"thumbnailUrl\":\"https:\\\/\\\/makazek.com\\\/wp-content\\\/uploads\\\/2024\\\/11\\\/mockup-1.png\",\"datePublished\":\"2024-11-18T16:53:27+00:00\",\"dateModified\":\"2024-12-09T21:18:23+00:00\",\"description\":\"Voucher na \u015bwiece! Makazkowe vouchery na zakupy w naszym sklepie wjecha\u0142y na stan.Cz\u0119stujcie si\u0119, obdarowujcie i niech Odyn nad Wami czuwa :)\",\"breadcrumb\":{\"@id\":\"https:\\\/\\\/makazek.com\\\/sklep\\\/voucher\\\/#breadcrumb\"},\"inLanguage\":\"en-GB\",\"potentialAction\":[{\"@type\":\"ReadAction\",\"target\":[\"https:\\\/\\\/makazek.com\\\/sklep\\\/voucher\\\/\"]}]},{\"@type\":\"ImageObject\",\"inLanguage\":\"en-GB\",\"@id\":\"https:\\\/\\\/makazek.com\\\/sklep\\\/voucher\\\/#primaryimage\",\"url\":\"https:\\\/\\\/makazek.com\\\/wp-content\\\/uploads\\\/2024\\\/11\\\/mockup-1.png\",\"contentUrl\":\"https:\\\/\\\/makazek.com\\\/wp-content\\\/uploads\\\/2024\\\/11\\\/mockup-1.png\",\"width\":3432,\"height\":3432},{\"@type\":\"BreadcrumbList\",\"@id\":\"https:\\\/\\\/makazek.com\\\/sklep\\\/voucher\\\/#breadcrumb\",\"itemListElement\":[{\"@type\":\"ListItem\",\"position\":1,\"name\":\"Strona g\u0142\u00f3wna\",\"item\":\"https:\\\/\\\/makazek.com\\\/\"},{\"@type\":\"ListItem\",\"position\":2,\"name\":\"Produkty\",\"item\":\"https:\\\/\\\/makazek.com\\\/shop\\\/\"},{\"@type\":\"ListItem\",\"position\":3,\"name\":\"VOUCHER\"}]},{\"@type\":\"WebSite\",\"@id\":\"https:\\\/\\\/makazek.com\\\/#website\",\"url\":\"https:\\\/\\\/makazek.com\\\/\",\"name\":\"Makazek\",\"description\":\"Naturalne \u015awiece Zapachowe\",\"potentialAction\":[{\"@type\":\"SearchAction\",\"target\":{\"@type\":\"EntryPoint\",\"urlTemplate\":\"https:\\\/\\\/makazek.com\\\/?s={search_term_string}\"},\"query-input\":{\"@type\":\"PropertyValueSpecification\",\"valueRequired\":true,\"valueName\":\"search_term_string\"}}],\"inLanguage\":\"en-GB\"}]}<\/script>\n<!-- \/ Yoast SEO plugin. -->","yoast_head_json":{"title":"VOUCHER - Makazek","description":"Voucher na \u015bwiece! Makazkowe vouchery na zakupy w naszym sklepie wjecha\u0142y na stan.Cz\u0119stujcie si\u0119, obdarowujcie i niech Odyn nad Wami czuwa :)","robots":{"index":"index","follow":"follow","max-snippet":"max-snippet:-1","max-image-preview":"max-image-preview:large","max-video-preview":"max-video-preview:-1"},"canonical":"https:\/\/makazek.com\/en\/sklep\/voucher\/","og_locale":"en_GB","og_type":"article","og_title":"VOUCHER - Makazek","og_description":"Voucher na \u015bwiece! Makazkowe vouchery na zakupy w naszym sklepie wjecha\u0142y na stan.Cz\u0119stujcie si\u0119, obdarowujcie i niech Odyn nad Wami czuwa :)","og_url":"https:\/\/makazek.com\/en\/sklep\/voucher\/","og_site_name":"Makazek","article_modified_time":"2024-12-09T21:18:23+00:00","og_image":[{"width":1024,"height":1024,"url":"https:\/\/makazek.com\/wp-content\/uploads\/2024\/11\/mockup-1-1024x1024.png","type":"image\/png"}],"twitter_card":"summary_large_image","twitter_misc":{"Estimated reading time":"1 minute"},"schema":{"@context":"https:\/\/schema.org","@graph":[{"@type":"WebPage","@id":"https:\/\/makazek.com\/sklep\/voucher\/","url":"https:\/\/makazek.com\/sklep\/voucher\/","name":"VOUCHER - Makazek","isPartOf":{"@id":"https:\/\/makazek.com\/#website"},"primaryImageOfPage":{"@id":"https:\/\/makazek.com\/sklep\/voucher\/#primaryimage"},"image":{"@id":"https:\/\/makazek.com\/sklep\/voucher\/#primaryimage"},"thumbnailUrl":"https:\/\/makazek.com\/wp-content\/uploads\/2024\/11\/mockup-1.png","datePublished":"2024-11-18T16:53:27+00:00","dateModified":"2024-12-09T21:18:23+00:00","description":"Voucher na \u015bwiece! Makazkowe vouchery na zakupy w naszym sklepie wjecha\u0142y na stan.Cz\u0119stujcie si\u0119, obdarowujcie i niech Odyn nad Wami czuwa :)","breadcrumb":{"@id":"https:\/\/makazek.com\/sklep\/voucher\/#breadcrumb"},"inLanguage":"en-GB","potentialAction":[{"@type":"ReadAction","target":["https:\/\/makazek.com\/sklep\/voucher\/"]}]},{"@type":"ImageObject","inLanguage":"en-GB","@id":"https:\/\/makazek.com\/sklep\/voucher\/#primaryimage","url":"https:\/\/makazek.com\/wp-content\/uploads\/2024\/11\/mockup-1.png","contentUrl":"https:\/\/makazek.com\/wp-content\/uploads\/2024\/11\/mockup-1.png","width":3432,"height":3432},{"@type":"BreadcrumbList","@id":"https:\/\/makazek.com\/sklep\/voucher\/#breadcrumb","itemListElement":[{"@type":"ListItem","position":1,"name":"Strona g\u0142\u00f3wna","item":"https:\/\/makazek.com\/"},{"@type":"ListItem","position":2,"name":"Produkty","item":"https:\/\/makazek.com\/shop\/"},{"@type":"ListItem","position":3,"name":"VOUCHER"}]},{"@type":"WebSite","@id":"https:\/\/makazek.com\/#website","url":"https:\/\/makazek.com\/","name":"Makazek","description":"Naturalne \u015awiece Zapachowe","potentialAction":[{"@type":"SearchAction","target":{"@type":"EntryPoint","urlTemplate":"https:\/\/makazek.com\/?s={search_term_string}"},"query-input":{"@type":"PropertyValueSpecification","valueRequired":true,"valueName":"search_term_string"}}],"inLanguage":"en-GB"}]}},"_links":{"self":[{"href":"https:\/\/makazek.com\/en\/wp-json\/wp\/v2\/product\/9137","targetHints":{"allow":["GET"]}}],"collection":[{"href":"https:\/\/makazek.com\/en\/wp-json\/wp\/v2\/product"}],"about":[{"href":"https:\/\/makazek.com\/en\/wp-json\/wp\/v2\/types\/product"}],"replies":[{"embeddable":true,"href":"https:\/\/makazek.com\/en\/wp-json\/wp\/v2\/comments?post=9137"}],"wp:featuredmedia":[{"embeddable":true,"href":"https:\/\/makazek.com\/en\/wp-json\/wp\/v2\/media\/9144"}],"wp:attachment":[{"href":"https:\/\/makazek.com\/en\/wp-json\/wp\/v2\/media?parent=9137"}],"wp:term":[{"taxonomy":"product_brand","embeddable":true,"href":"https:\/\/makazek.com\/en\/wp-json\/wp\/v2\/product_brand?post=9137"},{"taxonomy":"product_cat","embeddable":true,"href":"https:\/\/makazek.com\/en\/wp-json\/wp\/v2\/product_cat?post=9137"},{"taxonomy":"product_tag","embeddable":true,"href":"https:\/\/makazek.com\/en\/wp-json\/wp\/v2\/product_tag?post=9137"}],"curies":[{"name":"wp","href":"https:\/\/api.w.org\/{rel}","templated":true}]}}