{"id":9227,"date":"2024-12-29T20:22:40","date_gmt":"2024-12-29T19:22:40","guid":{"rendered":"https:\/\/makazek.com\/?post_type=product&#038;p=9227"},"modified":"2026-04-17T08:22:53","modified_gmt":"2026-04-17T06:22:53","slug":"warsztaty-z-tworzenia-kadzidelek","status":"publish","type":"product","link":"https:\/\/makazek.com\/en\/sklep\/warsztaty-z-tworzenia-kadzidelek\/","title":{"rendered":"Warsztaty z tworzenia kadzide\u0142"},"content":{"rendered":"","protected":false},"excerpt":{"rendered":"<p><b>Warsztaty na prezent?\u00a0<a href=\"https:\/\/makazek.com\/en\/sklep\/voucher-na-warsztaty\/\">https:\/\/makazek.com\/sklep\/voucher-na-warsztaty\/<\/a><\/b><\/p>\n<p>&nbsp;<\/p>\n<p>Warsztaty, kt\u00f3re do naszej oferty wtargn\u0119\u0142y przebojem, czyli makazkowe kadzide\u0142ka!<\/p>\n<p>Podczas godzinnych warsztat\u00f3w stworzycie w\u0142asne kompozycje zapachowe, kt\u00f3re wr\u00f3c\u0105 z Wami do dom\u00f3w w postaci 6 kadzide\u0142ek w pude\u0142ku prezentowym. Opowiem te\u017c o tym jak tworzy\u0107 kadzide\u0142ka w warunkach domowych i na co warto zwr\u00f3ci\u0107 uwag\u0119 kupuj\u0105c surowce.<\/p>\n<p>W pakiecie kawa, herbata oraz atmosfera przyjacielskiego wyj\u015bcia na miasto.<\/p>\n<p>Na warsztaty zapraszamy osoby doros\u0142e (od 18. roku \u017cycia)<\/p>\n<p>Zakup miejsca na konkretny termin dzia\u0142a na zasadzie bilet\u00f3w do kina,<br \/>\nnie przesy\u0142amy \u017cadnych potwierdze\u0144 na adres stacjonarny. Jedynie mailowe potwierdzenie zam\u00f3wienia.<\/p>\n<p>&nbsp;<\/p>\n<p><strong>Masz voucher? Na dole w zak\u0142adce 'warsztaty&#8217; znajdziesz baner jak zapisa\u0107 si\u0119 na wybrany termin \ud83d\ude42\u00a0<\/strong><\/p>","protected":false},"featured_media":10926,"comment_status":"open","ping_status":"closed","template":"","meta":[],"product_brand":[],"product_cat":[79,115],"product_tag":[],"class_list":{"0":"post-9227","1":"product","2":"type-product","3":"status-publish","4":"has-post-thumbnail","6":"product_cat-warsztaty","7":"product_cat-warsztaty-zapachowe","9":"first","10":"instock","11":"shipping-taxable","12":"purchasable","13":"product-type-variable","14":"add-to-wishlist-after_add_to_cart"},"yoast_head":"<!-- This site is optimized with the Yoast SEO plugin v27.4 - https:\/\/yoast.com\/product\/yoast-seo-wordpress\/ -->\n<title>Warsztaty z tworzenia kadzide\u0142 - Makazek<\/title>\n<meta name=\"description\" content=\"Podczas godzinnych warsztat\u00f3w stworzycie w\u0142asne kompozycje zapachowe, kt\u00f3re wr\u00f3c\u0105 z Wami do dom\u00f3w w postaci 6 kadzide\u0142ek w pude\u0142ku prezentowym.\" \/>\n<meta name=\"robots\" content=\"index, follow, max-snippet:-1, max-image-preview:large, max-video-preview:-1\" \/>\n<link rel=\"canonical\" href=\"https:\/\/makazek.com\/en\/sklep\/warsztaty-z-tworzenia-kadzidelek\/\" \/>\n<meta property=\"og:locale\" content=\"en_GB\" \/>\n<meta property=\"og:type\" content=\"article\" \/>\n<meta property=\"og:title\" content=\"Warsztaty z tworzenia kadzide\u0142 - Makazek\" \/>\n<meta property=\"og:description\" content=\"Podczas godzinnych warsztat\u00f3w stworzycie w\u0142asne kompozycje zapachowe, kt\u00f3re wr\u00f3c\u0105 z Wami do dom\u00f3w w postaci 6 kadzide\u0142ek w pude\u0142ku prezentowym.\" \/>\n<meta property=\"og:url\" content=\"https:\/\/makazek.com\/en\/sklep\/warsztaty-z-tworzenia-kadzidelek\/\" \/>\n<meta property=\"og:site_name\" content=\"Makazek\" \/>\n<meta property=\"article:modified_time\" content=\"2026-04-17T06:22:53+00:00\" \/>\n<meta property=\"og:image\" content=\"https:\/\/makazek.com\/wp-content\/uploads\/2026\/04\/KADZIDELKA-.jpg\" \/>\n\t<meta property=\"og:image:width\" content=\"2423\" \/>\n\t<meta property=\"og:image:height\" content=\"2481\" \/>\n\t<meta property=\"og:image:type\" content=\"image\/jpeg\" \/>\n<meta name=\"twitter:card\" content=\"summary_large_image\" \/>\n<meta name=\"twitter:label1\" content=\"Estimated reading time\" \/>\n\t<meta name=\"twitter:data1\" content=\"1 minute\" \/>\n<script type=\"application\/ld+json\" class=\"yoast-schema-graph\">{\"@context\":\"https:\\\/\\\/schema.org\",\"@graph\":[{\"@type\":\"WebPage\",\"@id\":\"https:\\\/\\\/makazek.com\\\/sklep\\\/warsztaty-z-tworzenia-kadzidelek\\\/\",\"url\":\"https:\\\/\\\/makazek.com\\\/sklep\\\/warsztaty-z-tworzenia-kadzidelek\\\/\",\"name\":\"Warsztaty z tworzenia kadzide\u0142 - Makazek\",\"isPartOf\":{\"@id\":\"https:\\\/\\\/makazek.com\\\/#website\"},\"primaryImageOfPage\":{\"@id\":\"https:\\\/\\\/makazek.com\\\/sklep\\\/warsztaty-z-tworzenia-kadzidelek\\\/#primaryimage\"},\"image\":{\"@id\":\"https:\\\/\\\/makazek.com\\\/sklep\\\/warsztaty-z-tworzenia-kadzidelek\\\/#primaryimage\"},\"thumbnailUrl\":\"https:\\\/\\\/makazek.com\\\/wp-content\\\/uploads\\\/2026\\\/04\\\/KADZIDELKA-.jpg\",\"datePublished\":\"2024-12-29T19:22:40+00:00\",\"dateModified\":\"2026-04-17T06:22:53+00:00\",\"description\":\"Podczas godzinnych warsztat\u00f3w stworzycie w\u0142asne kompozycje zapachowe, kt\u00f3re wr\u00f3c\u0105 z Wami do dom\u00f3w w postaci 6 kadzide\u0142ek w pude\u0142ku prezentowym.\",\"breadcrumb\":{\"@id\":\"https:\\\/\\\/makazek.com\\\/sklep\\\/warsztaty-z-tworzenia-kadzidelek\\\/#breadcrumb\"},\"inLanguage\":\"en-GB\",\"potentialAction\":[{\"@type\":\"ReadAction\",\"target\":[\"https:\\\/\\\/makazek.com\\\/sklep\\\/warsztaty-z-tworzenia-kadzidelek\\\/\"]}]},{\"@type\":\"ImageObject\",\"inLanguage\":\"en-GB\",\"@id\":\"https:\\\/\\\/makazek.com\\\/sklep\\\/warsztaty-z-tworzenia-kadzidelek\\\/#primaryimage\",\"url\":\"https:\\\/\\\/makazek.com\\\/wp-content\\\/uploads\\\/2026\\\/04\\\/KADZIDELKA-.jpg\",\"contentUrl\":\"https:\\\/\\\/makazek.com\\\/wp-content\\\/uploads\\\/2026\\\/04\\\/KADZIDELKA-.jpg\",\"width\":2423,\"height\":2481},{\"@type\":\"BreadcrumbList\",\"@id\":\"https:\\\/\\\/makazek.com\\\/sklep\\\/warsztaty-z-tworzenia-kadzidelek\\\/#breadcrumb\",\"itemListElement\":[{\"@type\":\"ListItem\",\"position\":1,\"name\":\"Strona g\u0142\u00f3wna\",\"item\":\"https:\\\/\\\/makazek.com\\\/\"},{\"@type\":\"ListItem\",\"position\":2,\"name\":\"Produkty\",\"item\":\"https:\\\/\\\/makazek.com\\\/shop\\\/\"},{\"@type\":\"ListItem\",\"position\":3,\"name\":\"Warsztaty z tworzenia kadzide\u0142\"}]},{\"@type\":\"WebSite\",\"@id\":\"https:\\\/\\\/makazek.com\\\/#website\",\"url\":\"https:\\\/\\\/makazek.com\\\/\",\"name\":\"Makazek\",\"description\":\"Naturalne \u015awiece Zapachowe\",\"potentialAction\":[{\"@type\":\"SearchAction\",\"target\":{\"@type\":\"EntryPoint\",\"urlTemplate\":\"https:\\\/\\\/makazek.com\\\/?s={search_term_string}\"},\"query-input\":{\"@type\":\"PropertyValueSpecification\",\"valueRequired\":true,\"valueName\":\"search_term_string\"}}],\"inLanguage\":\"en-GB\"}]}<\/script>\n<!-- \/ Yoast SEO plugin. -->","yoast_head_json":{"title":"Warsztaty z tworzenia kadzide\u0142 - Makazek","description":"Podczas godzinnych warsztat\u00f3w stworzycie w\u0142asne kompozycje zapachowe, kt\u00f3re wr\u00f3c\u0105 z Wami do dom\u00f3w w postaci 6 kadzide\u0142ek w pude\u0142ku prezentowym.","robots":{"index":"index","follow":"follow","max-snippet":"max-snippet:-1","max-image-preview":"max-image-preview:large","max-video-preview":"max-video-preview:-1"},"canonical":"https:\/\/makazek.com\/en\/sklep\/warsztaty-z-tworzenia-kadzidelek\/","og_locale":"en_GB","og_type":"article","og_title":"Warsztaty z tworzenia kadzide\u0142 - Makazek","og_description":"Podczas godzinnych warsztat\u00f3w stworzycie w\u0142asne kompozycje zapachowe, kt\u00f3re wr\u00f3c\u0105 z Wami do dom\u00f3w w postaci 6 kadzide\u0142ek w pude\u0142ku prezentowym.","og_url":"https:\/\/makazek.com\/en\/sklep\/warsztaty-z-tworzenia-kadzidelek\/","og_site_name":"Makazek","article_modified_time":"2026-04-17T06:22:53+00:00","og_image":[{"width":2423,"height":2481,"url":"https:\/\/makazek.com\/wp-content\/uploads\/2026\/04\/KADZIDELKA-.jpg","type":"image\/jpeg"}],"twitter_card":"summary_large_image","twitter_misc":{"Estimated reading time":"1 minute"},"schema":{"@context":"https:\/\/schema.org","@graph":[{"@type":"WebPage","@id":"https:\/\/makazek.com\/sklep\/warsztaty-z-tworzenia-kadzidelek\/","url":"https:\/\/makazek.com\/sklep\/warsztaty-z-tworzenia-kadzidelek\/","name":"Warsztaty z tworzenia kadzide\u0142 - Makazek","isPartOf":{"@id":"https:\/\/makazek.com\/#website"},"primaryImageOfPage":{"@id":"https:\/\/makazek.com\/sklep\/warsztaty-z-tworzenia-kadzidelek\/#primaryimage"},"image":{"@id":"https:\/\/makazek.com\/sklep\/warsztaty-z-tworzenia-kadzidelek\/#primaryimage"},"thumbnailUrl":"https:\/\/makazek.com\/wp-content\/uploads\/2026\/04\/KADZIDELKA-.jpg","datePublished":"2024-12-29T19:22:40+00:00","dateModified":"2026-04-17T06:22:53+00:00","description":"Podczas godzinnych warsztat\u00f3w stworzycie w\u0142asne kompozycje zapachowe, kt\u00f3re wr\u00f3c\u0105 z Wami do dom\u00f3w w postaci 6 kadzide\u0142ek w pude\u0142ku prezentowym.","breadcrumb":{"@id":"https:\/\/makazek.com\/sklep\/warsztaty-z-tworzenia-kadzidelek\/#breadcrumb"},"inLanguage":"en-GB","potentialAction":[{"@type":"ReadAction","target":["https:\/\/makazek.com\/sklep\/warsztaty-z-tworzenia-kadzidelek\/"]}]},{"@type":"ImageObject","inLanguage":"en-GB","@id":"https:\/\/makazek.com\/sklep\/warsztaty-z-tworzenia-kadzidelek\/#primaryimage","url":"https:\/\/makazek.com\/wp-content\/uploads\/2026\/04\/KADZIDELKA-.jpg","contentUrl":"https:\/\/makazek.com\/wp-content\/uploads\/2026\/04\/KADZIDELKA-.jpg","width":2423,"height":2481},{"@type":"BreadcrumbList","@id":"https:\/\/makazek.com\/sklep\/warsztaty-z-tworzenia-kadzidelek\/#breadcrumb","itemListElement":[{"@type":"ListItem","position":1,"name":"Strona g\u0142\u00f3wna","item":"https:\/\/makazek.com\/"},{"@type":"ListItem","position":2,"name":"Produkty","item":"https:\/\/makazek.com\/shop\/"},{"@type":"ListItem","position":3,"name":"Warsztaty z tworzenia kadzide\u0142"}]},{"@type":"WebSite","@id":"https:\/\/makazek.com\/#website","url":"https:\/\/makazek.com\/","name":"Makazek","description":"Naturalne \u015awiece Zapachowe","potentialAction":[{"@type":"SearchAction","target":{"@type":"EntryPoint","urlTemplate":"https:\/\/makazek.com\/?s={search_term_string}"},"query-input":{"@type":"PropertyValueSpecification","valueRequired":true,"valueName":"search_term_string"}}],"inLanguage":"en-GB"}]}},"_links":{"self":[{"href":"https:\/\/makazek.com\/en\/wp-json\/wp\/v2\/product\/9227","targetHints":{"allow":["GET"]}}],"collection":[{"href":"https:\/\/makazek.com\/en\/wp-json\/wp\/v2\/product"}],"about":[{"href":"https:\/\/makazek.com\/en\/wp-json\/wp\/v2\/types\/product"}],"replies":[{"embeddable":true,"href":"https:\/\/makazek.com\/en\/wp-json\/wp\/v2\/comments?post=9227"}],"wp:featuredmedia":[{"embeddable":true,"href":"https:\/\/makazek.com\/en\/wp-json\/wp\/v2\/media\/10926"}],"wp:attachment":[{"href":"https:\/\/makazek.com\/en\/wp-json\/wp\/v2\/media?parent=9227"}],"wp:term":[{"taxonomy":"product_brand","embeddable":true,"href":"https:\/\/makazek.com\/en\/wp-json\/wp\/v2\/product_brand?post=9227"},{"taxonomy":"product_cat","embeddable":true,"href":"https:\/\/makazek.com\/en\/wp-json\/wp\/v2\/product_cat?post=9227"},{"taxonomy":"product_tag","embeddable":true,"href":"https:\/\/makazek.com\/en\/wp-json\/wp\/v2\/product_tag?post=9227"}],"curies":[{"name":"wp","href":"https:\/\/api.w.org\/{rel}","templated":true}]}}