{"id":9340,"date":"2025-01-30T23:50:55","date_gmt":"2025-01-30T22:50:55","guid":{"rendered":"https:\/\/makazek.com\/?post_type=product&#038;p=9340"},"modified":"2026-04-04T10:34:09","modified_gmt":"2026-04-04T08:34:09","slug":"milk-musk","status":"publish","type":"product","link":"https:\/\/makazek.com\/en\/sklep\/milk-musk\/","title":{"rendered":"\u015aWIECA KWIAT"},"content":{"rendered":"","protected":false},"excerpt":{"rendered":"<p><b>\u015awiece Kwiaty!<\/b><\/p>\n<p>Wi\u0105\u017ce si\u0119 z nimi pewna anegdotka z panem Rados\u0142awem,<span class=\"Apple-converted-space\">\u00a0<\/span><\/p>\n<p><b>kt\u00f3ry na pocz\u0105tku swojej dzia\u0142alno\u015bci mia\u0142 jedn\u0105 ma\u0142\u0105 gilotyn\u0119 i sta\u0142 noc\u0105, \u017ceby ci\u0105\u0107 r\u0119cznie ulotki.<br \/>\nJa mam 5 foremek i jeden topielnik, ale zalewam dzielnie i bardzo mnie to wzrusza.<\/b><\/p>\n<p>\u015awieca KWIAT ma 500 g. To kawa\u0142 skurczykwiata!<br \/>\nPachnie, ale nie tak mocno jak nasze \u015bwiece klasyczne.<\/p>\n<p>Przyjemnie wyczuwalna w ca\u0142ym pomieszczeniu. Nie przyt\u0142acza.<\/p>\n<p><b>Spala si\u0119 do wewn\u0105trz, dzi\u0119ki czemu nie wymaga podstawki! \ud83d\ude42<\/b><\/p>\n<p>&nbsp;<\/p>","protected":false},"featured_media":10687,"comment_status":"open","ping_status":"closed","template":"","meta":[],"product_brand":[],"product_cat":[73],"product_tag":[],"class_list":{"0":"post-9340","1":"product","2":"type-product","3":"status-publish","4":"has-post-thumbnail","6":"product_cat-klasyki","8":"first","9":"instock","10":"shipping-taxable","11":"purchasable","12":"product-type-variable","13":"add-to-wishlist-after_add_to_cart"},"yoast_head":"<!-- This site is optimized with the Yoast SEO plugin v27.4 - https:\/\/yoast.com\/product\/yoast-seo-wordpress\/ -->\n<title>\u015aWIECA KWIAT - Makazek<\/title>\n<meta name=\"robots\" content=\"index, follow, max-snippet:-1, max-image-preview:large, max-video-preview:-1\" \/>\n<link rel=\"canonical\" href=\"https:\/\/makazek.com\/en\/sklep\/milk-musk\/\" \/>\n<meta property=\"og:locale\" content=\"en_GB\" \/>\n<meta property=\"og:type\" content=\"article\" \/>\n<meta property=\"og:title\" content=\"\u015aWIECA KWIAT - Makazek\" \/>\n<meta property=\"og:description\" content=\"\u015awiece Kwiaty!  Wi\u0105\u017ce si\u0119 z nimi pewna anegdotka z panem Rados\u0142awem,\u00a0  kt\u00f3ry na pocz\u0105tku swojej dzia\u0142alno\u015bci mia\u0142 jedn\u0105 ma\u0142\u0105 gilotyn\u0119 i sta\u0142 noc\u0105, \u017ceby ci\u0105\u0107 r\u0119cznie ulotki. Ja mam 5 foremek i jeden topielnik, ale zalewam dzielnie i bardzo mnie to wzrusza.  \u015awieca KWIAT ma 500 g. To kawa\u0142 skurczykwiata! Pachnie, ale nie tak mocno jak nasze \u015bwiece klasyczne.  Przyjemnie wyczuwalna w ca\u0142ym pomieszczeniu. Nie przyt\u0142acza.  Spala si\u0119 do wewn\u0105trz, dzi\u0119ki czemu nie wymaga podstawki! :)  &nbsp;\" \/>\n<meta property=\"og:url\" content=\"https:\/\/makazek.com\/en\/sklep\/milk-musk\/\" \/>\n<meta property=\"og:site_name\" content=\"Makazek\" \/>\n<meta property=\"article:modified_time\" content=\"2026-04-04T08:34:09+00:00\" \/>\n<meta property=\"og:image\" content=\"https:\/\/makazek.com\/wp-content\/uploads\/2025\/01\/DSC01150-scaled.jpg\" \/>\n\t<meta property=\"og:image:width\" content=\"1707\" \/>\n\t<meta property=\"og:image:height\" content=\"2560\" \/>\n\t<meta property=\"og:image:type\" content=\"image\/jpeg\" \/>\n<meta name=\"twitter:card\" content=\"summary_large_image\" \/>\n<meta name=\"twitter:label1\" content=\"Estimated reading time\" \/>\n\t<meta name=\"twitter:data1\" content=\"1 minute\" \/>\n<script type=\"application\/ld+json\" class=\"yoast-schema-graph\">{\"@context\":\"https:\\\/\\\/schema.org\",\"@graph\":[{\"@type\":\"WebPage\",\"@id\":\"https:\\\/\\\/makazek.com\\\/sklep\\\/milk-musk\\\/\",\"url\":\"https:\\\/\\\/makazek.com\\\/sklep\\\/milk-musk\\\/\",\"name\":\"\u015aWIECA KWIAT - Makazek\",\"isPartOf\":{\"@id\":\"https:\\\/\\\/makazek.com\\\/#website\"},\"primaryImageOfPage\":{\"@id\":\"https:\\\/\\\/makazek.com\\\/sklep\\\/milk-musk\\\/#primaryimage\"},\"image\":{\"@id\":\"https:\\\/\\\/makazek.com\\\/sklep\\\/milk-musk\\\/#primaryimage\"},\"thumbnailUrl\":\"https:\\\/\\\/makazek.com\\\/wp-content\\\/uploads\\\/2025\\\/01\\\/DSC01150-scaled.jpg\",\"datePublished\":\"2025-01-30T22:50:55+00:00\",\"dateModified\":\"2026-04-04T08:34:09+00:00\",\"breadcrumb\":{\"@id\":\"https:\\\/\\\/makazek.com\\\/sklep\\\/milk-musk\\\/#breadcrumb\"},\"inLanguage\":\"en-GB\",\"potentialAction\":[{\"@type\":\"ReadAction\",\"target\":[\"https:\\\/\\\/makazek.com\\\/sklep\\\/milk-musk\\\/\"]}]},{\"@type\":\"ImageObject\",\"inLanguage\":\"en-GB\",\"@id\":\"https:\\\/\\\/makazek.com\\\/sklep\\\/milk-musk\\\/#primaryimage\",\"url\":\"https:\\\/\\\/makazek.com\\\/wp-content\\\/uploads\\\/2025\\\/01\\\/DSC01150-scaled.jpg\",\"contentUrl\":\"https:\\\/\\\/makazek.com\\\/wp-content\\\/uploads\\\/2025\\\/01\\\/DSC01150-scaled.jpg\",\"width\":1707,\"height\":2560},{\"@type\":\"BreadcrumbList\",\"@id\":\"https:\\\/\\\/makazek.com\\\/sklep\\\/milk-musk\\\/#breadcrumb\",\"itemListElement\":[{\"@type\":\"ListItem\",\"position\":1,\"name\":\"Strona g\u0142\u00f3wna\",\"item\":\"https:\\\/\\\/makazek.com\\\/\"},{\"@type\":\"ListItem\",\"position\":2,\"name\":\"Produkty\",\"item\":\"https:\\\/\\\/makazek.com\\\/shop\\\/\"},{\"@type\":\"ListItem\",\"position\":3,\"name\":\"\u015aWIECA KWIAT\"}]},{\"@type\":\"WebSite\",\"@id\":\"https:\\\/\\\/makazek.com\\\/#website\",\"url\":\"https:\\\/\\\/makazek.com\\\/\",\"name\":\"Makazek\",\"description\":\"Naturalne \u015awiece Zapachowe\",\"potentialAction\":[{\"@type\":\"SearchAction\",\"target\":{\"@type\":\"EntryPoint\",\"urlTemplate\":\"https:\\\/\\\/makazek.com\\\/?s={search_term_string}\"},\"query-input\":{\"@type\":\"PropertyValueSpecification\",\"valueRequired\":true,\"valueName\":\"search_term_string\"}}],\"inLanguage\":\"en-GB\"}]}<\/script>\n<!-- \/ Yoast SEO plugin. -->","yoast_head_json":{"title":"\u015aWIECA KWIAT - Makazek","robots":{"index":"index","follow":"follow","max-snippet":"max-snippet:-1","max-image-preview":"max-image-preview:large","max-video-preview":"max-video-preview:-1"},"canonical":"https:\/\/makazek.com\/en\/sklep\/milk-musk\/","og_locale":"en_GB","og_type":"article","og_title":"\u015aWIECA KWIAT - Makazek","og_description":"\u015awiece Kwiaty!  Wi\u0105\u017ce si\u0119 z nimi pewna anegdotka z panem Rados\u0142awem,\u00a0  kt\u00f3ry na pocz\u0105tku swojej dzia\u0142alno\u015bci mia\u0142 jedn\u0105 ma\u0142\u0105 gilotyn\u0119 i sta\u0142 noc\u0105, \u017ceby ci\u0105\u0107 r\u0119cznie ulotki. Ja mam 5 foremek i jeden topielnik, ale zalewam dzielnie i bardzo mnie to wzrusza.  \u015awieca KWIAT ma 500 g. To kawa\u0142 skurczykwiata! Pachnie, ale nie tak mocno jak nasze \u015bwiece klasyczne.  Przyjemnie wyczuwalna w ca\u0142ym pomieszczeniu. Nie przyt\u0142acza.  Spala si\u0119 do wewn\u0105trz, dzi\u0119ki czemu nie wymaga podstawki! :)  &nbsp;","og_url":"https:\/\/makazek.com\/en\/sklep\/milk-musk\/","og_site_name":"Makazek","article_modified_time":"2026-04-04T08:34:09+00:00","og_image":[{"width":1707,"height":2560,"url":"https:\/\/makazek.com\/wp-content\/uploads\/2025\/01\/DSC01150-scaled.jpg","type":"image\/jpeg"}],"twitter_card":"summary_large_image","twitter_misc":{"Estimated reading time":"1 minute"},"schema":{"@context":"https:\/\/schema.org","@graph":[{"@type":"WebPage","@id":"https:\/\/makazek.com\/sklep\/milk-musk\/","url":"https:\/\/makazek.com\/sklep\/milk-musk\/","name":"\u015aWIECA KWIAT - Makazek","isPartOf":{"@id":"https:\/\/makazek.com\/#website"},"primaryImageOfPage":{"@id":"https:\/\/makazek.com\/sklep\/milk-musk\/#primaryimage"},"image":{"@id":"https:\/\/makazek.com\/sklep\/milk-musk\/#primaryimage"},"thumbnailUrl":"https:\/\/makazek.com\/wp-content\/uploads\/2025\/01\/DSC01150-scaled.jpg","datePublished":"2025-01-30T22:50:55+00:00","dateModified":"2026-04-04T08:34:09+00:00","breadcrumb":{"@id":"https:\/\/makazek.com\/sklep\/milk-musk\/#breadcrumb"},"inLanguage":"en-GB","potentialAction":[{"@type":"ReadAction","target":["https:\/\/makazek.com\/sklep\/milk-musk\/"]}]},{"@type":"ImageObject","inLanguage":"en-GB","@id":"https:\/\/makazek.com\/sklep\/milk-musk\/#primaryimage","url":"https:\/\/makazek.com\/wp-content\/uploads\/2025\/01\/DSC01150-scaled.jpg","contentUrl":"https:\/\/makazek.com\/wp-content\/uploads\/2025\/01\/DSC01150-scaled.jpg","width":1707,"height":2560},{"@type":"BreadcrumbList","@id":"https:\/\/makazek.com\/sklep\/milk-musk\/#breadcrumb","itemListElement":[{"@type":"ListItem","position":1,"name":"Strona g\u0142\u00f3wna","item":"https:\/\/makazek.com\/"},{"@type":"ListItem","position":2,"name":"Produkty","item":"https:\/\/makazek.com\/shop\/"},{"@type":"ListItem","position":3,"name":"\u015aWIECA KWIAT"}]},{"@type":"WebSite","@id":"https:\/\/makazek.com\/#website","url":"https:\/\/makazek.com\/","name":"Makazek","description":"Naturalne \u015awiece Zapachowe","potentialAction":[{"@type":"SearchAction","target":{"@type":"EntryPoint","urlTemplate":"https:\/\/makazek.com\/?s={search_term_string}"},"query-input":{"@type":"PropertyValueSpecification","valueRequired":true,"valueName":"search_term_string"}}],"inLanguage":"en-GB"}]}},"_links":{"self":[{"href":"https:\/\/makazek.com\/en\/wp-json\/wp\/v2\/product\/9340","targetHints":{"allow":["GET"]}}],"collection":[{"href":"https:\/\/makazek.com\/en\/wp-json\/wp\/v2\/product"}],"about":[{"href":"https:\/\/makazek.com\/en\/wp-json\/wp\/v2\/types\/product"}],"replies":[{"embeddable":true,"href":"https:\/\/makazek.com\/en\/wp-json\/wp\/v2\/comments?post=9340"}],"wp:featuredmedia":[{"embeddable":true,"href":"https:\/\/makazek.com\/en\/wp-json\/wp\/v2\/media\/10687"}],"wp:attachment":[{"href":"https:\/\/makazek.com\/en\/wp-json\/wp\/v2\/media?parent=9340"}],"wp:term":[{"taxonomy":"product_brand","embeddable":true,"href":"https:\/\/makazek.com\/en\/wp-json\/wp\/v2\/product_brand?post=9340"},{"taxonomy":"product_cat","embeddable":true,"href":"https:\/\/makazek.com\/en\/wp-json\/wp\/v2\/product_cat?post=9340"},{"taxonomy":"product_tag","embeddable":true,"href":"https:\/\/makazek.com\/en\/wp-json\/wp\/v2\/product_tag?post=9340"}],"curies":[{"name":"wp","href":"https:\/\/api.w.org\/{rel}","templated":true}]}}