{"id":9453,"date":"2025-02-16T16:48:19","date_gmt":"2025-02-16T15:48:19","guid":{"rendered":"https:\/\/makazek.com\/?post_type=product&#038;p=9453"},"modified":"2026-03-27T10:00:16","modified_gmt":"2026-03-27T09:00:16","slug":"voucher-na-warsztaty","status":"publish","type":"product","link":"https:\/\/makazek.com\/en\/sklep\/voucher-na-warsztaty\/","title":{"rendered":"VOUCHERY NA PREZENT"},"content":{"rendered":"","protected":false},"excerpt":{"rendered":"<p><strong>Makazkowe vouchery na warsztaty z tworzenia \u015bwiec, kadzide\u0142ek i ceramiki to idealny prezent,<\/strong><\/p>\n<p><strong> bo do\u015bwiadczenie to wy\u017csza forma upominku! <\/strong><\/p>\n<p>&nbsp;<\/p>\n<p>Vouchery s\u0105 dost\u0119pne w dw\u00f3ch wersjach: <strong><br \/>\nPapierowej lub pdf<\/strong><\/p>\n<p>W przypadku wersji papierowej zapraszamy po odbi\u00f3r voucher\u00f3w do naszej pracowni na Smolnej 14 w Warszawie<br \/>\nlub wpisanie adresu do wysy\u0142ki. W przypadku wersji pdf prosimy o wpisanie w komentarzu do zam\u00f3wienia 'WERSJA PDF&#8217; i wyb\u00f3r odbioru osobistego na Smolnej (by system nie naliczy\u0142 koszt\u00f3w wysy\u0142ki). Plik w wersji pdf zazwyczaj wysy\u0142amy w przeci\u0105gu kilku godzin od z\u0142o\u017cenia zam\u00f3wienia. W przypadku pilnej sytuacji prosimy o kontakt telefoniczny.<\/p>\n<p><strong><br \/>\n* Z\u00a0uwagi na zmian\u0119 lokalu wszystkie vouchery zakupione od 27 marca 2026 roku b\u0119d\u0105 mia\u0142y wa\u017cno\u015b\u0107 do 27 maja 2026<\/strong><\/p>\n<p>&nbsp;<\/p>\n<p>Wszystkie warsztaty odbywaj\u0105 si\u0119 w centrum Warszawy, w naszej pracowni przy ulicy Smolnej 14<br \/>\nSzczeg\u00f3\u0142owe opisy naszych spotka\u0144 znajdziecie pod wybranymi produktami (np. warsztaty z tworzenia \u015bwiec)<\/p>\n<p>Na wszystkie warsztaty zapraszamy osoby doros\u0142e (od 18. roku \u017cycia)<\/p>\n<p>&nbsp;<\/p>\n<p>&nbsp;<\/p>\n<p>&nbsp;<\/p>","protected":false},"featured_media":10666,"comment_status":"open","ping_status":"closed","template":"","meta":[],"product_brand":[],"product_cat":[114,79,115],"product_tag":[],"class_list":{"0":"post-9453","1":"product","2":"type-product","3":"status-publish","4":"has-post-thumbnail","6":"product_cat-ceramika","7":"product_cat-warsztaty","8":"product_cat-warsztaty-zapachowe","10":"first","11":"instock","12":"shipping-taxable","13":"purchasable","14":"product-type-variable","15":"add-to-wishlist-after_add_to_cart"},"yoast_head":"<!-- This site is optimized with the Yoast SEO plugin v27.4 - https:\/\/yoast.com\/product\/yoast-seo-wordpress\/ -->\n<title>VOUCHERY NA PREZENT - Makazek<\/title>\n<meta name=\"description\" content=\"Vouchery na warsztaty to idealny prezent,bo do\u015bwiadczenie to wy\u017csza forma upominku! Dost\u0119pne w dw\u00f3ch wersjach: Papierowej lub pdf\" \/>\n<meta name=\"robots\" content=\"index, follow, max-snippet:-1, max-image-preview:large, max-video-preview:-1\" \/>\n<link rel=\"canonical\" href=\"https:\/\/makazek.com\/en\/sklep\/voucher-na-warsztaty\/\" \/>\n<meta property=\"og:locale\" content=\"en_GB\" \/>\n<meta property=\"og:type\" content=\"article\" \/>\n<meta property=\"og:title\" content=\"VOUCHERY NA PREZENT - Makazek\" \/>\n<meta property=\"og:description\" content=\"Vouchery na warsztaty to idealny prezent,bo do\u015bwiadczenie to wy\u017csza forma upominku! Dost\u0119pne w dw\u00f3ch wersjach: Papierowej lub pdf\" \/>\n<meta property=\"og:url\" content=\"https:\/\/makazek.com\/en\/sklep\/voucher-na-warsztaty\/\" \/>\n<meta property=\"og:site_name\" content=\"Makazek\" \/>\n<meta property=\"article:modified_time\" content=\"2026-03-27T09:00:16+00:00\" \/>\n<meta property=\"og:image\" content=\"https:\/\/makazek.com\/wp-content\/uploads\/2025\/02\/VOUCHERY-NA-PREZENT--scaled.jpg\" \/>\n\t<meta property=\"og:image:width\" content=\"2560\" \/>\n\t<meta property=\"og:image:height\" content=\"2560\" \/>\n\t<meta property=\"og:image:type\" content=\"image\/jpeg\" \/>\n<meta name=\"twitter:card\" content=\"summary_large_image\" \/>\n<meta name=\"twitter:label1\" content=\"Estimated reading time\" \/>\n\t<meta name=\"twitter:data1\" content=\"1 minute\" \/>\n<script type=\"application\/ld+json\" class=\"yoast-schema-graph\">{\"@context\":\"https:\\\/\\\/schema.org\",\"@graph\":[{\"@type\":\"WebPage\",\"@id\":\"https:\\\/\\\/makazek.com\\\/sklep\\\/voucher-na-warsztaty\\\/\",\"url\":\"https:\\\/\\\/makazek.com\\\/sklep\\\/voucher-na-warsztaty\\\/\",\"name\":\"VOUCHERY NA PREZENT - Makazek\",\"isPartOf\":{\"@id\":\"https:\\\/\\\/makazek.com\\\/#website\"},\"primaryImageOfPage\":{\"@id\":\"https:\\\/\\\/makazek.com\\\/sklep\\\/voucher-na-warsztaty\\\/#primaryimage\"},\"image\":{\"@id\":\"https:\\\/\\\/makazek.com\\\/sklep\\\/voucher-na-warsztaty\\\/#primaryimage\"},\"thumbnailUrl\":\"https:\\\/\\\/makazek.com\\\/wp-content\\\/uploads\\\/2025\\\/02\\\/VOUCHERY-NA-PREZENT--scaled.jpg\",\"datePublished\":\"2025-02-16T15:48:19+00:00\",\"dateModified\":\"2026-03-27T09:00:16+00:00\",\"description\":\"Vouchery na warsztaty to idealny prezent,bo do\u015bwiadczenie to wy\u017csza forma upominku! Dost\u0119pne w dw\u00f3ch wersjach: Papierowej lub pdf\",\"breadcrumb\":{\"@id\":\"https:\\\/\\\/makazek.com\\\/sklep\\\/voucher-na-warsztaty\\\/#breadcrumb\"},\"inLanguage\":\"en-GB\",\"potentialAction\":[{\"@type\":\"ReadAction\",\"target\":[\"https:\\\/\\\/makazek.com\\\/sklep\\\/voucher-na-warsztaty\\\/\"]}]},{\"@type\":\"ImageObject\",\"inLanguage\":\"en-GB\",\"@id\":\"https:\\\/\\\/makazek.com\\\/sklep\\\/voucher-na-warsztaty\\\/#primaryimage\",\"url\":\"https:\\\/\\\/makazek.com\\\/wp-content\\\/uploads\\\/2025\\\/02\\\/VOUCHERY-NA-PREZENT--scaled.jpg\",\"contentUrl\":\"https:\\\/\\\/makazek.com\\\/wp-content\\\/uploads\\\/2025\\\/02\\\/VOUCHERY-NA-PREZENT--scaled.jpg\",\"width\":2560,\"height\":2560},{\"@type\":\"BreadcrumbList\",\"@id\":\"https:\\\/\\\/makazek.com\\\/sklep\\\/voucher-na-warsztaty\\\/#breadcrumb\",\"itemListElement\":[{\"@type\":\"ListItem\",\"position\":1,\"name\":\"Strona g\u0142\u00f3wna\",\"item\":\"https:\\\/\\\/makazek.com\\\/\"},{\"@type\":\"ListItem\",\"position\":2,\"name\":\"Produkty\",\"item\":\"https:\\\/\\\/makazek.com\\\/shop\\\/\"},{\"@type\":\"ListItem\",\"position\":3,\"name\":\"VOUCHERY NA PREZENT\"}]},{\"@type\":\"WebSite\",\"@id\":\"https:\\\/\\\/makazek.com\\\/#website\",\"url\":\"https:\\\/\\\/makazek.com\\\/\",\"name\":\"Makazek\",\"description\":\"Naturalne \u015awiece Zapachowe\",\"potentialAction\":[{\"@type\":\"SearchAction\",\"target\":{\"@type\":\"EntryPoint\",\"urlTemplate\":\"https:\\\/\\\/makazek.com\\\/?s={search_term_string}\"},\"query-input\":{\"@type\":\"PropertyValueSpecification\",\"valueRequired\":true,\"valueName\":\"search_term_string\"}}],\"inLanguage\":\"en-GB\"}]}<\/script>\n<!-- \/ Yoast SEO plugin. -->","yoast_head_json":{"title":"VOUCHERY NA PREZENT - Makazek","description":"Vouchery na warsztaty to idealny prezent,bo do\u015bwiadczenie to wy\u017csza forma upominku! Dost\u0119pne w dw\u00f3ch wersjach: Papierowej lub pdf","robots":{"index":"index","follow":"follow","max-snippet":"max-snippet:-1","max-image-preview":"max-image-preview:large","max-video-preview":"max-video-preview:-1"},"canonical":"https:\/\/makazek.com\/en\/sklep\/voucher-na-warsztaty\/","og_locale":"en_GB","og_type":"article","og_title":"VOUCHERY NA PREZENT - Makazek","og_description":"Vouchery na warsztaty to idealny prezent,bo do\u015bwiadczenie to wy\u017csza forma upominku! Dost\u0119pne w dw\u00f3ch wersjach: Papierowej lub pdf","og_url":"https:\/\/makazek.com\/en\/sklep\/voucher-na-warsztaty\/","og_site_name":"Makazek","article_modified_time":"2026-03-27T09:00:16+00:00","og_image":[{"width":2560,"height":2560,"url":"https:\/\/makazek.com\/wp-content\/uploads\/2025\/02\/VOUCHERY-NA-PREZENT--scaled.jpg","type":"image\/jpeg"}],"twitter_card":"summary_large_image","twitter_misc":{"Estimated reading time":"1 minute"},"schema":{"@context":"https:\/\/schema.org","@graph":[{"@type":"WebPage","@id":"https:\/\/makazek.com\/sklep\/voucher-na-warsztaty\/","url":"https:\/\/makazek.com\/sklep\/voucher-na-warsztaty\/","name":"VOUCHERY NA PREZENT - Makazek","isPartOf":{"@id":"https:\/\/makazek.com\/#website"},"primaryImageOfPage":{"@id":"https:\/\/makazek.com\/sklep\/voucher-na-warsztaty\/#primaryimage"},"image":{"@id":"https:\/\/makazek.com\/sklep\/voucher-na-warsztaty\/#primaryimage"},"thumbnailUrl":"https:\/\/makazek.com\/wp-content\/uploads\/2025\/02\/VOUCHERY-NA-PREZENT--scaled.jpg","datePublished":"2025-02-16T15:48:19+00:00","dateModified":"2026-03-27T09:00:16+00:00","description":"Vouchery na warsztaty to idealny prezent,bo do\u015bwiadczenie to wy\u017csza forma upominku! Dost\u0119pne w dw\u00f3ch wersjach: Papierowej lub pdf","breadcrumb":{"@id":"https:\/\/makazek.com\/sklep\/voucher-na-warsztaty\/#breadcrumb"},"inLanguage":"en-GB","potentialAction":[{"@type":"ReadAction","target":["https:\/\/makazek.com\/sklep\/voucher-na-warsztaty\/"]}]},{"@type":"ImageObject","inLanguage":"en-GB","@id":"https:\/\/makazek.com\/sklep\/voucher-na-warsztaty\/#primaryimage","url":"https:\/\/makazek.com\/wp-content\/uploads\/2025\/02\/VOUCHERY-NA-PREZENT--scaled.jpg","contentUrl":"https:\/\/makazek.com\/wp-content\/uploads\/2025\/02\/VOUCHERY-NA-PREZENT--scaled.jpg","width":2560,"height":2560},{"@type":"BreadcrumbList","@id":"https:\/\/makazek.com\/sklep\/voucher-na-warsztaty\/#breadcrumb","itemListElement":[{"@type":"ListItem","position":1,"name":"Strona g\u0142\u00f3wna","item":"https:\/\/makazek.com\/"},{"@type":"ListItem","position":2,"name":"Produkty","item":"https:\/\/makazek.com\/shop\/"},{"@type":"ListItem","position":3,"name":"VOUCHERY NA PREZENT"}]},{"@type":"WebSite","@id":"https:\/\/makazek.com\/#website","url":"https:\/\/makazek.com\/","name":"Makazek","description":"Naturalne \u015awiece Zapachowe","potentialAction":[{"@type":"SearchAction","target":{"@type":"EntryPoint","urlTemplate":"https:\/\/makazek.com\/?s={search_term_string}"},"query-input":{"@type":"PropertyValueSpecification","valueRequired":true,"valueName":"search_term_string"}}],"inLanguage":"en-GB"}]}},"_links":{"self":[{"href":"https:\/\/makazek.com\/en\/wp-json\/wp\/v2\/product\/9453","targetHints":{"allow":["GET"]}}],"collection":[{"href":"https:\/\/makazek.com\/en\/wp-json\/wp\/v2\/product"}],"about":[{"href":"https:\/\/makazek.com\/en\/wp-json\/wp\/v2\/types\/product"}],"replies":[{"embeddable":true,"href":"https:\/\/makazek.com\/en\/wp-json\/wp\/v2\/comments?post=9453"}],"wp:featuredmedia":[{"embeddable":true,"href":"https:\/\/makazek.com\/en\/wp-json\/wp\/v2\/media\/10666"}],"wp:attachment":[{"href":"https:\/\/makazek.com\/en\/wp-json\/wp\/v2\/media?parent=9453"}],"wp:term":[{"taxonomy":"product_brand","embeddable":true,"href":"https:\/\/makazek.com\/en\/wp-json\/wp\/v2\/product_brand?post=9453"},{"taxonomy":"product_cat","embeddable":true,"href":"https:\/\/makazek.com\/en\/wp-json\/wp\/v2\/product_cat?post=9453"},{"taxonomy":"product_tag","embeddable":true,"href":"https:\/\/makazek.com\/en\/wp-json\/wp\/v2\/product_tag?post=9453"}],"curies":[{"name":"wp","href":"https:\/\/api.w.org\/{rel}","templated":true}]}}