{"id":9640,"date":"2025-03-31T23:45:49","date_gmt":"2025-03-31T21:45:49","guid":{"rendered":"https:\/\/makazek.com\/?post_type=product&#038;p=9640"},"modified":"2026-02-08T13:48:40","modified_gmt":"2026-02-08T12:48:40","slug":"beach-sage","status":"publish","type":"product","link":"https:\/\/makazek.com\/en\/sklep\/beach-sage\/","title":{"rendered":"Beach Sage"},"content":{"rendered":"<p><strong>Ingredients:<\/strong>\u00a0<em>100% soy wax, polish beech wood, premium phthalate-free fragrance oils<\/em><br \/>\n<b>How to use:<br \/>\n<\/b><em>trim wick after every burning (we recommend using a piece of paper instead of scissors)<br \/>\nburn 3-4 hours per 1 session and n<\/em><em>ever leave a candle burning in reach of children or animals.<br \/>\n<\/em><br \/>\n<strong>120 ml (25 h burning) or 250 ml (50 h burning)<br \/>\nwhite glass jars without risk of breaking during burning!<\/strong><br \/>\n<strong>Hand crafted at our studio based in Warsaw<\/strong><\/p>\n<p><em>Would you like to create your own scent? <\/em><br \/>\n<em>Join our scented workshops at Smolna 14<\/em><\/p>\n<p>&nbsp;<\/p>\n<p>&nbsp;<\/p>\n<p>all prices listed on the website include VAT tax<\/p>","protected":false},"excerpt":{"rendered":"<p>Przebie\u017cka z Tove Jansson i bohaterami Lata brzegiem morza, gdzie piach \u0142askocze w mi\u0119dzypalce, a dzika ro\u015blinno\u015b\u0107 puszcza lepkie soki. Oto Sza\u0142wia Pla\u017cowa &#8211; ukoi, utuli, utrzyma, gdy potrzeba.<\/p>\n<p><strong>Scent Family:<\/strong><br \/>\nFresh, Green, Zesty<\/p>","protected":false},"featured_media":10698,"comment_status":"open","ping_status":"closed","template":"","meta":[],"product_brand":[],"product_cat":[73],"product_tag":[],"class_list":{"0":"post-9640","1":"product","2":"type-product","3":"status-publish","4":"has-post-thumbnail","6":"product_cat-klasyki","8":"first","9":"instock","10":"shipping-taxable","11":"purchasable","12":"product-type-variable","13":"add-to-wishlist-after_add_to_cart"},"yoast_head":"<!-- This site is optimized with the Yoast SEO plugin v27.4 - https:\/\/yoast.com\/product\/yoast-seo-wordpress\/ -->\n<title>Beach Sage - Makazek<\/title>\n<meta name=\"description\" content=\"Przebie\u017cka z Tove Jansson i bohaterami Lata brzegiem morza, gdzie piach \u0142askocze w mi\u0119dzypalce, a dzika ro\u015blinno\u015b\u0107 puszcza lepkie soki. Oto Sza\u0142wia Pla\u017cowa\" \/>\n<meta name=\"robots\" content=\"index, follow, max-snippet:-1, max-image-preview:large, max-video-preview:-1\" \/>\n<link rel=\"canonical\" href=\"https:\/\/makazek.com\/en\/sklep\/beach-sage\/\" \/>\n<meta property=\"og:locale\" content=\"en_GB\" \/>\n<meta property=\"og:type\" content=\"article\" \/>\n<meta property=\"og:title\" content=\"Beach Sage - Makazek\" \/>\n<meta property=\"og:description\" content=\"Przebie\u017cka z Tove Jansson i bohaterami Lata brzegiem morza, gdzie piach \u0142askocze w mi\u0119dzypalce, a dzika ro\u015blinno\u015b\u0107 puszcza lepkie soki. Oto Sza\u0142wia Pla\u017cowa\" \/>\n<meta property=\"og:url\" content=\"https:\/\/makazek.com\/en\/sklep\/beach-sage\/\" \/>\n<meta property=\"og:site_name\" content=\"Makazek\" \/>\n<meta property=\"article:modified_time\" content=\"2026-02-08T12:48:40+00:00\" \/>\n<meta property=\"og:image\" content=\"https:\/\/makazek.com\/wp-content\/uploads\/2025\/03\/beach--scaled.jpg\" \/>\n\t<meta property=\"og:image:width\" content=\"2560\" \/>\n\t<meta property=\"og:image:height\" content=\"2560\" \/>\n\t<meta property=\"og:image:type\" content=\"image\/jpeg\" \/>\n<meta name=\"twitter:card\" content=\"summary_large_image\" \/>\n<meta name=\"twitter:label1\" content=\"Estimated reading time\" \/>\n\t<meta name=\"twitter:data1\" content=\"1 minute\" \/>\n<script type=\"application\/ld+json\" class=\"yoast-schema-graph\">{\"@context\":\"https:\\\/\\\/schema.org\",\"@graph\":[{\"@type\":\"WebPage\",\"@id\":\"https:\\\/\\\/makazek.com\\\/sklep\\\/beach-sage\\\/\",\"url\":\"https:\\\/\\\/makazek.com\\\/sklep\\\/beach-sage\\\/\",\"name\":\"Beach Sage - Makazek\",\"isPartOf\":{\"@id\":\"https:\\\/\\\/makazek.com\\\/#website\"},\"primaryImageOfPage\":{\"@id\":\"https:\\\/\\\/makazek.com\\\/sklep\\\/beach-sage\\\/#primaryimage\"},\"image\":{\"@id\":\"https:\\\/\\\/makazek.com\\\/sklep\\\/beach-sage\\\/#primaryimage\"},\"thumbnailUrl\":\"https:\\\/\\\/makazek.com\\\/wp-content\\\/uploads\\\/2025\\\/03\\\/beach--scaled.jpg\",\"datePublished\":\"2025-03-31T21:45:49+00:00\",\"dateModified\":\"2026-02-08T12:48:40+00:00\",\"description\":\"Przebie\u017cka z Tove Jansson i bohaterami Lata brzegiem morza, gdzie piach \u0142askocze w mi\u0119dzypalce, a dzika ro\u015blinno\u015b\u0107 puszcza lepkie soki. Oto Sza\u0142wia Pla\u017cowa\",\"breadcrumb\":{\"@id\":\"https:\\\/\\\/makazek.com\\\/sklep\\\/beach-sage\\\/#breadcrumb\"},\"inLanguage\":\"en-GB\",\"potentialAction\":[{\"@type\":\"ReadAction\",\"target\":[\"https:\\\/\\\/makazek.com\\\/sklep\\\/beach-sage\\\/\"]}]},{\"@type\":\"ImageObject\",\"inLanguage\":\"en-GB\",\"@id\":\"https:\\\/\\\/makazek.com\\\/sklep\\\/beach-sage\\\/#primaryimage\",\"url\":\"https:\\\/\\\/makazek.com\\\/wp-content\\\/uploads\\\/2025\\\/03\\\/beach--scaled.jpg\",\"contentUrl\":\"https:\\\/\\\/makazek.com\\\/wp-content\\\/uploads\\\/2025\\\/03\\\/beach--scaled.jpg\",\"width\":2560,\"height\":2560},{\"@type\":\"BreadcrumbList\",\"@id\":\"https:\\\/\\\/makazek.com\\\/sklep\\\/beach-sage\\\/#breadcrumb\",\"itemListElement\":[{\"@type\":\"ListItem\",\"position\":1,\"name\":\"Strona g\u0142\u00f3wna\",\"item\":\"https:\\\/\\\/makazek.com\\\/\"},{\"@type\":\"ListItem\",\"position\":2,\"name\":\"Produkty\",\"item\":\"https:\\\/\\\/makazek.com\\\/shop\\\/\"},{\"@type\":\"ListItem\",\"position\":3,\"name\":\"Beach Sage\"}]},{\"@type\":\"WebSite\",\"@id\":\"https:\\\/\\\/makazek.com\\\/#website\",\"url\":\"https:\\\/\\\/makazek.com\\\/\",\"name\":\"Makazek\",\"description\":\"Naturalne \u015awiece Zapachowe\",\"potentialAction\":[{\"@type\":\"SearchAction\",\"target\":{\"@type\":\"EntryPoint\",\"urlTemplate\":\"https:\\\/\\\/makazek.com\\\/?s={search_term_string}\"},\"query-input\":{\"@type\":\"PropertyValueSpecification\",\"valueRequired\":true,\"valueName\":\"search_term_string\"}}],\"inLanguage\":\"en-GB\"}]}<\/script>\n<!-- \/ Yoast SEO plugin. -->","yoast_head_json":{"title":"Beach Sage - Makazek","description":"Przebie\u017cka z Tove Jansson i bohaterami Lata brzegiem morza, gdzie piach \u0142askocze w mi\u0119dzypalce, a dzika ro\u015blinno\u015b\u0107 puszcza lepkie soki. Oto Sza\u0142wia Pla\u017cowa","robots":{"index":"index","follow":"follow","max-snippet":"max-snippet:-1","max-image-preview":"max-image-preview:large","max-video-preview":"max-video-preview:-1"},"canonical":"https:\/\/makazek.com\/en\/sklep\/beach-sage\/","og_locale":"en_GB","og_type":"article","og_title":"Beach Sage - Makazek","og_description":"Przebie\u017cka z Tove Jansson i bohaterami Lata brzegiem morza, gdzie piach \u0142askocze w mi\u0119dzypalce, a dzika ro\u015blinno\u015b\u0107 puszcza lepkie soki. Oto Sza\u0142wia Pla\u017cowa","og_url":"https:\/\/makazek.com\/en\/sklep\/beach-sage\/","og_site_name":"Makazek","article_modified_time":"2026-02-08T12:48:40+00:00","og_image":[{"width":2560,"height":2560,"url":"https:\/\/makazek.com\/wp-content\/uploads\/2025\/03\/beach--scaled.jpg","type":"image\/jpeg"}],"twitter_card":"summary_large_image","twitter_misc":{"Estimated reading time":"1 minute"},"schema":{"@context":"https:\/\/schema.org","@graph":[{"@type":"WebPage","@id":"https:\/\/makazek.com\/sklep\/beach-sage\/","url":"https:\/\/makazek.com\/sklep\/beach-sage\/","name":"Beach Sage - Makazek","isPartOf":{"@id":"https:\/\/makazek.com\/#website"},"primaryImageOfPage":{"@id":"https:\/\/makazek.com\/sklep\/beach-sage\/#primaryimage"},"image":{"@id":"https:\/\/makazek.com\/sklep\/beach-sage\/#primaryimage"},"thumbnailUrl":"https:\/\/makazek.com\/wp-content\/uploads\/2025\/03\/beach--scaled.jpg","datePublished":"2025-03-31T21:45:49+00:00","dateModified":"2026-02-08T12:48:40+00:00","description":"Przebie\u017cka z Tove Jansson i bohaterami Lata brzegiem morza, gdzie piach \u0142askocze w mi\u0119dzypalce, a dzika ro\u015blinno\u015b\u0107 puszcza lepkie soki. Oto Sza\u0142wia Pla\u017cowa","breadcrumb":{"@id":"https:\/\/makazek.com\/sklep\/beach-sage\/#breadcrumb"},"inLanguage":"en-GB","potentialAction":[{"@type":"ReadAction","target":["https:\/\/makazek.com\/sklep\/beach-sage\/"]}]},{"@type":"ImageObject","inLanguage":"en-GB","@id":"https:\/\/makazek.com\/sklep\/beach-sage\/#primaryimage","url":"https:\/\/makazek.com\/wp-content\/uploads\/2025\/03\/beach--scaled.jpg","contentUrl":"https:\/\/makazek.com\/wp-content\/uploads\/2025\/03\/beach--scaled.jpg","width":2560,"height":2560},{"@type":"BreadcrumbList","@id":"https:\/\/makazek.com\/sklep\/beach-sage\/#breadcrumb","itemListElement":[{"@type":"ListItem","position":1,"name":"Strona g\u0142\u00f3wna","item":"https:\/\/makazek.com\/"},{"@type":"ListItem","position":2,"name":"Produkty","item":"https:\/\/makazek.com\/shop\/"},{"@type":"ListItem","position":3,"name":"Beach Sage"}]},{"@type":"WebSite","@id":"https:\/\/makazek.com\/#website","url":"https:\/\/makazek.com\/","name":"Makazek","description":"Naturalne \u015awiece Zapachowe","potentialAction":[{"@type":"SearchAction","target":{"@type":"EntryPoint","urlTemplate":"https:\/\/makazek.com\/?s={search_term_string}"},"query-input":{"@type":"PropertyValueSpecification","valueRequired":true,"valueName":"search_term_string"}}],"inLanguage":"en-GB"}]}},"_links":{"self":[{"href":"https:\/\/makazek.com\/en\/wp-json\/wp\/v2\/product\/9640","targetHints":{"allow":["GET"]}}],"collection":[{"href":"https:\/\/makazek.com\/en\/wp-json\/wp\/v2\/product"}],"about":[{"href":"https:\/\/makazek.com\/en\/wp-json\/wp\/v2\/types\/product"}],"replies":[{"embeddable":true,"href":"https:\/\/makazek.com\/en\/wp-json\/wp\/v2\/comments?post=9640"}],"wp:featuredmedia":[{"embeddable":true,"href":"https:\/\/makazek.com\/en\/wp-json\/wp\/v2\/media\/10698"}],"wp:attachment":[{"href":"https:\/\/makazek.com\/en\/wp-json\/wp\/v2\/media?parent=9640"}],"wp:term":[{"taxonomy":"product_brand","embeddable":true,"href":"https:\/\/makazek.com\/en\/wp-json\/wp\/v2\/product_brand?post=9640"},{"taxonomy":"product_cat","embeddable":true,"href":"https:\/\/makazek.com\/en\/wp-json\/wp\/v2\/product_cat?post=9640"},{"taxonomy":"product_tag","embeddable":true,"href":"https:\/\/makazek.com\/en\/wp-json\/wp\/v2\/product_tag?post=9640"}],"curies":[{"name":"wp","href":"https:\/\/api.w.org\/{rel}","templated":true}]}}