{"id":9714,"date":"2025-04-27T19:07:39","date_gmt":"2025-04-27T17:07:39","guid":{"rendered":"https:\/\/makazek.com\/?post_type=product&#038;p=9714"},"modified":"2026-04-09T10:33:49","modified_gmt":"2026-04-09T08:33:49","slug":"ceramika-raz-w-tygodniu","status":"publish","type":"product","link":"https:\/\/makazek.com\/en\/sklep\/ceramika-raz-w-tygodniu\/","title":{"rendered":"Ceramika raz w tygodniu"},"content":{"rendered":"","protected":true},"excerpt":{"rendered":"","protected":true},"featured_media":9715,"comment_status":"open","ping_status":"closed","template":"","meta":[],"product_brand":[],"product_cat":[92],"product_tag":[],"class_list":{"0":"post-9714","1":"product","2":"type-product","3":"status-publish","4":"post-password-required","6":"product_cat-ceramics","8":"first","9":"instock","10":"shipping-taxable","11":"purchasable","12":"product-type-simple","13":"add-to-wishlist-after_add_to_cart"},"yoast_head":"<!-- This site is optimized with the Yoast SEO plugin v27.4 - https:\/\/yoast.com\/product\/yoast-seo-wordpress\/ -->\n<title>Ceramika raz w tygodniu - Makazek<\/title>\n<meta name=\"description\" content=\"Je\u015bli zg\u0142\u0119bili\u015bcie nasz program basic i poczuli\u015bcie ceramiczny g\u0142\u00f3d, proponujemy miesi\u0119czny karnet dla zaawansowanych, kt\u00f3rzy chc\u0105 poluzowa\u0107 lejce fantazji!\" \/>\n<meta name=\"robots\" content=\"index, follow, max-snippet:-1, max-image-preview:large, max-video-preview:-1\" \/>\n<link rel=\"canonical\" href=\"https:\/\/makazek.com\/en\/sklep\/ceramika-raz-w-tygodniu\/\" \/>\n<meta property=\"og:locale\" content=\"en_GB\" \/>\n<meta property=\"og:type\" content=\"article\" \/>\n<meta property=\"og:title\" content=\"Ceramika raz w tygodniu - Makazek\" \/>\n<meta property=\"og:description\" content=\"Je\u015bli zg\u0142\u0119bili\u015bcie nasz program basic i poczuli\u015bcie ceramiczny g\u0142\u00f3d, proponujemy miesi\u0119czny karnet dla zaawansowanych, kt\u00f3rzy chc\u0105 poluzowa\u0107 lejce fantazji!\" \/>\n<meta property=\"og:url\" content=\"https:\/\/makazek.com\/en\/sklep\/ceramika-raz-w-tygodniu\/\" \/>\n<meta property=\"og:site_name\" content=\"Makazek\" \/>\n<meta property=\"article:modified_time\" content=\"2026-04-09T08:33:49+00:00\" \/>\n<meta name=\"twitter:card\" content=\"summary_large_image\" \/>\n<meta name=\"twitter:label1\" content=\"Estimated reading time\" \/>\n\t<meta name=\"twitter:data1\" content=\"1 minute\" \/>\n<script type=\"application\/ld+json\" class=\"yoast-schema-graph\">{\"@context\":\"https:\\\/\\\/schema.org\",\"@graph\":[{\"@type\":\"WebPage\",\"@id\":\"https:\\\/\\\/makazek.com\\\/sklep\\\/ceramika-raz-w-tygodniu\\\/\",\"url\":\"https:\\\/\\\/makazek.com\\\/sklep\\\/ceramika-raz-w-tygodniu\\\/\",\"name\":\"Ceramika raz w tygodniu - Makazek\",\"isPartOf\":{\"@id\":\"https:\\\/\\\/makazek.com\\\/#website\"},\"datePublished\":\"2025-04-27T17:07:39+00:00\",\"dateModified\":\"2026-04-09T08:33:49+00:00\",\"breadcrumb\":{\"@id\":\"https:\\\/\\\/makazek.com\\\/sklep\\\/ceramika-raz-w-tygodniu\\\/#breadcrumb\"},\"inLanguage\":\"en-GB\"},{\"@type\":\"WebSite\",\"@id\":\"https:\\\/\\\/makazek.com\\\/#website\",\"url\":\"https:\\\/\\\/makazek.com\\\/\",\"name\":\"Makazek\",\"description\":\"Naturalne \u015awiece Zapachowe\",\"potentialAction\":[{\"@type\":\"SearchAction\",\"target\":{\"@type\":\"EntryPoint\",\"urlTemplate\":\"https:\\\/\\\/makazek.com\\\/?s={search_term_string}\"},\"query-input\":{\"@type\":\"PropertyValueSpecification\",\"valueRequired\":true,\"valueName\":\"search_term_string\"}}],\"inLanguage\":\"en-GB\"}]}<\/script>\n<!-- \/ Yoast SEO plugin. -->","yoast_head_json":{"title":"Ceramika raz w tygodniu - Makazek","description":"Je\u015bli zg\u0142\u0119bili\u015bcie nasz program basic i poczuli\u015bcie ceramiczny g\u0142\u00f3d, proponujemy miesi\u0119czny karnet dla zaawansowanych, kt\u00f3rzy chc\u0105 poluzowa\u0107 lejce fantazji!","robots":{"index":"index","follow":"follow","max-snippet":"max-snippet:-1","max-image-preview":"max-image-preview:large","max-video-preview":"max-video-preview:-1"},"canonical":"https:\/\/makazek.com\/en\/sklep\/ceramika-raz-w-tygodniu\/","og_locale":"en_GB","og_type":"article","og_title":"Ceramika raz w tygodniu - Makazek","og_description":"Je\u015bli zg\u0142\u0119bili\u015bcie nasz program basic i poczuli\u015bcie ceramiczny g\u0142\u00f3d, proponujemy miesi\u0119czny karnet dla zaawansowanych, kt\u00f3rzy chc\u0105 poluzowa\u0107 lejce fantazji!","og_url":"https:\/\/makazek.com\/en\/sklep\/ceramika-raz-w-tygodniu\/","og_site_name":"Makazek","article_modified_time":"2026-04-09T08:33:49+00:00","twitter_card":"summary_large_image","twitter_misc":{"Estimated reading time":"1 minute"},"schema":{"@context":"https:\/\/schema.org","@graph":[{"@type":"WebPage","@id":"https:\/\/makazek.com\/sklep\/ceramika-raz-w-tygodniu\/","url":"https:\/\/makazek.com\/sklep\/ceramika-raz-w-tygodniu\/","name":"Ceramika raz w tygodniu - Makazek","isPartOf":{"@id":"https:\/\/makazek.com\/#website"},"datePublished":"2025-04-27T17:07:39+00:00","dateModified":"2026-04-09T08:33:49+00:00","breadcrumb":{"@id":"https:\/\/makazek.com\/sklep\/ceramika-raz-w-tygodniu\/#breadcrumb"},"inLanguage":"en-GB"},{"@type":"WebSite","@id":"https:\/\/makazek.com\/#website","url":"https:\/\/makazek.com\/","name":"Makazek","description":"Naturalne \u015awiece Zapachowe","potentialAction":[{"@type":"SearchAction","target":{"@type":"EntryPoint","urlTemplate":"https:\/\/makazek.com\/?s={search_term_string}"},"query-input":{"@type":"PropertyValueSpecification","valueRequired":true,"valueName":"search_term_string"}}],"inLanguage":"en-GB"}]}},"_links":{"self":[{"href":"https:\/\/makazek.com\/en\/wp-json\/wp\/v2\/product\/9714","targetHints":{"allow":["GET"]}}],"collection":[{"href":"https:\/\/makazek.com\/en\/wp-json\/wp\/v2\/product"}],"about":[{"href":"https:\/\/makazek.com\/en\/wp-json\/wp\/v2\/types\/product"}],"replies":[{"embeddable":true,"href":"https:\/\/makazek.com\/en\/wp-json\/wp\/v2\/comments?post=9714"}],"wp:featuredmedia":[{"embeddable":true,"href":"https:\/\/makazek.com\/en\/wp-json\/wp\/v2\/media\/9715"}],"wp:attachment":[{"href":"https:\/\/makazek.com\/en\/wp-json\/wp\/v2\/media?parent=9714"}],"wp:term":[{"taxonomy":"product_brand","embeddable":true,"href":"https:\/\/makazek.com\/en\/wp-json\/wp\/v2\/product_brand?post=9714"},{"taxonomy":"product_cat","embeddable":true,"href":"https:\/\/makazek.com\/en\/wp-json\/wp\/v2\/product_cat?post=9714"},{"taxonomy":"product_tag","embeddable":true,"href":"https:\/\/makazek.com\/en\/wp-json\/wp\/v2\/product_tag?post=9714"}],"curies":[{"name":"wp","href":"https:\/\/api.w.org\/{rel}","templated":true}]}}