{"id":9941,"date":"2025-07-09T08:43:23","date_gmt":"2025-07-09T06:43:23","guid":{"rendered":"https:\/\/makazek.com\/?post_type=product&#038;p=9941"},"modified":"2026-04-17T14:17:41","modified_gmt":"2026-04-17T12:17:41","slug":"perfumery-workshops","status":"publish","type":"product","link":"https:\/\/makazek.com\/en\/sklep\/perfumery-workshops\/","title":{"rendered":"Pachn\u0105cy Dy\u017cur"},"content":{"rendered":"","protected":false},"excerpt":{"rendered":"<p>Pachn\u0105cy Dy\u017cur, czyli nasz autorski cykl spotka\u0144 po\u015bwi\u0119conych przede wszystkim stworzeniu zapachu dla siebie.<\/p>\n<p>Warsztaty trwaj\u0105 godzin\u0119. Do Waszej dyspozycji s\u0105 prawie wszystkie oleje dost\u0119pne w pracowni.<br \/>\nZapachy kadzide\u0142, benzyny, czy piwnicy s\u0105 nam bliskie, dlatego regularnie sprowadzamy ameryka\u0144ski specja\u0142y, by trafi\u0107 w nawet najbardziej hardcorowe gusta \ud83d\ude09 Ale spokojnie! Mamy te\u017c ogromn\u0105 kolekcj\u0119 klasyk\u00f3w i l\u017cejszych nut.<\/p>\n<p>W trakcie warsztat\u00f3w korzystamy z wysokiej jako\u015bci alkoholu perfumeryjnego, ale opowiadamy te\u017c o innych no\u015bnikach.<\/p>\n<p>Ka\u017cdy uczestnik\/uczestniczka ko\u0144czy warsztat z mgie\u0142k\u0105 o pojemno\u015bci 30 ml oraz wiedz\u0105 jak tworzy\u0107 perfumy w warunkach domowych.<\/p>\n<p>&nbsp;<\/p>\n<p>Smolna 14, Warszawa<\/p>","protected":false},"featured_media":10927,"comment_status":"open","ping_status":"closed","template":"","meta":[],"product_brand":[],"product_cat":[79,115],"product_tag":[],"class_list":{"0":"post-9941","1":"product","2":"type-product","3":"status-publish","4":"has-post-thumbnail","6":"product_cat-warsztaty","7":"product_cat-warsztaty-zapachowe","9":"first","10":"instock","11":"shipping-taxable","12":"purchasable","13":"product-type-variable","14":"add-to-wishlist-after_add_to_cart"},"yoast_head":"<!-- This site is optimized with the Yoast SEO plugin v27.4 - https:\/\/yoast.com\/product\/yoast-seo-wordpress\/ -->\n<title>Pachn\u0105cy Dy\u017cur - Makazek<\/title>\n<meta name=\"description\" content=\"Pachn\u0105cy Dy\u017cur, czyli nasz autorski cykl spotka\u0144 po\u015bwi\u0119conych przede wszystkim stworzeniu zapachu dla siebie. Smolna 14, Warszawa\" \/>\n<meta name=\"robots\" content=\"index, follow, max-snippet:-1, max-image-preview:large, max-video-preview:-1\" \/>\n<link rel=\"canonical\" href=\"https:\/\/makazek.com\/en\/sklep\/perfumery-workshops\/\" \/>\n<meta property=\"og:locale\" content=\"en_GB\" \/>\n<meta property=\"og:type\" content=\"article\" \/>\n<meta property=\"og:title\" content=\"Pachn\u0105cy Dy\u017cur - Makazek\" \/>\n<meta property=\"og:description\" content=\"Pachn\u0105cy Dy\u017cur, czyli nasz autorski cykl spotka\u0144 po\u015bwi\u0119conych przede wszystkim stworzeniu zapachu dla siebie. Smolna 14, Warszawa\" \/>\n<meta property=\"og:url\" content=\"https:\/\/makazek.com\/en\/sklep\/perfumery-workshops\/\" \/>\n<meta property=\"og:site_name\" content=\"Makazek\" \/>\n<meta property=\"article:modified_time\" content=\"2026-04-17T12:17:41+00:00\" \/>\n<meta property=\"og:image\" content=\"https:\/\/makazek.com\/wp-content\/uploads\/2026\/04\/perfumy.jpg\" \/>\n\t<meta property=\"og:image:width\" content=\"2423\" \/>\n\t<meta property=\"og:image:height\" content=\"2481\" \/>\n\t<meta property=\"og:image:type\" content=\"image\/jpeg\" \/>\n<meta name=\"twitter:card\" content=\"summary_large_image\" \/>\n<meta name=\"twitter:label1\" content=\"Estimated reading time\" \/>\n\t<meta name=\"twitter:data1\" content=\"1 minute\" \/>\n<script type=\"application\/ld+json\" class=\"yoast-schema-graph\">{\"@context\":\"https:\\\/\\\/schema.org\",\"@graph\":[{\"@type\":\"WebPage\",\"@id\":\"https:\\\/\\\/makazek.com\\\/sklep\\\/perfumery-workshops\\\/\",\"url\":\"https:\\\/\\\/makazek.com\\\/sklep\\\/perfumery-workshops\\\/\",\"name\":\"Pachn\u0105cy Dy\u017cur - Makazek\",\"isPartOf\":{\"@id\":\"https:\\\/\\\/makazek.com\\\/#website\"},\"primaryImageOfPage\":{\"@id\":\"https:\\\/\\\/makazek.com\\\/sklep\\\/perfumery-workshops\\\/#primaryimage\"},\"image\":{\"@id\":\"https:\\\/\\\/makazek.com\\\/sklep\\\/perfumery-workshops\\\/#primaryimage\"},\"thumbnailUrl\":\"https:\\\/\\\/makazek.com\\\/wp-content\\\/uploads\\\/2026\\\/04\\\/perfumy.jpg\",\"datePublished\":\"2025-07-09T06:43:23+00:00\",\"dateModified\":\"2026-04-17T12:17:41+00:00\",\"description\":\"Pachn\u0105cy Dy\u017cur, czyli nasz autorski cykl spotka\u0144 po\u015bwi\u0119conych przede wszystkim stworzeniu zapachu dla siebie. Smolna 14, Warszawa\",\"breadcrumb\":{\"@id\":\"https:\\\/\\\/makazek.com\\\/sklep\\\/perfumery-workshops\\\/#breadcrumb\"},\"inLanguage\":\"en-GB\",\"potentialAction\":[{\"@type\":\"ReadAction\",\"target\":[\"https:\\\/\\\/makazek.com\\\/sklep\\\/perfumery-workshops\\\/\"]}]},{\"@type\":\"ImageObject\",\"inLanguage\":\"en-GB\",\"@id\":\"https:\\\/\\\/makazek.com\\\/sklep\\\/perfumery-workshops\\\/#primaryimage\",\"url\":\"https:\\\/\\\/makazek.com\\\/wp-content\\\/uploads\\\/2026\\\/04\\\/perfumy.jpg\",\"contentUrl\":\"https:\\\/\\\/makazek.com\\\/wp-content\\\/uploads\\\/2026\\\/04\\\/perfumy.jpg\",\"width\":2423,\"height\":2481},{\"@type\":\"BreadcrumbList\",\"@id\":\"https:\\\/\\\/makazek.com\\\/sklep\\\/perfumery-workshops\\\/#breadcrumb\",\"itemListElement\":[{\"@type\":\"ListItem\",\"position\":1,\"name\":\"Strona g\u0142\u00f3wna\",\"item\":\"https:\\\/\\\/makazek.com\\\/\"},{\"@type\":\"ListItem\",\"position\":2,\"name\":\"Produkty\",\"item\":\"https:\\\/\\\/makazek.com\\\/shop\\\/\"},{\"@type\":\"ListItem\",\"position\":3,\"name\":\"Pachn\u0105cy Dy\u017cur\"}]},{\"@type\":\"WebSite\",\"@id\":\"https:\\\/\\\/makazek.com\\\/#website\",\"url\":\"https:\\\/\\\/makazek.com\\\/\",\"name\":\"Makazek\",\"description\":\"Naturalne \u015awiece Zapachowe\",\"potentialAction\":[{\"@type\":\"SearchAction\",\"target\":{\"@type\":\"EntryPoint\",\"urlTemplate\":\"https:\\\/\\\/makazek.com\\\/?s={search_term_string}\"},\"query-input\":{\"@type\":\"PropertyValueSpecification\",\"valueRequired\":true,\"valueName\":\"search_term_string\"}}],\"inLanguage\":\"en-GB\"}]}<\/script>\n<!-- \/ Yoast SEO plugin. -->","yoast_head_json":{"title":"Pachn\u0105cy Dy\u017cur - Makazek","description":"Pachn\u0105cy Dy\u017cur, czyli nasz autorski cykl spotka\u0144 po\u015bwi\u0119conych przede wszystkim stworzeniu zapachu dla siebie. Smolna 14, Warszawa","robots":{"index":"index","follow":"follow","max-snippet":"max-snippet:-1","max-image-preview":"max-image-preview:large","max-video-preview":"max-video-preview:-1"},"canonical":"https:\/\/makazek.com\/en\/sklep\/perfumery-workshops\/","og_locale":"en_GB","og_type":"article","og_title":"Pachn\u0105cy Dy\u017cur - Makazek","og_description":"Pachn\u0105cy Dy\u017cur, czyli nasz autorski cykl spotka\u0144 po\u015bwi\u0119conych przede wszystkim stworzeniu zapachu dla siebie. Smolna 14, Warszawa","og_url":"https:\/\/makazek.com\/en\/sklep\/perfumery-workshops\/","og_site_name":"Makazek","article_modified_time":"2026-04-17T12:17:41+00:00","og_image":[{"width":2423,"height":2481,"url":"https:\/\/makazek.com\/wp-content\/uploads\/2026\/04\/perfumy.jpg","type":"image\/jpeg"}],"twitter_card":"summary_large_image","twitter_misc":{"Estimated reading time":"1 minute"},"schema":{"@context":"https:\/\/schema.org","@graph":[{"@type":"WebPage","@id":"https:\/\/makazek.com\/sklep\/perfumery-workshops\/","url":"https:\/\/makazek.com\/sklep\/perfumery-workshops\/","name":"Pachn\u0105cy Dy\u017cur - Makazek","isPartOf":{"@id":"https:\/\/makazek.com\/#website"},"primaryImageOfPage":{"@id":"https:\/\/makazek.com\/sklep\/perfumery-workshops\/#primaryimage"},"image":{"@id":"https:\/\/makazek.com\/sklep\/perfumery-workshops\/#primaryimage"},"thumbnailUrl":"https:\/\/makazek.com\/wp-content\/uploads\/2026\/04\/perfumy.jpg","datePublished":"2025-07-09T06:43:23+00:00","dateModified":"2026-04-17T12:17:41+00:00","description":"Pachn\u0105cy Dy\u017cur, czyli nasz autorski cykl spotka\u0144 po\u015bwi\u0119conych przede wszystkim stworzeniu zapachu dla siebie. Smolna 14, Warszawa","breadcrumb":{"@id":"https:\/\/makazek.com\/sklep\/perfumery-workshops\/#breadcrumb"},"inLanguage":"en-GB","potentialAction":[{"@type":"ReadAction","target":["https:\/\/makazek.com\/sklep\/perfumery-workshops\/"]}]},{"@type":"ImageObject","inLanguage":"en-GB","@id":"https:\/\/makazek.com\/sklep\/perfumery-workshops\/#primaryimage","url":"https:\/\/makazek.com\/wp-content\/uploads\/2026\/04\/perfumy.jpg","contentUrl":"https:\/\/makazek.com\/wp-content\/uploads\/2026\/04\/perfumy.jpg","width":2423,"height":2481},{"@type":"BreadcrumbList","@id":"https:\/\/makazek.com\/sklep\/perfumery-workshops\/#breadcrumb","itemListElement":[{"@type":"ListItem","position":1,"name":"Strona g\u0142\u00f3wna","item":"https:\/\/makazek.com\/"},{"@type":"ListItem","position":2,"name":"Produkty","item":"https:\/\/makazek.com\/shop\/"},{"@type":"ListItem","position":3,"name":"Pachn\u0105cy Dy\u017cur"}]},{"@type":"WebSite","@id":"https:\/\/makazek.com\/#website","url":"https:\/\/makazek.com\/","name":"Makazek","description":"Naturalne \u015awiece Zapachowe","potentialAction":[{"@type":"SearchAction","target":{"@type":"EntryPoint","urlTemplate":"https:\/\/makazek.com\/?s={search_term_string}"},"query-input":{"@type":"PropertyValueSpecification","valueRequired":true,"valueName":"search_term_string"}}],"inLanguage":"en-GB"}]}},"_links":{"self":[{"href":"https:\/\/makazek.com\/en\/wp-json\/wp\/v2\/product\/9941","targetHints":{"allow":["GET"]}}],"collection":[{"href":"https:\/\/makazek.com\/en\/wp-json\/wp\/v2\/product"}],"about":[{"href":"https:\/\/makazek.com\/en\/wp-json\/wp\/v2\/types\/product"}],"replies":[{"embeddable":true,"href":"https:\/\/makazek.com\/en\/wp-json\/wp\/v2\/comments?post=9941"}],"wp:featuredmedia":[{"embeddable":true,"href":"https:\/\/makazek.com\/en\/wp-json\/wp\/v2\/media\/10927"}],"wp:attachment":[{"href":"https:\/\/makazek.com\/en\/wp-json\/wp\/v2\/media?parent=9941"}],"wp:term":[{"taxonomy":"product_brand","embeddable":true,"href":"https:\/\/makazek.com\/en\/wp-json\/wp\/v2\/product_brand?post=9941"},{"taxonomy":"product_cat","embeddable":true,"href":"https:\/\/makazek.com\/en\/wp-json\/wp\/v2\/product_cat?post=9941"},{"taxonomy":"product_tag","embeddable":true,"href":"https:\/\/makazek.com\/en\/wp-json\/wp\/v2\/product_tag?post=9941"}],"curies":[{"name":"wp","href":"https:\/\/api.w.org\/{rel}","templated":true}]}}