{"id":9950,"date":"2025-07-11T15:08:50","date_gmt":"2025-07-11T13:08:50","guid":{"rendered":"https:\/\/makazek.com\/?post_type=product&#038;p=9950"},"modified":"2026-02-01T08:44:03","modified_gmt":"2026-02-01T07:44:03","slug":"wazony","status":"publish","type":"product","link":"https:\/\/makazek.com\/en\/sklep\/wazony\/","title":{"rendered":"WAZONY"},"content":{"rendered":"","protected":false},"excerpt":{"rendered":"<p><strong>Wazon, jaki jest, ka\u017cdy widzi<\/strong><\/p>\n<p>Stabilny. Elegancki. Lepiony r\u0119cznie<\/p>\n<p><strong>Wymiary:<\/strong><br \/>\nWysoko\u015b\u0107: ok. 19 cm<br \/>\n\u015arednica na dole: ok. 13 cm<br \/>\n\u015arednica na g\u00f3rze: ok. 6,5 cm<\/p>\n<p>Ka\u017cdy wazon powstaje r\u0119cznie w naszej pracowni na Smolnej 14.<br \/>\nMo\u017ce si\u0119 minimalnie r\u00f3\u017cni\u0107 kszta\u0142tem\/wzorem od tego na zdj\u0119ciu.<\/p>\n<p>Mo\u017cna my\u0107 w zmywarce.<\/p>","protected":false},"featured_media":9964,"comment_status":"open","ping_status":"closed","template":"","meta":[],"product_brand":[],"product_cat":[92],"product_tag":[],"class_list":{"0":"post-9950","1":"product","2":"type-product","3":"status-publish","4":"has-post-thumbnail","6":"product_cat-ceramics","8":"first","9":"instock","10":"shipping-taxable","11":"purchasable","12":"product-type-variable","13":"add-to-wishlist-after_add_to_cart"},"yoast_head":"<!-- This site is optimized with the Yoast SEO plugin v27.4 - https:\/\/yoast.com\/product\/yoast-seo-wordpress\/ -->\n<title>WAZONY - Makazek<\/title>\n<meta name=\"description\" content=\"Wazon, jaki jest, ka\u017cdy widziStabilny. Elegancki. Lepiony r\u0119cznieWymiary:Wysoko\u015b\u0107: ok. 19 cm\u015arednica na dole: ok. 13 cm\u00a0\u015arednica na g\u00f3rze: ok. 6,5 cm\u00a0\" \/>\n<meta name=\"robots\" content=\"index, follow, max-snippet:-1, max-image-preview:large, max-video-preview:-1\" \/>\n<link rel=\"canonical\" href=\"https:\/\/makazek.com\/en\/sklep\/wazony\/\" \/>\n<meta property=\"og:locale\" content=\"en_GB\" \/>\n<meta property=\"og:type\" content=\"article\" \/>\n<meta property=\"og:title\" content=\"WAZONY - Makazek\" \/>\n<meta property=\"og:description\" content=\"Wazon, jaki jest, ka\u017cdy widziStabilny. Elegancki. Lepiony r\u0119cznieWymiary:Wysoko\u015b\u0107: ok. 19 cm\u015arednica na dole: ok. 13 cm\u00a0\u015arednica na g\u00f3rze: ok. 6,5 cm\u00a0\" \/>\n<meta property=\"og:url\" content=\"https:\/\/makazek.com\/en\/sklep\/wazony\/\" \/>\n<meta property=\"og:site_name\" content=\"Makazek\" \/>\n<meta property=\"article:modified_time\" content=\"2026-02-01T07:44:03+00:00\" \/>\n<meta property=\"og:image\" content=\"https:\/\/makazek.com\/wp-content\/uploads\/2025\/07\/WAZONY-SMALL-1-1-scaled.jpg\" \/>\n\t<meta property=\"og:image:width\" content=\"2560\" \/>\n\t<meta property=\"og:image:height\" content=\"2560\" \/>\n\t<meta property=\"og:image:type\" content=\"image\/jpeg\" \/>\n<meta name=\"twitter:card\" content=\"summary_large_image\" \/>\n<meta name=\"twitter:label1\" content=\"Estimated reading time\" \/>\n\t<meta name=\"twitter:data1\" content=\"1 minute\" \/>\n<script type=\"application\/ld+json\" class=\"yoast-schema-graph\">{\"@context\":\"https:\\\/\\\/schema.org\",\"@graph\":[{\"@type\":\"WebPage\",\"@id\":\"https:\\\/\\\/makazek.com\\\/sklep\\\/wazony\\\/\",\"url\":\"https:\\\/\\\/makazek.com\\\/sklep\\\/wazony\\\/\",\"name\":\"WAZONY - Makazek\",\"isPartOf\":{\"@id\":\"https:\\\/\\\/makazek.com\\\/#website\"},\"primaryImageOfPage\":{\"@id\":\"https:\\\/\\\/makazek.com\\\/sklep\\\/wazony\\\/#primaryimage\"},\"image\":{\"@id\":\"https:\\\/\\\/makazek.com\\\/sklep\\\/wazony\\\/#primaryimage\"},\"thumbnailUrl\":\"https:\\\/\\\/makazek.com\\\/wp-content\\\/uploads\\\/2025\\\/07\\\/WAZONY-SMALL-1-1-scaled.jpg\",\"datePublished\":\"2025-07-11T13:08:50+00:00\",\"dateModified\":\"2026-02-01T07:44:03+00:00\",\"description\":\"Wazon, jaki jest, ka\u017cdy widziStabilny. Elegancki. Lepiony r\u0119cznieWymiary:Wysoko\u015b\u0107: ok. 19 cm\u015arednica na dole: ok. 13 cm\u00a0\u015arednica na g\u00f3rze: ok. 6,5 cm\u00a0\",\"breadcrumb\":{\"@id\":\"https:\\\/\\\/makazek.com\\\/sklep\\\/wazony\\\/#breadcrumb\"},\"inLanguage\":\"en-GB\",\"potentialAction\":[{\"@type\":\"ReadAction\",\"target\":[\"https:\\\/\\\/makazek.com\\\/sklep\\\/wazony\\\/\"]}]},{\"@type\":\"ImageObject\",\"inLanguage\":\"en-GB\",\"@id\":\"https:\\\/\\\/makazek.com\\\/sklep\\\/wazony\\\/#primaryimage\",\"url\":\"https:\\\/\\\/makazek.com\\\/wp-content\\\/uploads\\\/2025\\\/07\\\/WAZONY-SMALL-1-1-scaled.jpg\",\"contentUrl\":\"https:\\\/\\\/makazek.com\\\/wp-content\\\/uploads\\\/2025\\\/07\\\/WAZONY-SMALL-1-1-scaled.jpg\",\"width\":2560,\"height\":2560},{\"@type\":\"BreadcrumbList\",\"@id\":\"https:\\\/\\\/makazek.com\\\/sklep\\\/wazony\\\/#breadcrumb\",\"itemListElement\":[{\"@type\":\"ListItem\",\"position\":1,\"name\":\"Strona g\u0142\u00f3wna\",\"item\":\"https:\\\/\\\/makazek.com\\\/\"},{\"@type\":\"ListItem\",\"position\":2,\"name\":\"Produkty\",\"item\":\"https:\\\/\\\/makazek.com\\\/shop\\\/\"},{\"@type\":\"ListItem\",\"position\":3,\"name\":\"WAZONY\"}]},{\"@type\":\"WebSite\",\"@id\":\"https:\\\/\\\/makazek.com\\\/#website\",\"url\":\"https:\\\/\\\/makazek.com\\\/\",\"name\":\"Makazek\",\"description\":\"Naturalne \u015awiece Zapachowe\",\"potentialAction\":[{\"@type\":\"SearchAction\",\"target\":{\"@type\":\"EntryPoint\",\"urlTemplate\":\"https:\\\/\\\/makazek.com\\\/?s={search_term_string}\"},\"query-input\":{\"@type\":\"PropertyValueSpecification\",\"valueRequired\":true,\"valueName\":\"search_term_string\"}}],\"inLanguage\":\"en-GB\"}]}<\/script>\n<!-- \/ Yoast SEO plugin. -->","yoast_head_json":{"title":"WAZONY - Makazek","description":"Wazon, jaki jest, ka\u017cdy widziStabilny. Elegancki. Lepiony r\u0119cznieWymiary:Wysoko\u015b\u0107: ok. 19 cm\u015arednica na dole: ok. 13 cm\u00a0\u015arednica na g\u00f3rze: ok. 6,5 cm\u00a0","robots":{"index":"index","follow":"follow","max-snippet":"max-snippet:-1","max-image-preview":"max-image-preview:large","max-video-preview":"max-video-preview:-1"},"canonical":"https:\/\/makazek.com\/en\/sklep\/wazony\/","og_locale":"en_GB","og_type":"article","og_title":"WAZONY - Makazek","og_description":"Wazon, jaki jest, ka\u017cdy widziStabilny. Elegancki. Lepiony r\u0119cznieWymiary:Wysoko\u015b\u0107: ok. 19 cm\u015arednica na dole: ok. 13 cm\u00a0\u015arednica na g\u00f3rze: ok. 6,5 cm\u00a0","og_url":"https:\/\/makazek.com\/en\/sklep\/wazony\/","og_site_name":"Makazek","article_modified_time":"2026-02-01T07:44:03+00:00","og_image":[{"width":2560,"height":2560,"url":"https:\/\/makazek.com\/wp-content\/uploads\/2025\/07\/WAZONY-SMALL-1-1-scaled.jpg","type":"image\/jpeg"}],"twitter_card":"summary_large_image","twitter_misc":{"Estimated reading time":"1 minute"},"schema":{"@context":"https:\/\/schema.org","@graph":[{"@type":"WebPage","@id":"https:\/\/makazek.com\/sklep\/wazony\/","url":"https:\/\/makazek.com\/sklep\/wazony\/","name":"WAZONY - Makazek","isPartOf":{"@id":"https:\/\/makazek.com\/#website"},"primaryImageOfPage":{"@id":"https:\/\/makazek.com\/sklep\/wazony\/#primaryimage"},"image":{"@id":"https:\/\/makazek.com\/sklep\/wazony\/#primaryimage"},"thumbnailUrl":"https:\/\/makazek.com\/wp-content\/uploads\/2025\/07\/WAZONY-SMALL-1-1-scaled.jpg","datePublished":"2025-07-11T13:08:50+00:00","dateModified":"2026-02-01T07:44:03+00:00","description":"Wazon, jaki jest, ka\u017cdy widziStabilny. Elegancki. Lepiony r\u0119cznieWymiary:Wysoko\u015b\u0107: ok. 19 cm\u015arednica na dole: ok. 13 cm\u00a0\u015arednica na g\u00f3rze: ok. 6,5 cm\u00a0","breadcrumb":{"@id":"https:\/\/makazek.com\/sklep\/wazony\/#breadcrumb"},"inLanguage":"en-GB","potentialAction":[{"@type":"ReadAction","target":["https:\/\/makazek.com\/sklep\/wazony\/"]}]},{"@type":"ImageObject","inLanguage":"en-GB","@id":"https:\/\/makazek.com\/sklep\/wazony\/#primaryimage","url":"https:\/\/makazek.com\/wp-content\/uploads\/2025\/07\/WAZONY-SMALL-1-1-scaled.jpg","contentUrl":"https:\/\/makazek.com\/wp-content\/uploads\/2025\/07\/WAZONY-SMALL-1-1-scaled.jpg","width":2560,"height":2560},{"@type":"BreadcrumbList","@id":"https:\/\/makazek.com\/sklep\/wazony\/#breadcrumb","itemListElement":[{"@type":"ListItem","position":1,"name":"Strona g\u0142\u00f3wna","item":"https:\/\/makazek.com\/"},{"@type":"ListItem","position":2,"name":"Produkty","item":"https:\/\/makazek.com\/shop\/"},{"@type":"ListItem","position":3,"name":"WAZONY"}]},{"@type":"WebSite","@id":"https:\/\/makazek.com\/#website","url":"https:\/\/makazek.com\/","name":"Makazek","description":"Naturalne \u015awiece Zapachowe","potentialAction":[{"@type":"SearchAction","target":{"@type":"EntryPoint","urlTemplate":"https:\/\/makazek.com\/?s={search_term_string}"},"query-input":{"@type":"PropertyValueSpecification","valueRequired":true,"valueName":"search_term_string"}}],"inLanguage":"en-GB"}]}},"_links":{"self":[{"href":"https:\/\/makazek.com\/en\/wp-json\/wp\/v2\/product\/9950","targetHints":{"allow":["GET"]}}],"collection":[{"href":"https:\/\/makazek.com\/en\/wp-json\/wp\/v2\/product"}],"about":[{"href":"https:\/\/makazek.com\/en\/wp-json\/wp\/v2\/types\/product"}],"replies":[{"embeddable":true,"href":"https:\/\/makazek.com\/en\/wp-json\/wp\/v2\/comments?post=9950"}],"wp:featuredmedia":[{"embeddable":true,"href":"https:\/\/makazek.com\/en\/wp-json\/wp\/v2\/media\/9964"}],"wp:attachment":[{"href":"https:\/\/makazek.com\/en\/wp-json\/wp\/v2\/media?parent=9950"}],"wp:term":[{"taxonomy":"product_brand","embeddable":true,"href":"https:\/\/makazek.com\/en\/wp-json\/wp\/v2\/product_brand?post=9950"},{"taxonomy":"product_cat","embeddable":true,"href":"https:\/\/makazek.com\/en\/wp-json\/wp\/v2\/product_cat?post=9950"},{"taxonomy":"product_tag","embeddable":true,"href":"https:\/\/makazek.com\/en\/wp-json\/wp\/v2\/product_tag?post=9950"}],"curies":[{"name":"wp","href":"https:\/\/api.w.org\/{rel}","templated":true}]}}